



{"id":933,"date":"2024-03-29T15:48:30","date_gmt":"2024-03-29T08:48:30","guid":{"rendered":"http:\/\/nhx.midolikit.com\/?post_type=product&#038;p=933"},"modified":"2024-07-10T09:41:12","modified_gmt":"2024-07-10T02:41:12","slug":"banh-dau-multi-peanut","status":"publish","type":"product","link":"https:\/\/nonghoaxanh.vn\/en\/san-pham\/banh-dau-multi-peanut\/","title":{"rendered":"B\u00c1NH D\u1ea6U (MULTI &#8211; PEANUT)"},"content":{"rendered":"<div><strong>TH\u00c0NH\u00a0\u00a0PH\u1ea6N\u00a0<\/strong><\/div>\n<div class=\"O0\">\n<table>\n<tbody>\n<tr>\n<td width=\"206\">\u0110\u1ea1m(Nts)<\/td>\n<td width=\"76\">4%<\/td>\n<\/tr>\n<tr>\n<td width=\"206\">L\u00e2n (P2O5hh)<\/td>\n<td width=\"76\">2,5%<\/td>\n<\/tr>\n<tr>\n<td width=\"206\">Kali (K2Ohh)<\/td>\n<td width=\"76\">3,5%<\/td>\n<\/tr>\n<tr>\n<td width=\"206\">Caxi\u00a0(Ca)<\/td>\n<td width=\"76\">120ppm<\/td>\n<\/tr>\n<tr>\n<td width=\"206\">Magi\u00ea(Mg)<\/td>\n<td width=\"76\">150 ppm<\/td>\n<\/tr>\n<tr>\n<td width=\"206\">S\u1eaft (Fe)<\/td>\n<td width=\"76\">600ppm<\/td>\n<\/tr>\n<tr>\n<td width=\"206\">Boron\u00a0(B)<\/td>\n<td width=\"76\">720\u00a0ppm<\/td>\n<\/tr>\n<tr>\n<td width=\"206\">Zinc\u00a0(Zn)<\/td>\n<td width=\"76\">500\u00a0ppm<\/td>\n<\/tr>\n<tr>\n<td width=\"206\">Copper\u00a0(Cu)<\/td>\n<td width=\"76\">250 ppm<\/td>\n<\/tr>\n<tr>\n<td width=\"206\">Mangan (Mn)<\/td>\n<td width=\"76\">200 ppm<\/td>\n<\/tr>\n<tr>\n<td width=\"206\">Ch\u1ea5t h\u1eefu c\u01a1<\/td>\n<td width=\"76\">5%<\/td>\n<\/tr>\n<\/tbody>\n<\/table>\n<\/div>\n<p><strong>\u0110\u1eb6C \u0110I\u1ec2M<\/strong><\/p>\n<ul>\n<li>\u00a0 \u00a0B\u00e1nh d\u1ea7u (b\u00e3 \u0111\u1eadu ph\u1ed9ng) l\u00e0\u00a0\u00a0ph\u1ee5 ph\u1ea9m\u00a0\u00a0sau khi \u00e9p \u0111\u1eadu ph\u1ed9ng \u0111\u1ec3 l\u1ea5y d\u1ea7u (d\u1ea7u ph\u1ed9ng).<\/li>\n<li>\u00a0 \u00a0B\u00e1nh d\u1ea7u c\u00f3 gi\u00e1 tr\u1ecb dinh d\u01b0\u1ee1ng r\u1ea5t cao, th\u01b0\u1eddng d\u00f9ng l\u00e0m th\u1ee9c \u0103n cho gia s\u1ee9c v\u00e0 gia c\u1ea7m.<\/li>\n<li>\u00a0 \u00a0B\u00e1nh d\u1ea7u c\u00f3 th\u1ec3 b\u00f3n tr\u1ef1c ti\u1ebfp cho c\u00e2y tr\u1ed3ng nh\u01b0 l\u00e0 lo\u1ea1i ph\u00e2n b\u00f3n nh\u1ea3 ch\u1eadm ho\u1eb7c \u1ee7 \u0111\u1ec3 b\u00f3n cho c\u00e2y.<\/li>\n<\/ul>\n<div><strong>C\u00d4NG D\u1ee4NG<\/strong><\/div>\n<div>\n<ul>\n<li>Ch\u1ebf ph\u1ea9m\u00a0\u00a0Multi Peanut \u0111\u01b0\u1ee3c chi\u1ebft xu\u1ea5t ho\u00e0n to\u00e0n t\u1eeb b\u00e3 \u0111\u1eadu ph\u1ed9ng qua qu\u00e1 tr\u00ecnh l\u00ean men vi sinh r\u1ea5t t\u1ed1t cho c\u00e2y tr\u1ed3ng v\u00e0 an to\u00e0n \u0111\u1ed1i v\u1edbi ng\u01b0\u1eddi s\u1eed d\u1ee5ng<\/li>\n<li>Cung c\u1ea5p \u0111\u1ea7y \u0111\u1ee7 ch\u1ea5t dinh d\u01b0\u1ee1ng: \u0111a, trung vi l\u01b0\u1ee3ng v\u00e0 ngu\u1ed3n h\u1eefu c\u01a1 t\u1ef1 nhi\u00ean, axit amin cho c\u00e2y tr\u1ed3ng\u00a0\u00a0th\u00fac \u0111\u1ea9y sinh tr\u01b0\u1edfng, ph\u00e1t tri\u1ec3n c\u1ee7a c\u00e2y.<\/li>\n<li>K\u00edch th\u00edch ra r\u1ec5, bung \u0111\u1ecdt, n\u1ea9y ch\u1ed3i m\u1ea1nh, hoa nhi\u1ec1u, gi\u1ea3m r\u1ee5ng qu\u1ea3 non.<\/li>\n<li>Qu\u1ea3 l\u1edbn nhanh, m\u00e0u s\u1eafc \u0111\u1eb9p<\/li>\n<li>T\u0103ng kh\u1ea3 n\u0103ng ch\u1ed1ng ch\u1ecbu v\u1edbi th\u1eddi ti\u1ebft b\u1ea5t l\u1ee3i.<\/li>\n<li>T\u0103ng n\u0103ng su\u1ea5t, ch\u1ea5t l\u01b0\u1ee3ng n\u00f4ng s\u1ea3n<\/li>\n<li>Ngo\u00e0i ra trong ch\u1ebf ph\u1ea9m c\u00f2n c\u00f3 c\u00e1c lo\u1ea1i\u00a0\u00a0amino axit, h\u1ec7 vi sinh v\u1eadt c\u00f3 l\u1ee3i cho \u0111\u1ea5t v\u00e0 c\u00e2y tr\u1ed3ng<\/li>\n<\/ul>\n<p><strong>H\u01af\u1edaNG D\u1eaaN S\u1eec D\u1ee4NG<\/strong><\/p>\n<ul>\n<li>Hoa lan v\u00e0 hoa h\u1ed3ng: pha 20 &#8211; 30ml\/b\u00ecnh 16 l\u00edt phun \u0111\u1ec1u tr\u00ean hai m\u1eb7t c\u1ee7a l\u00e1, \u0111\u1ecbnh k\u1ef3 5 -7 ng\u00e0y\/l\u1ea7n<\/li>\n<li>Mai v\u00e0ng v\u00e0 bonsai: pha 30- 40ml\/b\u00ecnh 16 l\u00edt phun \u0111\u1ec1u tr\u00ean hai m\u1eb7t c\u1ee7a l\u00e1, \u0111\u1ecbnh k\u1ef3 5 -7 ng\u00e0y\/l\u1ea7n<\/li>\n<li>C\u00e2y \u0103n tr\u00e1i, c\u00e2y c\u00f4ng nghi\u1ec7p:\u00a0\u00a0Pha\u00a0\u00a0300 \u2013 400 ml\/ b\u00ecnh 200 l\u00edt. Phun \u01b0\u1edbt \u0111\u1ec1u l\u00e1.<\/li>\n<li>Rau v\u00e0 hoa m\u00e0u:\u00a0pha\u00a020-\u00a040ml\/b\u00ecnh 16 l\u00edt phun \u0111\u1ec1u tr\u00ean hai m\u1eb7t c\u1ee7a l\u00e1, \u0111\u1ecbnh k\u1ef3 5 -7 ng\u00e0y\/l\u1ea7n<\/li>\n<\/ul>\n<\/div>\n","protected":false},"excerpt":{"rendered":"<p>GI\u00c0U H\u1eeeU C\u01a0 T\u1ef0 NHI\u00caN +VI L\u01af\u1ee2NG<\/p>\n","protected":false},"featured_media":1546,"comment_status":"open","ping_status":"closed","template":"","meta":{"_acf_changed":false},"pwb-brand":[],"product_cat":[218,207,197],"product_tag":[],"yst_prominent_words":[],"class_list":["post-933","product","type-product","status-publish","has-post-thumbnail","hentry","product_cat-san-pham","product_cat-tang-truong-phuc-hoi-sau-thu-hoach","product_cat-theo-giai-doan-sinh-truong","add-to-wishlist-after_add_to_cart"],"acf":[],"brands":[],"_links":{"self":[{"href":"https:\/\/nonghoaxanh.vn\/en\/wp-json\/wp\/v2\/product\/933","targetHints":{"allow":["GET"]}}],"collection":[{"href":"https:\/\/nonghoaxanh.vn\/en\/wp-json\/wp\/v2\/product"}],"about":[{"href":"https:\/\/nonghoaxanh.vn\/en\/wp-json\/wp\/v2\/types\/product"}],"replies":[{"embeddable":true,"href":"https:\/\/nonghoaxanh.vn\/en\/wp-json\/wp\/v2\/comments?post=933"}],"wp:featuredmedia":[{"embeddable":true,"href":"https:\/\/nonghoaxanh.vn\/en\/wp-json\/wp\/v2\/media\/1546"}],"wp:attachment":[{"href":"https:\/\/nonghoaxanh.vn\/en\/wp-json\/wp\/v2\/media?parent=933"}],"wp:term":[{"taxonomy":"pwb-brand","embeddable":true,"href":"https:\/\/nonghoaxanh.vn\/en\/wp-json\/wp\/v2\/pwb-brand?post=933"},{"taxonomy":"product_cat","embeddable":true,"href":"https:\/\/nonghoaxanh.vn\/en\/wp-json\/wp\/v2\/product_cat?post=933"},{"taxonomy":"product_tag","embeddable":true,"href":"https:\/\/nonghoaxanh.vn\/en\/wp-json\/wp\/v2\/product_tag?post=933"},{"taxonomy":"yst_prominent_words","embeddable":true,"href":"https:\/\/nonghoaxanh.vn\/en\/wp-json\/wp\/v2\/yst_prominent_words?post=933"}],"curies":[{"name":"wp","href":"https:\/\/api.w.org\/{rel}","templated":true}]}}