



{"id":911,"date":"2024-03-29T13:12:25","date_gmt":"2024-03-29T06:12:25","guid":{"rendered":"http:\/\/nhx.midolikit.com\/?post_type=product&#038;p=911"},"modified":"2024-07-10T09:42:41","modified_gmt":"2024-07-10T02:42:41","slug":"amino-combi","status":"publish","type":"product","link":"https:\/\/nonghoaxanh.vn\/en\/san-pham\/amino-combi\/","title":{"rendered":"AMINO COMBI"},"content":{"rendered":"<p><strong>TH\u00c0NH PH\u1ea6N:<\/strong><\/p>\n<p>Amino axit\u00a0 \u00a0 \u00a0 \u00a0 \u00a0 : 6,5%<\/p>\n<p>Canxi (Ca)\u00a0 \u00a0 \u00a0 \u00a0 \u00a0 : 4%<\/p>\n<p>Magie (Mg)\u00a0 \u00a0 \u00a0 \u00a0 \u00a0: 1,2%<\/p>\n<p>S\u1eaft (Fe)\u00a0 \u00a0 \u00a0 \u00a0 \u00a0 \u00a0 \u00a0 : 0,06%<\/p>\n<p>K\u1ebdm (Zn)\u00a0 \u00a0 \u00a0 \u00a0 \u00a0 \u00a0 : 0,05%<\/p>\n<p>Mangan (Mn)\u00a0 \u00a0 \u00a0 : 300ppm<\/p>\n<p>Vitamin B1\u00a0 \u00a0 \u00a0 \u00a0 \u00a0 : 100ppm<\/p>\n<p><strong>C\u00d4NG D\u1ee4NG:<\/strong><\/p>\n<ul>\n<li>Cung c\u1ea5p Trung vi l\u01b0\u1ee3ng v\u00e0 axit amin cho c\u00e2y tr\u1ed3ng.<\/li>\n<li>K\u00edch th\u00edch sinh tr\u01b0\u1edfng, gi\u00fap l\u00e1 xanh d\u00e0y, th\u00e2n to m\u1eadp, ra hoa nhi\u1ec1u, tr\u00e1i l\u1edbn nhanh , m\u00e0u s\u1eafc \u0111\u1eb9p, h\u01b0\u01a1ng v\u1ecb th\u01a1m ngon.<\/li>\n<li>Gi\u00fap hoa khoe m\u1ea1nh, t\u0103ng \u0111\u1eadu tr\u00e1i, h\u1ea1n ch\u1ebf r\u1ee5ng tr\u00e1i non.<\/li>\n<\/ul>\n<p><strong>\u0110\u1eb6C \u0110I\u1ec2M<\/strong><\/p>\n<ul>\n<li>Amino Acid (Axit Amin) l\u00e0 nh\u1eefng\u00a0h\u1ee3p ch\u1ea5t h\u1eefu c\u01a1\u00a0sinh h\u1ecdc\u00a0 ch\u1ee9a\u00a0nh\u00f3m ch\u1ee9c\u00a0amin\u00a0(-NH2) v\u00e0\u00a0ax\u00edt cacboxylic\u00a0(-COOH, l\u00e0 h\u1ee3p ph\u1ea7n c\u1ea5u t\u1ea1o n\u00ean protein v\u00e0 enzym (men sinh h\u1ecdc). Amino Acid l\u00e0 y\u1ebfu t\u1ed1 c\u01a1 b\u1ea3n c\u1ee7a t\u1ea5t c\u1ea3 c\u00e1c c\u01a1 th\u1ec3 s\u1ed1ng v\u00e0 c\u00f3 vai tr\u00f2 quan tr\u1ecdng trong ho\u1ea1t \u0111\u1ed9ng trao \u0111\u1ed5i ch\u1ea5t c\u1ee7a t\u1ebf b\u00e0o.<\/li>\n<li>Amino Combi l\u00e0 s\u1ea3n ph\u1ea9m Amino acid b\u1ed5 sung \u0111\u1ea7y \u0111\u1ee7 Trung Vi L\u01b0\u1ee3ng c\u1ea7n thi\u1ebft cho s\u1ef1 ph\u00e1t sinh tr\u01b0\u1edfng v\u00e0 ph\u00e1t tri\u1ec3n c\u1ee7a c\u00e2y tr\u1ed3ng.<\/li>\n<\/ul>\n<p><strong>H\u01af\u1edaNG D\u1eaaN S\u1eec D\u1ee4NG:<\/strong><\/p>\n<p>Giai \u0111o\u1ea1n c\u00e2y con:<\/p>\n<ul>\n<li>Phun qua l\u00e1: Pha 500ml\/400 l\u00edt n\u01b0\u1edbc<\/li>\n<li>T\u01b0\u1edbi g\u1ed1c:Pha 500ml\/ 300 l\u00edt n\u01b0\u1edbc<\/li>\n<li>Phun ho\u1eb7c t\u01b0\u1edbi v\u00e0o s\u00e1ng s\u1edbm ho\u1eb7c tr\u1eddi m\u00e1t. \u0110\u1ecbnh k\u1ef3 7-10 ng\u00e0y\/l\u1ea7n.<\/li>\n<\/ul>\n<p>Giai \u0111o\u1ea1n c\u00e2y sinh tr\u01b0\u1edfng, nu\u00f4i tr\u00e1i v\u00e0 sau khi thu ho\u1ea1ch:<\/p>\n<ul>\n<li>Phun qua l\u00e1: Pha 500ml\/ 400 l\u00edt n\u01b0\u1edbc<\/li>\n<li>T\u01b0\u1edbi g\u1ed1c:Pha 500ml\/ 200- 300 l\u00edt n\u01b0\u1edbc<\/li>\n<li>Phun ho\u1eb7c t\u01b0\u1edbi v\u00e0o s\u00e1ng s\u1edbm ho\u1eb7c tr\u1eddi m\u00e1t. \u0110\u1ecbnh k\u1ef3 7-10 ng\u00e0y\/l\u1ea7n.<\/li>\n<\/ul>\n<p><strong>L\u01b0u \u00fd:<\/strong><\/p>\n<ul>\n<li>L\u1eafc \u0111\u1ec1u s\u1ea3n ph\u1ea9m tr\u01b0\u1edbc khi dung.<\/li>\n<li>B\u1ea3o qu\u1ea3n s\u1ea3n ph\u1ea9m trong m\u00e1t.<\/li>\n<\/ul>\n","protected":false},"excerpt":{"rendered":"<p><strong>Ph\u00e1t ch\u1ed3i m\u1ea1nh &#8211; l\u00e1 xanh d\u00e0y &#8211; tr\u00e1i l\u1edbn nhanh &#8211; to tr\u00e1i &#8211; \u0111\u1eb9p tr\u00e1i &#8211; ch\u1ed1ng th\u1ed1i tr\u00e1i &#8211; r\u1ee5ng tr\u00e1i<\/strong><\/p>\n","protected":false},"featured_media":1541,"comment_status":"open","ping_status":"closed","template":"","meta":{"_acf_changed":false},"pwb-brand":[],"product_cat":[209,216,218,207,208,212,197],"product_tag":[],"yst_prominent_words":[],"class_list":["post-911","product","type-product","status-publish","has-post-thumbnail","hentry","product_cat-nuoi-trai-duong-trai","product_cat-phan-bon-la","product_cat-san-pham","product_cat-tang-truong-phuc-hoi-sau-thu-hoach","product_cat-tao-mam-hoa-ra-hoa-dau-qua","product_cat-theo-cong-dung","product_cat-theo-giai-doan-sinh-truong","add-to-wishlist-after_add_to_cart"],"acf":[],"brands":[],"_links":{"self":[{"href":"https:\/\/nonghoaxanh.vn\/en\/wp-json\/wp\/v2\/product\/911","targetHints":{"allow":["GET"]}}],"collection":[{"href":"https:\/\/nonghoaxanh.vn\/en\/wp-json\/wp\/v2\/product"}],"about":[{"href":"https:\/\/nonghoaxanh.vn\/en\/wp-json\/wp\/v2\/types\/product"}],"replies":[{"embeddable":true,"href":"https:\/\/nonghoaxanh.vn\/en\/wp-json\/wp\/v2\/comments?post=911"}],"wp:featuredmedia":[{"embeddable":true,"href":"https:\/\/nonghoaxanh.vn\/en\/wp-json\/wp\/v2\/media\/1541"}],"wp:attachment":[{"href":"https:\/\/nonghoaxanh.vn\/en\/wp-json\/wp\/v2\/media?parent=911"}],"wp:term":[{"taxonomy":"pwb-brand","embeddable":true,"href":"https:\/\/nonghoaxanh.vn\/en\/wp-json\/wp\/v2\/pwb-brand?post=911"},{"taxonomy":"product_cat","embeddable":true,"href":"https:\/\/nonghoaxanh.vn\/en\/wp-json\/wp\/v2\/product_cat?post=911"},{"taxonomy":"product_tag","embeddable":true,"href":"https:\/\/nonghoaxanh.vn\/en\/wp-json\/wp\/v2\/product_tag?post=911"},{"taxonomy":"yst_prominent_words","embeddable":true,"href":"https:\/\/nonghoaxanh.vn\/en\/wp-json\/wp\/v2\/yst_prominent_words?post=911"}],"curies":[{"name":"wp","href":"https:\/\/api.w.org\/{rel}","templated":true}]}}