



{"id":907,"date":"2024-03-29T12:36:25","date_gmt":"2024-03-29T05:36:25","guid":{"rendered":"http:\/\/nhx.midolikit.com\/?post_type=product&#038;p=907"},"modified":"2024-07-10T09:43:16","modified_gmt":"2024-07-10T02:43:16","slug":"camg-plus","status":"publish","type":"product","link":"https:\/\/nonghoaxanh.vn\/en\/san-pham\/camg-plus\/","title":{"rendered":"CAMG PLUS"},"content":{"rendered":"<p><strong>TH\u00c0NH PH\u1ea6N:<\/strong><\/p>\n<p>Canxi (Ca):6,5%; Mangie (Mg): 3,2%; Amino axit 5%; S\u1eaft (Fe) : 0,3%; K\u1ebdm (Zn): 0,15%; Mangan (Mn): 0,4%; GA3: 300ppm; NAA: 450ppm; Boron (B): 2100 ppm.<\/p>\n<p><strong>\u00a0C\u00d4NG D\u1ee4NG:<\/strong><\/p>\n<ul>\n<li>Cung c\u1ea5p \u0111\u1ea7y \u0111\u1ee7 d\u01b0\u1ee1ng ch\u1ea5t: \u0110\u1ea1m, L\u00e2n, Kali, Trung vi l\u01b0\u1ee3ng v\u00e0 axit amin cho c\u00e2y tr\u1ed3ng.<\/li>\n<li>K\u00edch th\u00edch sinh tr\u01b0\u1edfng, gi\u00fap l\u00e1 xanh d\u00e0y, th\u00e2n to m\u1eadp, ra hoa nhi\u1ec1u, tr\u00e1i l\u1edbn nhanh, m\u00e0u s\u1eafc \u0111\u1eb9p, h\u01b0\u01a1ng v\u1ecb th\u01a1m ngon.<\/li>\n<li>Ch\u1ed1ng th\u1ed1i tr\u00e1i, h\u1ea1n ch\u1ebf r\u1ee5ng tr\u00e1i non.<\/li>\n<\/ul>\n<p><strong>VAI TR\u00d2 C\u1ee6A CANXI V\u00c0 MAGI\u00ca<\/strong><\/p>\n<ul>\n<li>Canxi (Ca): Canxi l\u00e0 th\u00e0nh ph\u1ea7n c\u1ee7a m\u00e0ng t\u1ebf b\u00e0o v\u00e0 c\u1ea5u tr\u00fac nhi\u1ec5m s\u1eafc th\u1ec3, Canxi c\u1ea7n thi\u1ebft cho s\u1ef1 ph\u00e2n chia t\u1ebf b\u00e0o, ho\u1ea1t ho\u00e1 nhi\u1ec1u lo\u1ea1i enzim, gi\u1ea3i \u0111\u1ed9c, trung h\u00f2a ax\u00edt h\u1eefu c\u01a1 trong c\u00e2y. Canxi gi\u00fap qu\u1ea3 tr\u00f2n \u0111\u1ec1u, t\u0103ng \u0111\u1ed9 ng\u1ecdt, ch\u1ed1ng th\u1ed1i tr\u00e1i, r\u1ee5ng tr\u00e1i<\/li>\n<li>Thi\u1ebfu Canxi: r\u1ec5 k\u00e9m ph\u00e1t tri\u1ec3n, l\u00e1 non, ng\u1ecdn b\u1ecb xo\u0103n l\u1ea1i, c\u00e2y tr\u1ed3ng d\u1ec5 b\u1ecb nhi\u1ec5m b\u1ec7nh, \u0111\u1ea7u hoa, qu\u1ea3 non b\u1ecb th\u1ed1i, tr\u00e1i r\u1ee5ng.<\/li>\n<li>Magi\u00ea (Mg): Magi\u00ea l\u00e0 th\u00e0nh ph\u1ea7n c\u1ea5u t\u1ea1o di\u1ec7p l\u1ee5c, \u0111\u00f3ng vai tr\u00f2 quan tr\u1ecdng cho qu\u00e1 tr\u00ecnh quang h\u1ee3p, ho\u1ea1t ch\u1ea5t c\u1ee7a h\u1ec7 enzim, chuy\u1ec3n h\u00f3a cacbonhydrat v\u00e0 t\u1ed5ng h\u1ee3p ax\u00edt nucl\u00eaic. Magi\u00ea gi\u00fap t\u0103ng \u0111\u1ed9 ng\u1ecdt,qu\u1ea3 xanh \u0111\u1eb9p, m\u00e0u s\u1eafc t\u1ef1 nhi\u00ean<\/li>\n<li>Thi\u1ebfu Magi\u00ea c\u00e2y quang h\u1ee3p k\u00e9m, l\u00e1 \u00faa v\u00e0ng, m\u00e9p l\u00e1 cu\u1ed1n l\u1ea1i, qu\u1ea3<\/li>\n<\/ul>\n<p><strong>H\u01af\u1edaNG \u0110\u1eaaN S\u1eec D\u1ee4NG:<\/strong><\/p>\n<p>Giai \u0111o\u1ea1n c\u00e2y con:<\/p>\n<ul>\n<li>Phun qua l\u00e1: Pha 500ml\/400 l\u00edt n\u01b0\u1edbc<\/li>\n<li>T\u01b0\u1edbi g\u1ed1c:Pha 500ml\/ 300 l\u00edt n\u01b0\u1edbc<\/li>\n<li>Phun ho\u1eb7c t\u01b0\u1edbi v\u00e0o s\u00e1ng s\u1edbm ho\u1eb7c tr\u1eddi m\u00e1t. \u0110\u1ecbnh k\u1ef3 7-10 ng\u00e0y\/l\u1ea7n.<\/li>\n<\/ul>\n<p>Giai \u0111o\u1ea1n c\u00e2y sinh tr\u01b0\u1edfng, nu\u00f4i tr\u00e1i v\u00e0 sau khi thu ho\u1ea1ch:<\/p>\n<ul>\n<li>Phun qua l\u00e1: Pha 500ml\/ 400 l\u00edt n\u01b0\u1edbc<\/li>\n<li>T\u01b0\u1edbi g\u1ed1c:Pha 500ml\/ 200- 300 l\u00edt n\u01b0\u1edbc<\/li>\n<li>Phun ho\u1eb7c t\u01b0\u1edbi v\u00e0o s\u00e1ng s\u1edbm ho\u1eb7c tr\u1eddi m\u00e1t. \u0110\u1ecbnh k\u1ef3 7-10 ng\u00e0y\/l\u1ea7n.<\/li>\n<\/ul>\n<p><strong>L\u01b0u \u00fd:<\/strong><\/p>\n<ul>\n<li>L\u1eafc \u0111\u1ec1u s\u1ea3n ph\u1ea9m tr\u01b0\u1edbc khi dung.<\/li>\n<li>B\u1ea3o qu\u1ea3n s\u1ea3n ph\u1ea9m trong m\u00e1t.<\/li>\n<li>S\u1eed d\u1ee5ng \u0111\u01b0\u1ee3c cho t\u1ea5t c\u1ea3 c\u00e2y tr\u1ed3ng<\/li>\n<\/ul>\n","protected":false},"excerpt":{"rendered":"<p>Si\u00eau ng\u1ecdt qu\u1ea3 &#8211; l\u1edbn tr\u00e1i chuy\u00ean d\u00f9ng cho m\u00edt, \u1edbt, c\u00e0 chua, m\u00e3ng c\u1ea7u, nho t\u00e1o, cam qu\u00fdt<\/p>\n","protected":false},"featured_media":1540,"comment_status":"open","ping_status":"closed","template":"","meta":{"_acf_changed":false},"pwb-brand":[],"product_cat":[209,216,218,212,197],"product_tag":[],"yst_prominent_words":[],"class_list":["post-907","product","type-product","status-publish","has-post-thumbnail","hentry","product_cat-nuoi-trai-duong-trai","product_cat-phan-bon-la","product_cat-san-pham","product_cat-theo-cong-dung","product_cat-theo-giai-doan-sinh-truong","add-to-wishlist-after_add_to_cart"],"acf":[],"brands":[],"_links":{"self":[{"href":"https:\/\/nonghoaxanh.vn\/en\/wp-json\/wp\/v2\/product\/907","targetHints":{"allow":["GET"]}}],"collection":[{"href":"https:\/\/nonghoaxanh.vn\/en\/wp-json\/wp\/v2\/product"}],"about":[{"href":"https:\/\/nonghoaxanh.vn\/en\/wp-json\/wp\/v2\/types\/product"}],"replies":[{"embeddable":true,"href":"https:\/\/nonghoaxanh.vn\/en\/wp-json\/wp\/v2\/comments?post=907"}],"wp:featuredmedia":[{"embeddable":true,"href":"https:\/\/nonghoaxanh.vn\/en\/wp-json\/wp\/v2\/media\/1540"}],"wp:attachment":[{"href":"https:\/\/nonghoaxanh.vn\/en\/wp-json\/wp\/v2\/media?parent=907"}],"wp:term":[{"taxonomy":"pwb-brand","embeddable":true,"href":"https:\/\/nonghoaxanh.vn\/en\/wp-json\/wp\/v2\/pwb-brand?post=907"},{"taxonomy":"product_cat","embeddable":true,"href":"https:\/\/nonghoaxanh.vn\/en\/wp-json\/wp\/v2\/product_cat?post=907"},{"taxonomy":"product_tag","embeddable":true,"href":"https:\/\/nonghoaxanh.vn\/en\/wp-json\/wp\/v2\/product_tag?post=907"},{"taxonomy":"yst_prominent_words","embeddable":true,"href":"https:\/\/nonghoaxanh.vn\/en\/wp-json\/wp\/v2\/yst_prominent_words?post=907"}],"curies":[{"name":"wp","href":"https:\/\/api.w.org\/{rel}","templated":true}]}}