



{"id":905,"date":"2024-03-29T12:18:44","date_gmt":"2024-03-29T05:18:44","guid":{"rendered":"http:\/\/nhx.midolikit.com\/?post_type=product&#038;p=905"},"modified":"2024-07-10T09:43:42","modified_gmt":"2024-07-10T02:43:42","slug":"phan-doi-set-can-5kg","status":"publish","type":"product","link":"https:\/\/nonghoaxanh.vn\/en\/san-pham\/phan-doi-set-can-5kg\/","title":{"rendered":"PH\u00c2N D\u01a0I S\u1ec6T (CAN 5KG)"},"content":{"rendered":"<p><strong>TH\u00c0NH PH\u1ea6N:<\/strong><\/p>\n<p>\u0110\u1ea1m (N<sub>ts<\/sub>) 2,6%;<\/p>\n<p>L\u00e2n (P<sub>2<\/sub>O<sub>5hh<\/sub>) : 1,2%<\/p>\n<p>Kali (K<sub>2<\/sub>0<sub>hh<\/sub>): 2,4%<\/p>\n<p>\u0110\u1ed3ng (Cu): 109ppm;<\/p>\n<p>S\u1eaft (Fe): 0,12%;<\/p>\n<p>K\u1ebdm (Zn): 596ppm;<\/p>\n<p>H\u1eefu c\u01a1 (OM): 58,2%;<\/p>\n<p>Mangan ((Mn): 750ppm;<\/p>\n<p>Canxi (Ca) : 0,7%;<\/p>\n<p>Vi sinh v\u1eadt c\u00f3 l\u1ee3i : 8,5 x108 CFU\/g<\/p>\n<p>Magi\u00ea (Mg): 0,4%;<\/p>\n<p>pH: &gt;7,5<\/p>\n<p>T\u1ef7 tr\u1ecdng: 1,1<\/p>\n<p><strong>C\u00d4NG D\u1ee4NG:<\/strong><\/p>\n<ul>\n<li>Cung c\u1ea5p \u0111\u1ea7y \u0111\u1ee7 d\u01b0\u1ee1ng ch\u1ea5t: \u0110\u1ea1m, L\u00e2n, Kali, Trung vi l\u01b0\u1ee3ng v\u00e0 axit amin cho c\u00e2y tr\u1ed3ng, th\u00fac \u0111\u1ea9y nhanh qu\u00e1 tr\u00ecnh sinh tr\u01b0\u1edfng v\u00e0 ph\u00e1t tri\u1ec3n c\u1ee7a c\u00e2y.<\/li>\n<li>K\u00edch th\u00edch r\u1ec5 ph\u00e1t tri\u1ec3n nhanh, bung \u0111\u1ecdt m\u1ea1nh, \u0111\u1ec3 nh\u00e1nh nhi\u1ec1u, l\u00e1 xanh d\u00e0y, th\u00e2n to kh\u1ecfe, h\u1ea1n ch\u1ebf s\u00e2u b\u1ec7nh.<\/li>\n<li>Gi\u00fap c\u00e2y ra hoa nhi\u1ec1u, gi\u1ea3m r\u1ee5ng tr\u00e1i non, gi\u00fap tr\u00e1i l\u1edbn nhanh, m\u00e0u s\u1eafc \u0111\u1eb9p, h\u01b0\u01a1ng v\u1ecb th\u01a1m ngon.<\/li>\n<li>T\u0103ng pH, h\u1ea1 ph\u00e8n, t\u0103ng \u0111\u1ed9 phi nhi\u00eau cho \u0111\u1ea5t, b\u1ed5 sung h\u1ec7 vi sinh v\u1eadt c\u00f3 l\u1ee3i cho \u0111\u1ea5t.<\/li>\n<\/ul>\n<p><strong>\u0110\u1eb6C \u0110I\u1ec2M<\/strong><\/p>\n<ul>\n<li>Ph\u00e2n d\u01a1i S\u1ec7t NHX \u0111\u01b0\u1ee3c chi\u1ebft xu\u1ea5t t\u1eeb ph\u00e2n d\u01a1i hoai m\u1ee5c, \u0111\u00e3 qua x\u1eed l\u00fd b\u1eb1ng c\u00f4ng ngh\u1ec7 vi sinh, lo\u1ea1i b\u1ecf ho\u00e0n to\u00e0n c\u00e1c vi khu\u1ea9n c\u00f3 h\u1ea1i nh\u01b0: vi khu\u1ea9n Ecoli, Salmonella, Toxoplasma\u2026 tuy\u1ec7t \u0111\u1ed1i an to\u00e0n cho c\u00e2y tr\u1ed3ng v\u00e0 ng\u01b0\u1eddi s\u1eed d\u1ee5ng.<\/li>\n<li>Trong ph\u00e2n d\u01a1i r\u1ea5t gi\u00e0u \u0110\u1ea1m, L\u00e2n v\u00e0 Kali \u0111\u1eb7c bi\u1ec7t gi\u00e0u trung vi l\u01b0\u1ee3ng nh\u01b0 :Ca, Mg, Fe, Zn, Cu\u2026 v\u00e0 c\u00e1c axit amin d\u1ec5 ti\u00eau gi\u00fap c\u00e2y tr\u1ed3ng ph\u00e1t tri\u1ec3n v\u01b0\u1ee3t b\u1eadc. Ngo\u00e0i ra, trong ph\u00e2n d\u01a1i c\u00f2n c\u00f3 c\u00e1c lo\u1ea1i axit nh\u01b0: axit Ascorbic, Acid nalidixic, axit Lactic c\u00f3 t\u00e1c d\u1ee5ng di\u1ec7t vi n\u1ea5m, kh\u00e1ng s\u00e2u b\u1ec7nh.<\/li>\n<\/ul>\n<p><strong>H\u01af\u1edaNG D\u1eaaN S\u1eec D\u1ee4NG<\/strong><\/p>\n<p><em><strong>Giai \u0111o\u1ea1n c\u00e2y con<\/strong><\/em><\/p>\n<ul>\n<li>Phun qua l\u00e1: Pha 1 l\u00edt\/300 l\u00edt n\u01b0\u1edbc<\/li>\n<li>T\u01b0\u1edbi g\u1ed1c:Pha 1l\u00edt\/ phuy 200 l\u00edt n\u01b0\u1edbc<\/li>\n<li>Phun ho\u1eb7c t\u01b0\u1edbi v\u00e0o s\u00e1ng s\u1edbm ho\u1eb7c tr\u1eddi m\u00e1t. \u0110\u1ecbnh k\u1ef3 7-10 ng\u00e0y\/l\u1ea7n.<\/li>\n<\/ul>\n<p><em><strong>Giai \u0111o\u1ea1n c\u00e2y sinh tr\u01b0\u1edfng, nu\u00f4i tr\u00e1i v\u00e0 sau khi thu ho\u1ea1ch<\/strong><\/em><\/p>\n<ul>\n<li>Phun qua l\u00e1: Pha 1 l\u00edt\/phuy 200 l\u00edt n\u01b0\u1edbc<\/li>\n<li>T\u01b0\u1edbi g\u1ed1c:Pha 1-2 l\u00edt\/ phuy 200 l\u00edt n\u01b0\u1edbc<\/li>\n<li>Phun ho\u1eb7c t\u01b0\u1edbi v\u00e0o s\u00e1ng s\u1edbm ho\u1eb7c tr\u1eddi m\u00e1t. \u0110\u1ecbnh k\u1ef3 7-10 ng\u00e0y\/l\u1ea7n.<\/li>\n<\/ul>\n<p><strong>L\u01afU \u00dd:<\/strong><\/p>\n<ul>\n<li>L\u1eafc \u0111\u1ec1u s\u1ea3n ph\u1ea9m tr\u01b0\u1edbc khi d\u00f9ng.<\/li>\n<li>S\u1eed d\u1ee5ng \u0111\u01b0\u1ee3c cho t\u1ea5t c\u1ea3 c\u00e2y tr\u1ed3ng<\/li>\n<\/ul>\n","protected":false},"excerpt":{"rendered":"<p>TH\u00c0NH PH\u1ea6N: \u0110\u1ea1m (Nts) 2,6%; L\u00e2n (P2O5hh) : 1,2% Kali (K20hh): 2,4% \u0110\u1ed3ng (Cu): 109ppm; S\u1eaft (Fe): 0,12%; K\u1ebdm (Zn): 596ppm; H\u1eefu c\u01a1 (OM): 58,2%; Mangan ((Mn): 750ppm; Canxi (Ca) : 0,7%; Vi sinh v\u1eadt c\u00f3 l\u1ee3i : 8,5 x108 CFU\/g Magi\u00ea (Mg): 0,4%; pH: &gt;7,5 T\u1ef7 tr\u1ecdng: 1,1 C\u00d4NG D\u1ee4NG: Cung c\u1ea5p \u0111\u1ea7y \u0111\u1ee7 [&#8230;]\n","protected":false},"featured_media":1573,"comment_status":"open","ping_status":"closed","template":"","meta":{"_acf_changed":false},"pwb-brand":[],"product_cat":[215,218,207,212,197],"product_tag":[],"yst_prominent_words":[],"class_list":["post-905","product","type-product","status-publish","has-post-thumbnail","hentry","product_cat-phan-bon-vi-sinh","product_cat-san-pham","product_cat-tang-truong-phuc-hoi-sau-thu-hoach","product_cat-theo-cong-dung","product_cat-theo-giai-doan-sinh-truong","add-to-wishlist-after_add_to_cart"],"acf":[],"brands":[],"_links":{"self":[{"href":"https:\/\/nonghoaxanh.vn\/en\/wp-json\/wp\/v2\/product\/905","targetHints":{"allow":["GET"]}}],"collection":[{"href":"https:\/\/nonghoaxanh.vn\/en\/wp-json\/wp\/v2\/product"}],"about":[{"href":"https:\/\/nonghoaxanh.vn\/en\/wp-json\/wp\/v2\/types\/product"}],"replies":[{"embeddable":true,"href":"https:\/\/nonghoaxanh.vn\/en\/wp-json\/wp\/v2\/comments?post=905"}],"wp:featuredmedia":[{"embeddable":true,"href":"https:\/\/nonghoaxanh.vn\/en\/wp-json\/wp\/v2\/media\/1573"}],"wp:attachment":[{"href":"https:\/\/nonghoaxanh.vn\/en\/wp-json\/wp\/v2\/media?parent=905"}],"wp:term":[{"taxonomy":"pwb-brand","embeddable":true,"href":"https:\/\/nonghoaxanh.vn\/en\/wp-json\/wp\/v2\/pwb-brand?post=905"},{"taxonomy":"product_cat","embeddable":true,"href":"https:\/\/nonghoaxanh.vn\/en\/wp-json\/wp\/v2\/product_cat?post=905"},{"taxonomy":"product_tag","embeddable":true,"href":"https:\/\/nonghoaxanh.vn\/en\/wp-json\/wp\/v2\/product_tag?post=905"},{"taxonomy":"yst_prominent_words","embeddable":true,"href":"https:\/\/nonghoaxanh.vn\/en\/wp-json\/wp\/v2\/yst_prominent_words?post=905"}],"curies":[{"name":"wp","href":"https:\/\/api.w.org\/{rel}","templated":true}]}}