



{"id":903,"date":"2024-03-29T12:14:14","date_gmt":"2024-03-29T05:14:14","guid":{"rendered":"http:\/\/nhx.midolikit.com\/?post_type=product&#038;p=903"},"modified":"2025-05-14T00:43:21","modified_gmt":"2025-05-13T17:43:21","slug":"phan-doi-set-xo-22-kg","status":"publish","type":"product","link":"https:\/\/nonghoaxanh.vn\/en\/san-pham\/phan-doi-set-xo-22-kg\/","title":{"rendered":"PH\u00c2N D\u01a0I S\u1ec6T (X\u00d4 22 KG)"},"content":{"rendered":"<p><strong>TH\u00c0NH PH\u1ea6N:<\/strong><\/p>\n<p>\u0110\u1ea1m (N<sub>ts<\/sub>) 2,6%;<\/p>\n<p>L\u00e2n (P<sub>2<\/sub>O<sub>5hh<\/sub>) : 1,2%<\/p>\n<p>Kali (K<sub>2<\/sub>0<sub>hh<\/sub>): 2,4%<\/p>\n<p>\u0110\u1ed3ng (Cu): 109ppm;<\/p>\n<p>S\u1eaft (Fe): 0,12%;<\/p>\n<p>K\u1ebdm (Zn): 596ppm;<\/p>\n<p>H\u1eefu c\u01a1 (OM): 58,2%;<\/p>\n<p>Mangan ((Mn): 750ppm;<\/p>\n<p>Canxi (Ca) : 0,7%;<\/p>\n<p>Vi sinh v\u1eadt c\u00f3 l\u1ee3i : 8,5 x108 CFU\/g<\/p>\n<p>Magi\u00ea (Mg): 0,4%;<\/p>\n<p>pH: &gt;7,5<\/p>\n<p>T\u1ef7 tr\u1ecdng: 1,1<\/p>\n<p><strong>C\u00d4NG D\u1ee4NG:<\/strong><\/p>\n<ul>\n<li>C\u1ea3i t\u1ea1o v\u00e0 ph\u1ee5c h\u1ed3i ch\u1ea5t l\u01b0\u1ee3ng \u0111\u1ea5t<\/li>\n<li id=\"h-2-3-b-sung-nh-ng-vi-khu-n-c-l-i\">B\u1ed5 sung nh\u1eefng vi sinh c\u00f3 l\u1ee3i<\/li>\n<li id=\"h-2-1-cung-c-p-ch-t-dinh-d-ng-cho-c-y-tr-ng\">Cung c\u1ea5p ch\u1ea5t dinh d\u01b0\u1ee1ng \u0111a trung vi l\u01b0\u1ee3ng cho c\u00e2y tr\u1ed3ng<\/li>\n<\/ul>\n<p><strong>\u0110\u1eb6C\u00a0<\/strong><strong>\u0110I\u1ec2M<\/strong><\/p>\n<p>Ph\u00e2n D\u01a1i S\u1ec7t NHX \u0111\u01b0\u1ee3c chi\u1ebft xu\u1ea5t 100% t\u1eeb ph\u00e2n d\u01a1i hoai m\u1ee5c, \u0111\u00e3 qua x\u1eed l\u00fd b\u1eb1ng c\u00f4ng ngh\u1ec7 ti\u00ean ti\u1ebfn nh\u1ea5t, lo\u1ea1i b\u1ecf ho\u00e0n to\u00e0n c\u00e1c vi khu\u1ea9n c\u00f3 h\u1ea1i nh\u01b0: vi khu\u1ea9n <em>E.coli<\/em>, <em>Salmonella<\/em>, <em>Toxoplasma<\/em>\u2026tuy\u1ec7t \u0111\u1ed1i an to\u00e0n cho c\u00e2y tr\u1ed3ng v\u00e0 ng\u01b0\u1eddi s\u1eed d\u1ee5ng. Trong ch\u1ebf ph\u1ea9m ph\u00e2n d\u01a1i r\u1ea5t gi\u00e0u \u0110\u1ea1m, L\u00e2n v\u00e0 Kali \u0111\u1eb7c bi\u1ec7t gi\u00e0u trung vi l\u01b0\u1ee3ng nh\u01b0 :Ca, Mg, Fe, Zn, Cu\u2026 v\u00e0 c\u00e1c axit amin d\u1ec5 ti\u00eau gi\u00fap c\u00e2y tr\u1ed3ng ph\u00e1t tri\u1ec3n v\u01b0\u1ee3t b\u1eadt. Ngo\u00e0i ra, trong ph\u00e2n d\u01a1i c\u00f2n c\u00f3 c\u00e1c lo\u1ea1i axit \u0111\u1eb7t bi\u1ec7t nh\u01b0: axit Ascorbic, Acid nalidixic, axit Lactic c\u00f3 t\u00e1c d\u1ee5ng di\u1ec7t vi n\u1ea5m, kh\u00e1ng s\u00e2u b\u1ec7nh. \u0110\u00e1p \u1ee9ng ti\u00eau chu\u1ea9n s\u1ea3n xu\u1ea5t n\u00f4ng s\u1ea3n s\u1ea1ch \u2013 an to\u00e0n. S\u1ea3n ph\u1ea9m ph\u00f9 h\u1ee3p v\u1edbi n\u00f4ng nghi\u1ec7p h\u1eefu c\u01a1.<\/p>\n<p><strong>H\u01af\u1edaNG D\u1eaaN S\u1eec D\u1ee4NG<\/strong><\/p>\n<ul>\n<li>Giai \u0111o\u1ea1n c\u00e2y con v\u00e0 tr\u01b0\u1edbc khi ra hoa: D\u00f9ng 1 l\u00edt ph\u00e2n d\u01a1i s\u1ec7t cho phuy 300 l\u00edt n\u01b0\u1edbc.<\/li>\n<li>Giai \u0111o\u1ea1n nu\u00f4i tr\u00e1i v\u00e0 ph\u1ee5c h\u1ed3i sau khi thu ho\u1ea1ch: D\u00f9ng 1 l\u00edt ph\u00e2n d\u01a1i s\u1ec7t cho phuy 200 l\u00edt n\u01b0\u1edbc.<\/li>\n<li>T\u01b0\u1edbi \u01b0\u1edbt \u0111\u1ec1u c\u1ea3 c\u00e2y v\u00e0 quanh r\u1ec5. \u0110\u1ecbnh k\u1ef3 7-10 ng\u00e0y \/ l\u1ea7n. T\u01b0\u1edbi v\u00e0o s\u00e1ng s\u1edbm ho\u1eb7c tr\u1eddi m\u00e1t.<\/li>\n<li>Hi\u1ec7u qu\u1ea3 th\u1ea5y r\u00f5 sau 7-10 ng\u00e0y, t\u00e1c d\u1ee5ng l\u00e2u d\u00e0i v\u00e0 b\u1ec1n v\u1eefng.<\/li>\n<\/ul>\n","protected":false},"excerpt":{"rendered":"<p>TH\u00c0NH PH\u1ea6N: \u0110\u1ea1m (Nts) 2,6%; L\u00e2n (P2O5hh) : 1,2% Kali (K20hh): 2,4% \u0110\u1ed3ng (Cu): 109ppm; S\u1eaft (Fe): 0,12%; K\u1ebdm (Zn): 596ppm; H\u1eefu c\u01a1 (OM): 58,2%; Mangan ((Mn): 750ppm; Canxi (Ca) : 0,7%; Vi sinh v\u1eadt c\u00f3 l\u1ee3i : 8,5 x108 CFU\/g Magi\u00ea (Mg): 0,4%; pH: &gt;7,5 T\u1ef7 tr\u1ecdng: 1,1 C\u00d4NG D\u1ee4NG: C\u1ea3i t\u1ea1o v\u00e0 ph\u1ee5c [&#8230;]\n","protected":false},"featured_media":1574,"comment_status":"open","ping_status":"closed","template":"","meta":{"_acf_changed":false},"pwb-brand":[],"product_cat":[215,218,207,212,197],"product_tag":[],"yst_prominent_words":[],"class_list":["post-903","product","type-product","status-publish","has-post-thumbnail","hentry","product_cat-phan-bon-vi-sinh","product_cat-san-pham","product_cat-tang-truong-phuc-hoi-sau-thu-hoach","product_cat-theo-cong-dung","product_cat-theo-giai-doan-sinh-truong","add-to-wishlist-after_add_to_cart"],"acf":[],"brands":[],"_links":{"self":[{"href":"https:\/\/nonghoaxanh.vn\/en\/wp-json\/wp\/v2\/product\/903","targetHints":{"allow":["GET"]}}],"collection":[{"href":"https:\/\/nonghoaxanh.vn\/en\/wp-json\/wp\/v2\/product"}],"about":[{"href":"https:\/\/nonghoaxanh.vn\/en\/wp-json\/wp\/v2\/types\/product"}],"replies":[{"embeddable":true,"href":"https:\/\/nonghoaxanh.vn\/en\/wp-json\/wp\/v2\/comments?post=903"}],"wp:featuredmedia":[{"embeddable":true,"href":"https:\/\/nonghoaxanh.vn\/en\/wp-json\/wp\/v2\/media\/1574"}],"wp:attachment":[{"href":"https:\/\/nonghoaxanh.vn\/en\/wp-json\/wp\/v2\/media?parent=903"}],"wp:term":[{"taxonomy":"pwb-brand","embeddable":true,"href":"https:\/\/nonghoaxanh.vn\/en\/wp-json\/wp\/v2\/pwb-brand?post=903"},{"taxonomy":"product_cat","embeddable":true,"href":"https:\/\/nonghoaxanh.vn\/en\/wp-json\/wp\/v2\/product_cat?post=903"},{"taxonomy":"product_tag","embeddable":true,"href":"https:\/\/nonghoaxanh.vn\/en\/wp-json\/wp\/v2\/product_tag?post=903"},{"taxonomy":"yst_prominent_words","embeddable":true,"href":"https:\/\/nonghoaxanh.vn\/en\/wp-json\/wp\/v2\/yst_prominent_words?post=903"}],"curies":[{"name":"wp","href":"https:\/\/api.w.org\/{rel}","templated":true}]}}