



{"id":1349,"date":"2024-05-11T09:24:12","date_gmt":"2024-05-11T02:24:12","guid":{"rendered":"https:\/\/nonghoaxanh.vn\/?post_type=product&#038;p=1349"},"modified":"2026-05-16T05:15:36","modified_gmt":"2026-05-15T22:15:36","slug":"huu-co-con-cuu","status":"publish","type":"product","link":"https:\/\/nonghoaxanh.vn\/en\/san-pham\/huu-co-con-cuu\/","title":{"rendered":"H\u1eeeU C\u01a0 CON C\u1eeaU"},"content":{"rendered":"<p><strong>TH\u00c0NH PH\u1ea6N<\/strong><\/p>\n<p>Ch\u1ea5t h\u1eefu c\u01a1 (OM): 86%<\/p>\n<ul>\n<li>Nito t\u1ed5ng s\u1ed1: 4%<\/li>\n<li>P2O5 h\u1eefu hi\u1ec7u: 3%<\/li>\n<li>K2O h\u1eefu hi\u1ec7u: 3%<\/li>\n<li>Axit Fulvie: 30%<\/li>\n<li>Axit humie: 14%<\/li>\n<\/ul>\n<p><strong>C\u00d4NG D\u1ee4NG<\/strong><\/p>\n<ul>\n<li>Cung c\u1ea5p ch\u1ea5t h\u1eefu c\u01a1 cho \u0111\u1ea5t, gi\u00fap c\u1ea3i t\u1ea1o \u0111\u1ea5t, t\u0103ng \u0111\u1ed9 ph\u00ec nhi\u00eau cho \u0111\u1ea5t, gi\u00fap \u0111\u1ea5t t\u01a1i x\u1ed1p<\/li>\n<li>Cung c\u1ea5p h\u1ec7 vi sinh v\u1eadt c\u00f3 l\u01b0\u1ee3i cho \u0111\u1ea5t<\/li>\n<li>gi\u00fap c\u00e2y tr\u1ed3ng ph\u00e1t tri\u1ec3n kh\u1ecfe m\u1ea1nh, t\u0103ng n\u0103ng su\u1ea5t v\u00e0 ch\u1ea5t l\u01b0\u1ee3ng n\u00f4ng s\u1ea3n<\/li>\n<li>gi\u00fap r\u1ec5 ph\u00e1t tri\u1ec3n kh\u1ecfe m\u1ea1nh t\u0103ng pH cho \u0111\u1ea5t<\/li>\n<\/ul>\n<p><strong>H\u01af\u1edaNG D\u1eaaN S\u1eec D\u1ee4NG<\/strong><\/p>\n<p><strong>C\u00e2y \u0103n tr\u00e1i, c\u00e2y c\u00f4ng nghi\u1ec7p:<\/strong><\/p>\n<ul>\n<li>giai \u0111o\u1ea1n c\u00e2y con: b\u00f3n 1-2 kg\/g\u1ed1c<\/li>\n<li>giai \u0111on\u1ea1 c\u00e2y sinh tr\u01b0\u1eddng c\u00f3 kinh doanh: b\u00f3n 5-10kh\/g\u1ed1c<\/li>\n<\/ul>\n<p><strong>Rau m\u00e0u, l\u00faa: b\u00f3n 300-500 kg\/ha<\/strong><\/p>\n<p>&nbsp;<\/p>\n","protected":false},"excerpt":{"rendered":"<p><strong>OM 88% ; NPK: 4-3-3<\/strong><\/p>\n","protected":false},"featured_media":1350,"comment_status":"open","ping_status":"closed","template":"","meta":{"_acf_changed":false},"pwb-brand":[],"product_cat":[214,215,218,207,212,197],"product_tag":[],"yst_prominent_words":[],"class_list":["post-1349","product","type-product","status-publish","has-post-thumbnail","hentry","product_cat-phan-bon-re","product_cat-phan-bon-vi-sinh","product_cat-san-pham","product_cat-tang-truong-phuc-hoi-sau-thu-hoach","product_cat-theo-cong-dung","product_cat-theo-giai-doan-sinh-truong","add-to-wishlist-after_add_to_cart"],"acf":[],"brands":[],"_links":{"self":[{"href":"https:\/\/nonghoaxanh.vn\/en\/wp-json\/wp\/v2\/product\/1349","targetHints":{"allow":["GET"]}}],"collection":[{"href":"https:\/\/nonghoaxanh.vn\/en\/wp-json\/wp\/v2\/product"}],"about":[{"href":"https:\/\/nonghoaxanh.vn\/en\/wp-json\/wp\/v2\/types\/product"}],"replies":[{"embeddable":true,"href":"https:\/\/nonghoaxanh.vn\/en\/wp-json\/wp\/v2\/comments?post=1349"}],"wp:featuredmedia":[{"embeddable":true,"href":"https:\/\/nonghoaxanh.vn\/en\/wp-json\/wp\/v2\/media\/1350"}],"wp:attachment":[{"href":"https:\/\/nonghoaxanh.vn\/en\/wp-json\/wp\/v2\/media?parent=1349"}],"wp:term":[{"taxonomy":"pwb-brand","embeddable":true,"href":"https:\/\/nonghoaxanh.vn\/en\/wp-json\/wp\/v2\/pwb-brand?post=1349"},{"taxonomy":"product_cat","embeddable":true,"href":"https:\/\/nonghoaxanh.vn\/en\/wp-json\/wp\/v2\/product_cat?post=1349"},{"taxonomy":"product_tag","embeddable":true,"href":"https:\/\/nonghoaxanh.vn\/en\/wp-json\/wp\/v2\/product_tag?post=1349"},{"taxonomy":"yst_prominent_words","embeddable":true,"href":"https:\/\/nonghoaxanh.vn\/en\/wp-json\/wp\/v2\/yst_prominent_words?post=1349"}],"curies":[{"name":"wp","href":"https:\/\/api.w.org\/{rel}","templated":true}]}}