



{"id":1299,"date":"2024-05-06T12:23:46","date_gmt":"2024-05-06T05:23:46","guid":{"rendered":"https:\/\/nonghoaxanh.vn\/?post_type=product&#038;p=1299"},"modified":"2026-05-05T17:44:25","modified_gmt":"2026-05-05T10:44:25","slug":"kali-huu-co","status":"publish","type":"product","link":"https:\/\/nonghoaxanh.vn\/en\/san-pham\/kali-huu-co\/","title":{"rendered":"KALI H\u1eeeU C\u01a0"},"content":{"rendered":"<p><b>TH\u00c0NH PH\u1ea6N <\/b><\/p>\n<p>Nts:.<span style=\"font-weight: 400;\">3%<\/span><\/p>\n<p><span style=\"font-weight: 400;\">P205hh..3%<\/span><\/p>\n<p><span style=\"font-weight: 400;\">K2Ohh..<\/span><span style=\"font-weight: 400;\">18%<\/span><\/p>\n<p><span style=\"font-weight: 400;\">B\u1ed5 sung trung vi l\u01b0\u1ee3ng: Mg, S, Zn, Mn, Mo, Fe v\u00e0 c\u00e1c ph\u1ee5 gia h\u1eefu c\u01a1 \u0111\u1eb7c bi\u1ec7t kh\u00e1c v\u1eeba \u0111\u1ee7 100%<\/span><\/p>\n<p><em><strong>Ph\u1ee5 gia \u0111\u1eb7c bi\u1ec7t kh\u00e1c v\u1eeba \u0111\u1ee7.<\/strong><\/em><\/p>\n<p>Nguy\u00ean li\u1ec7u nh\u1eadp kh\u1ea9u t\u1eeb T\u00e2y Ban Nha<\/p>\n<p><strong>C\u00d4NG D\u1ee4NG<\/strong><\/p>\n<p><span style=\"font-weight: 400;\">&#8211; Cung c\u1ea5p Kali v\u00e0 c\u00e1c trung vi l\u01b0\u1ee3ng c\u1ea7n thi\u1ebft t\u1ee9c th\u1eddi trong <\/span><span style=\"font-weight: 400;\">th\u1eddi \u0111i\u1ec3m kh\u1ee7ng ho\u1ea3ng dinh d\u01b0\u1ee1ng c\u1ee7a c\u00e2y tr\u1ed3ng.<\/span><\/p>\n<p><span style=\"font-weight: 400;\">&#8211; Gi\u00fap tr\u00e1i l\u1edbn \u0111\u1ec1u, h\u1ea1n ch\u1ebf r\u1ee5ng tr\u00e1i, ch\u1eafc tr\u00e1i, tr\u00f2n tr\u00e1i.<\/span><\/p>\n<p><span style=\"font-weight: 400;\">&#8211; L\u00ean c\u01a1m, c\u01a1m v\u00e0ng, t\u0103ng \u0111\u1ed9 ng\u1ecdt, h\u1ea1n ch\u1ebf s\u01b0\u1ee3ng tr\u00e1i.<\/span><\/p>\n<p><span style=\"font-weight: 400;\">&#8211; Ch\u1ed1ng th\u1ed1i tr\u00e1i, n\u1ee9t tr\u00e1i, chai s\u01b0\u1ee3ng tr\u00e1i.<\/span><\/p>\n<p><span style=\"font-weight: 400;\">&#8211; \u0110\u1ed1i v\u1edbi c\u00e2y L\u00faa: Nu\u00f4i \u0111\u1ed3ng v\u00e0 nu\u00f4i h\u1ea1t, s\u00e1ng ch\u1eafc h\u1ea1t, <\/span><span style=\"font-weight: 400;\">t\u0103ng s\u1ee9c ch\u1ed1ng ch\u1ecbu s\u00e2u b\u1ec7nh, \u0111\u1ed5 ng\u00e3 v\u00e0 ch\u1ed1ng r\u1ee5ng h\u1ea1t.<\/span><\/p>\n<p><span style=\"font-weight: 400;\">&#8211; \u0110i\u1ec1u ch\u1ec9nh c\u00e2n b\u1eb1ng \u0111\u1ed9 pH v\u00e0 t\u0103ng s\u1ee9c \u0111\u1ec1 kh\u00e1ng trong c\u00e2y.<\/span><\/p>\n<p><span style=\"font-weight: 400;\">&#8211; T\u0103ng n\u0103ng su\u1ea5t, ph\u1ea9m ch\u1ea5t, m\u00e0u s\u1eafc n\u00f4ng s\u1ea3n \u0111\u1ea1t ti\u00eau chu\u1ea9n xu\u1ea5t kh\u1ea9u.<\/span><\/p>\n<p><strong>H\u01af\u1edaNG D\u1eaaN S\u1eec D\u1ee4NG<\/strong><\/p>\n<table>\n<tbody>\n<tr>\n<td>\n<p style=\"text-align: center;\"><b>C\u00e2y tr\u1ed3ng<\/b><\/p>\n<\/td>\n<td>\n<p style=\"text-align: center;\"><b>L\u01b0\u1ee3ng d\u00f9ng<\/b><\/p>\n<\/td>\n<\/tr>\n<tr>\n<td><span style=\"font-weight: 400;\">C\u00e2y \u0103n tr\u00e1i: (s\u1ea7u ri\u00eang, b\u01a1, xo\u00e0i, cam, qu\u00fdt, b\u01b0\u1edfi, m\u00e3ng c\u1ea7u&#8230;) Rau c\u00e1c lo\u00e0i: D\u01b0a leo, kh\u1ed5 qua, c\u00e0 chua, \u0111\u1eadu v\u00e1n&#8230;)<\/span><\/td>\n<td><span style=\"font-weight: 400;\">Pha 30 &#8211; 40ml\/ b\u00ecnh 20 l\u00edt phun ho\u1eb7c 300 &#8211; 400ml\/ phuy 200 l\u00edt. Phun \u01b0\u1edbt \u0111\u1ec1u l\u00e1.<\/span><\/td>\n<\/tr>\n<tr>\n<td><span style=\"font-weight: 400;\">Rau c\u00e1c lo\u1ea1i: D\u01b0a leo, kh\u1ed5 qua, c\u00e0 chua, \u0111\u1eadu v\u00e1n\u2026)<\/span><\/td>\n<td><span style=\"font-weight: 400;\">Pha 15 \u2013 20ml\/ b\u00ecnh 20 l\u00edt phun ho\u1eb7c 150 &#8211; 200ml\/ phuy 200 l\u00edt. Phun \u01b0\u1edbt \u0111\u1ec1u l\u00e1.<\/span><\/td>\n<\/tr>\n<tr>\n<td><span style=\"font-weight: 400;\">Hoa v\u00e0 c\u00e2y c\u1ea3nh<\/span><\/td>\n<td><span style=\"font-weight: 400;\">Pha 15 \u2013 20 ml\/ b\u00ecnh 20 l\u00edt Phun \u01b0\u1edbt \u0111\u1ec1u l\u00e1<\/span><\/td>\n<\/tr>\n<\/tbody>\n<\/table>\n<p><strong>C\u1ea2NH B\u00c1O<\/strong><\/p>\n<p><span style=\"font-weight: 400;\">&#8211; C\u00f3 th\u1ec3 pha chung v\u1edbi thu\u1ed1c BVTV. Phun v\u00e0o s\u00e1ng s\u1edbm ho\u1eb7c chi\u1ec1u m\u00e1t. B\u1ea3o qu\u1ea3n n\u01a1i kh\u00f4 r\u00e1o, tho\u00e1ng m\u00e1t, tr\u00e1nh \u00e1nh n\u1eafng tr\u1ef1c ti\u1ebfp, tr\u00e1nh xa t\u1ea7m tay tr\u1ebb em.<\/span><\/p>\n","protected":false},"excerpt":{"rendered":"<p>L\u00caN C\u01a0M-CH\u1ed0NG S\u01af\u1ee2NG-L\u1edaN TR\u00c1I-CH\u1eaeC TR\u00c1I-N\u1eb6NG K\u00dd-TRONG TR\u00c1I-C\u01a0M V\u00c0NG-GAI NH\u00cdM<\/p>\n","protected":false},"featured_media":1556,"comment_status":"open","ping_status":"closed","template":"","meta":{"_acf_changed":false},"pwb-brand":[],"product_cat":[209,216,218,212,197],"product_tag":[],"yst_prominent_words":[],"class_list":["post-1299","product","type-product","status-publish","has-post-thumbnail","hentry","product_cat-nuoi-trai-duong-trai","product_cat-phan-bon-la","product_cat-san-pham","product_cat-theo-cong-dung","product_cat-theo-giai-doan-sinh-truong","add-to-wishlist-after_add_to_cart"],"acf":[],"brands":[],"_links":{"self":[{"href":"https:\/\/nonghoaxanh.vn\/en\/wp-json\/wp\/v2\/product\/1299","targetHints":{"allow":["GET"]}}],"collection":[{"href":"https:\/\/nonghoaxanh.vn\/en\/wp-json\/wp\/v2\/product"}],"about":[{"href":"https:\/\/nonghoaxanh.vn\/en\/wp-json\/wp\/v2\/types\/product"}],"replies":[{"embeddable":true,"href":"https:\/\/nonghoaxanh.vn\/en\/wp-json\/wp\/v2\/comments?post=1299"}],"wp:featuredmedia":[{"embeddable":true,"href":"https:\/\/nonghoaxanh.vn\/en\/wp-json\/wp\/v2\/media\/1556"}],"wp:attachment":[{"href":"https:\/\/nonghoaxanh.vn\/en\/wp-json\/wp\/v2\/media?parent=1299"}],"wp:term":[{"taxonomy":"pwb-brand","embeddable":true,"href":"https:\/\/nonghoaxanh.vn\/en\/wp-json\/wp\/v2\/pwb-brand?post=1299"},{"taxonomy":"product_cat","embeddable":true,"href":"https:\/\/nonghoaxanh.vn\/en\/wp-json\/wp\/v2\/product_cat?post=1299"},{"taxonomy":"product_tag","embeddable":true,"href":"https:\/\/nonghoaxanh.vn\/en\/wp-json\/wp\/v2\/product_tag?post=1299"},{"taxonomy":"yst_prominent_words","embeddable":true,"href":"https:\/\/nonghoaxanh.vn\/en\/wp-json\/wp\/v2\/yst_prominent_words?post=1299"}],"curies":[{"name":"wp","href":"https:\/\/api.w.org\/{rel}","templated":true}]}}