



{"id":1295,"date":"2024-05-06T11:55:36","date_gmt":"2024-05-06T04:55:36","guid":{"rendered":"https:\/\/nonghoaxanh.vn\/?post_type=product&#038;p=1295"},"modified":"2024-05-31T15:02:55","modified_gmt":"2024-05-31T08:02:55","slug":"meta-cymo","status":"publish","type":"product","link":"https:\/\/nonghoaxanh.vn\/en\/san-pham\/meta-cymo\/","title":{"rendered":"METACYMO"},"content":{"rendered":"<p><strong>TH\u00c0NH PH\u1ea6N\u00a0<\/strong><\/p>\n<p><span style=\"font-weight: 400;\">Cymoxanil&#8230;&#8230;.40g\/kg<\/span><\/p>\n<p><span style=\"font-weight: 400;\">Metalaxyl&#8230;..40g\/kg<\/span><\/p>\n<p><span style=\"font-weight: 400;\">Mancozeb&#8230;..<\/span><span style=\"font-weight: 400;\">.720g\/kg<\/span><\/p>\n<p><strong>C\u00d4NG D\u1ee4NG<\/strong><\/p>\n<p><span style=\"font-weight: 400;\">S\u1ea3n ph\u1ea9m l\u00e0 h\u1ed7n h\u1ee3p c\u1ee7a 2 ho\u1ea1t ch\u1ea5t c\u1ef1c m\u1ea1nh Mancozeb v\u00e0 Metalaxyl gi\u00fap ph\u00f2ng tr\u1eeb n\u1ea5m ph\u1ed5<\/span><\/p>\n<p><span style=\"font-weight: 400;\">r\u1ed9ng, t\u00e1c d\u1ee5ng ti\u1ebfp x\u00fac, n\u1ed9i h\u1ea5p, l\u01b0u d\u1eabn, c\u00f3 t\u00ednh b\u00e1m d\u00ednh c\u1ef1c t\u1ed1t v\u00e0 \u00edt b\u1ecb r\u1eeda tr\u00f4i. S\u1ef1 ho\u1ea1t ho\u00e1 Mancozeb th\u00e0nh Ethylene bisiothiocyanate (EBI), g\u00e2y \u1ee9c ch\u1ebf ho\u1ea1t \u0111\u1ed9ng c\u1ee7a s\u00e1u qu\u00e1 tr\u00ecnh <\/span><span style=\"font-weight: 400;\">sinh h\u00f3a kh\u00e1c nhau trong t\u1ebf b\u00e0o ch\u1ea5t v\u00e0 ty th\u1ec3, <\/span><span style=\"font-weight: 400;\">ph\u00e1 v\u1ee1 s\u1ef1 n\u1ea3y m\u1ea7m c\u1ee7a b\u00e0o t\u1eed n\u1ea5m b\u1ec7nh. Meta- laxyl c\u00f3 t\u00ednh l\u01b0u d\u1eabn hai chi\u1ec1u c\u1ef1c m\u1ea1nh, x\u00e2m nh\u1eadp v\u00e0o m\u00f4 c\u00e2y nhanh ch\u00f3ng v\u00e0 ti\u00eau di\u1ec7t n\u1ea5m b\u1ec7nh g\u00e2y h\u1ea1i. S\u1ea3n ph\u1ea9m \u0111\u01b0\u1ee3c \u0111\u0103ng k\u00fd tr\u1eed lo\u00e9t s\u1ecdc m\u1eb7t c\u1ea1o tr\u00ean cao su.<\/span><\/p>\n<p><b>H\u01af\u1edaNG D\u1eaaN S\u1eec D\u1ee4NG<\/b><\/p>\n<p><span style=\"font-weight: 400;\">S\u1eed d\u1ee5ng hi\u1ec7u qu\u1ea3 \u1edf n\u1ed3ng \u0111\u1ed9 1.52% w\/v. Thu\u1ed1c \u0111\u01b0\u1ee3c qu\u00e9t l\u00ean mi\u1ec7ng cao 3 l\u1ea7n, m\u1ed7i l\u1ea7n c\u00e1ch nhau 7 ng\u00e0y. Qu\u00e9t thu\u1ed1c khi b\u1ec7nh xu\u1ea5t hi\u1ec7n. Th\u1eddi gian c\u00e1ch ly: 7 ng\u00e0y.<\/span><\/p>\n<p><b>C\u1ea2NH B\u00c1O<\/b><\/p>\n<p><span style=\"font-weight: 400;\">C\u00f3 th\u1ec3 c\u00f3 h\u1ea1i n\u1ebfu nu\u1ed1t ph\u1ea3i, khi ti\u1ebfp x\u00fac v\u1edbi da ho\u1eb7c h\u00edt ph\u1ea3i<\/span><\/p>\n<p><span style=\"font-weight: 400;\"><strong>H\u01b0\u1edbng d\u1eabn an to\u00e0n:<\/strong> \u0110\u1ec2 XA T\u1ea6M V\u1edaI C\u1ee6A TR\u1eba EM. \u0110\u1eccC K\u1ef8 NH\u00c3N THU\u1ed0C TR\u01af\u1edaC KHI D\u00d9NG. KH\u00d4NG h\u00fat thu\u1ed1c, \u0103n ho\u1eb7c u\u1ed1ng trong khi s\u1eed d\u1ee5ng, s\u1ea3n ph\u1ea9m n\u00e0y. KHI TI\u1ebeP X\u00daC HO\u1eb6C CHU\u1ea8N B\u1eca THU\u1ed0C: TR\u00c1NH: H\u00edt ph\u1ea3i thu\u1ed1c, \u0111\u1ec3 thu\u1ed1c ti\u1ebfp x\u00fac v\u1edbi mi\u1ec7ng, da v\u00e0 m\u1eaft. MANG: B\u1ea3o h\u1ed9 lao \u0111\u1ed9ng ph\u00f9 h\u1ee3p. N\u1ebeU B\u1eca D\u00cdNH THU\u1ed0C: Ngay l\u1eadp t\u1ee9c c\u1edfi qu\u1ea7n \u00e1o b\u1ecb<\/span><\/p>\n<p><span style=\"font-weight: 400;\">d\u00ednh thu\u1ed1c ho\u1eb7c b\u1eafn nhi\u1ec1u thu\u1ed1c. R\u1eeda k\u1ef9 ph\u1ea7n b\u1ecb d\u00ednh thu\u1ed1c b\u1eb1ng nhi\u1ec1u n\u01b0\u1edbc s\u1ea1ch. SAU KHI S\u1eec D\u1ee4NG: R\u1eeda ch\u00e2n tay v\u00e0 t\u1eafm r\u1eeda. R\u1eeda s\u1ea1ch trang b\u1ecb b\u1ea3o h\u1ed9 lao \u0111\u1ed9ng.<\/span><\/p>\n<p><span style=\"font-weight: 400;\">S\u1eec D\u1ee4NG: Gi\u1eef k\u00edn trong bao g\u00f3i g\u1ed1c \u0111\u01b0\u1ee3c d\u00e1n C\u1ea4T GI\u1eee, S\u1eec D\u1ee4NG V\u00c0 X\u1eec L\u00dd BAO G\u00d3I SAU nh\u00e3n. KH\u00d4NG s\u1eed d\u1ee5ng l\u1ea1i bao g\u00f3i n\u00e0y v\u00ec b\u1ea5t k\u1ef3 m\u1ee5c \u0111\u00edch n\u00e0o kh\u00e1c. \u0110\u1ec3 bao g\u00f3i \u1edf n\u01a1i an to\u00e0n, tr\u00e1nh xa th\u1ee9c \u0103n, tr\u1ebb em v\u00e0 \u0111\u1ed9ng v\u1eadt. B\u1ecf bao b\u00ec g\u00f3i sau s\u1eed d\u1ee5ng \u0111\u00fang n\u01a1i quy \u0111\u1ecbnh. B\u1ecf bao g\u00f3i sau s\u1eed d\u1ee5ng ph\u1ea3i \u0111\u01b0\u1ee3c r\u1eeda 3 l\u1ea7n.<\/span><\/p>\n<p><span style=\"font-weight: 400;\"><em><strong>S\u01a1 c\u1ea5p c\u1ee9u:<\/strong> <\/em>Thu\u1ed1c d\u00ednh v\u00e0o m\u1eaft ph\u1ea3i r\u1eeda n\u01b0\u1edbc s\u1ea1ch \u00edt nh\u1ea5t 15 ph\u00fat. N\u1ebfu nu\u1ed1t ph\u1ea3i thu\u1ed1c ph\u1ea3i \u0111\u01b0a ngay b\u1ec7nh nh\u00e2n t\u1edbi b\u1ec7nh vi\u1ec7n g\u1ea7n nh\u1ea5t, k\u00e8m theo nh\u00e2n thu\u1ed1c \u0111\u1ec3 b\u00e1c s\u0129 \u0111i\u1ec1u tr\u1ecb theo tri\u1ec7u ch\u1ee9ng.<\/span><\/p>\n","protected":false},"excerpt":{"rendered":"<p><strong>KH\u1eaeC TINH C\u1ee6A N\u1ea4M PHYTOPHTHORA<\/strong><\/p>\n","protected":false},"featured_media":1365,"comment_status":"open","ping_status":"closed","template":"","meta":{"_acf_changed":false},"pwb-brand":[],"product_cat":[218],"product_tag":[],"yst_prominent_words":[],"class_list":["post-1295","product","type-product","status-publish","has-post-thumbnail","hentry","product_cat-san-pham","add-to-wishlist-after_add_to_cart"],"acf":[],"brands":[],"_links":{"self":[{"href":"https:\/\/nonghoaxanh.vn\/en\/wp-json\/wp\/v2\/product\/1295","targetHints":{"allow":["GET"]}}],"collection":[{"href":"https:\/\/nonghoaxanh.vn\/en\/wp-json\/wp\/v2\/product"}],"about":[{"href":"https:\/\/nonghoaxanh.vn\/en\/wp-json\/wp\/v2\/types\/product"}],"replies":[{"embeddable":true,"href":"https:\/\/nonghoaxanh.vn\/en\/wp-json\/wp\/v2\/comments?post=1295"}],"wp:featuredmedia":[{"embeddable":true,"href":"https:\/\/nonghoaxanh.vn\/en\/wp-json\/wp\/v2\/media\/1365"}],"wp:attachment":[{"href":"https:\/\/nonghoaxanh.vn\/en\/wp-json\/wp\/v2\/media?parent=1295"}],"wp:term":[{"taxonomy":"pwb-brand","embeddable":true,"href":"https:\/\/nonghoaxanh.vn\/en\/wp-json\/wp\/v2\/pwb-brand?post=1295"},{"taxonomy":"product_cat","embeddable":true,"href":"https:\/\/nonghoaxanh.vn\/en\/wp-json\/wp\/v2\/product_cat?post=1295"},{"taxonomy":"product_tag","embeddable":true,"href":"https:\/\/nonghoaxanh.vn\/en\/wp-json\/wp\/v2\/product_tag?post=1295"},{"taxonomy":"yst_prominent_words","embeddable":true,"href":"https:\/\/nonghoaxanh.vn\/en\/wp-json\/wp\/v2\/yst_prominent_words?post=1295"}],"curies":[{"name":"wp","href":"https:\/\/api.w.org\/{rel}","templated":true}]}}