



{"id":1290,"date":"2024-05-06T10:56:55","date_gmt":"2024-05-06T03:56:55","guid":{"rendered":"https:\/\/nonghoaxanh.vn\/?post_type=product&#038;p=1290"},"modified":"2024-07-10T09:09:38","modified_gmt":"2024-07-10T02:09:38","slug":"phosphonate","status":"publish","type":"product","link":"https:\/\/nonghoaxanh.vn\/en\/san-pham\/phosphonate\/","title":{"rendered":"PHOSPHONATE"},"content":{"rendered":"<p><b>TH\u00c0NH PH\u1ea6N:<\/b><\/p>\n<p><span style=\"font-weight: 400;\">L\u00e2n h\u1eefu hi\u1ec7u (P_0 ): 35% <\/span><\/p>\n<p><span style=\"font-weight: 400;\">Kali h\u1eefu hi\u1ec7u (K,0): 7%<\/span><\/p>\n<p><span style=\"font-weight: 400;\"> K\u1ebdm (Zn): 1.000<\/span><span style=\"font-weight: 400;\">mg\/kg<\/span><\/p>\n<p><span style=\"font-weight: 400;\"> Bo (B): 1.000 mg\/kg<\/span><\/p>\n<p><span style=\"font-weight: 400;\">T\u1ef7 tr\u1ecdng: 1,38<\/span><\/p>\n<p><strong>C\u00d4NG D\u1ee4NG:<\/strong><\/p>\n<p><span style=\"font-weight: 400;\">Ph\u00f2ng v\u00e0 tr\u1ecb b\u1ec7nh tr\u00ean s\u1ea7u ri\u00eang do n\u1ea5m <em>Phytophthora<\/em> g\u00e2y n\u1ee9t th\u00e2n, x\u00ec m\u1ee7, l\u1edf c\u1ed5 r\u1ec5, th\u1ed1i r\u1ec5, kh\u00f4 c\u00e0nh, ch\u1ebft ng\u1ecdn, th\u1ed1i qu\u1ea3..<\/span><\/p>\n<p><strong>C\u00c1CH S\u1eec D\u1ee4NG:<\/strong><\/p>\n<p><span style=\"font-weight: 400;\"><em><strong>Ph\u00f2ng B\u1ec7nh:<\/strong><\/em> Phun \u01b0\u1edbt \u0111\u1ec1u t\u00e1n l\u00e1 (n\u1ed3ng \u0111\u1ed9 0.5%) \u0111\u1ecbnh k\u1ef3 m\u1ed7i th\u00e1ng. K\u1ebft h\u1ee3p t\u01b0\u1edbi v\u00e0o c\u1ed5 r\u1ec5 t\u1eeb g\u1ed1c r\u1ed9ng ra 30-100cm, n\u1ebfu c\u1ed5 r\u1ec5 n\u1eb1m s\u00e2u | trong \u0111\u1ea5t th\u00ec d\u00f9ng thoa n\u01b0\u1edbc x\u1edbi \u0111\u1ea5t xung quanh g\u1ed1c ho\u1eb7c d\u00f9ng c\u1ea7n s\u1ee5c \u0111\u1ec3 \u0111\u01b0a thu\u1ed1c v\u00e0o pha n\u1ed3ng \u0111\u1ed9 1% (2 l\u00edt\/200 l\u00edt), 2-20 l\u00edt dung d\u1ecbch\/ c\u00e2y tr\u01b0\u1edfng th\u00e0nh: 1-2 l\u00edt dung d\u1ecbch\/ c\u00e2y con) ho\u1eb7c ti\u00eam th\u00e2n (\u00e1p d\u1ee5ng cho c\u00e2y c\u00f3 \u0111\u01b0\u1eddng k\u00ednh th\u00e2n tr\u00ean 15cm; pha thu\u1ed1c n\u01b0\u1edbc theo t\u1ec9 l\u1ec7 1:1 ti\u00eam 2ml dung d\u1ecbch cho m\u1ed7i 1cm \u0111\u01b0\u1eddng k\u00ednh). M\u1ed7i l\u1ea7n c\u00e1ch nhau 60-75 ng\u00e0y\u00a0 b\u1eaft \u0111\u1ea7u v\u00e0o \u0111\u1ea7u m\u00f9a m\u01b0a.\u00a0<\/span><\/p>\n<p><span style=\"font-weight: 400;\"><em><strong>Tr\u1ecb B\u1ec7nh<\/strong><\/em>: Phun \u01b0\u1edbt \u0111\u1ec1u t\u00e1n l\u00e1 (n\u1ed3ng \u0111\u1ed9 0-5%) k\u1ebft h\u1ee3p t\u01b0\u1edbi v\u00e0o c\u1ed5 r\u1ec5 (n\u1ed3ng \u0111\u1ed9 1%) ho\u1eb7c ti\u00eam th\u00e2n: X\u1eed l\u00fd 3 l\u1ea7n li\u00ean ti\u1ebfp m\u1ed7i l\u1ea7n c\u00e1ch nhau 15 ng\u00e0y.<\/span><\/p>\n<p><em><strong>Ph\u00f2ng b\u1ec7nh th\u1ed1i qu\u1ea3:<\/strong><\/em> Phun \u01b0\u1edbt \u0111\u1ec1u 2 m\u1eb7t l\u00e1, qu\u1ea3 <span style=\"font-weight: 400;\">(n\u1ed3ng \u0111\u1ed9 0.5%) \u0111\u1ecbnh k\u1ef3 m\u1ed7i th\u00e1ng. K\u1ebft h\u1ee3p 3 l\u1ea7n t\u01b0\u1edbi v\u00e0o c\u1ed5 r\u1ec5 (n\u1ed3ng \u0111\u1ed9 1%, 6-20 lit dung \u0111\u1ecbch\/ c\u00e2y t\u00f9y theo \u0111\u1ed9 tu\u1ed5i) ho\u1eb7c 3 l\u1ea7n ti\u00eam th\u00e2n, m\u1ed7i l\u1ea7n c\u00e1ch nhau 1 th\u00e1ng b\u1eaft \u0111\u1ea7u t\u1eeb khi qu\u1ea3 to b\u1eb1ng tr\u1ee9ng g\u00e0.\u00a0<\/span><\/p>\n<p><span style=\"font-weight: 400;\"><em><strong>Tr\u1ecb B\u1ec7nh Th\u1ed1i Qu\u1ea3:<\/strong><\/em> Pha n\u1ed3ng \u0111\u1ed9 2% (2 l\u00edt\/100 l\u00edt) r\u1ed3i phun \u01b0\u1edbt \u0111\u1ec1u v\u00e0o qu\u1ea3. Phun 2 l\u1ea7n c\u00e1ch nhau 3-5 ng\u00e0y<\/span><\/p>\n<p><strong>L\u01b0u \u00fd: KH\u00d4NG KH\u00c1NG THU\u1ed0C<\/strong><\/p>\n<p>&#8211; \u0110\u1ea5t ph\u1ea3i \u0111\u1ee7 n\u01b0\u1edbc trong su\u1ed1t th\u1eddi gian x\u1eed l\u00fd thu\u1ed1c<\/p>\n<p>&#8211; Kh\u00f4ng pha chung v\u1edbi g\u1ed1c Cu (\u0111\u1ed3ng), Carben-dazim, nh\u0169 d\u1ea7u, b\u00e1m d\u00ednh<\/p>\n<p>&#8211; L\u1eafc \u0111\u1ec1u chai tr\u01b0\u1edbc khi s\u1eed d\u1ee5ng. C\u00f3 th\u1ec3 k\u1ebft h\u1ee3p v\u1edbi thu\u1ed1c BVTV<\/p>\n<p>&#8211; Kh\u00f4ng s\u1eed d\u1ee5ng qu\u00e1 li\u1ec1u l\u01b0\u1ee3ng h\u01b0\u1edbng d\u1eabn<\/p>\n<p>&#8211; C\u00f3 th\u1ec3 t\u01b0\u1edbi nh\u1ecf gi\u1ecdt, t\u01b0\u1edbi g\u1ed1c, b\u00f3n r\u1ec5, ti\u00eam v\u00e0o th\u00e2n ho\u1eb7c phun qua l\u00e1<\/p>\n<p><b>\u0110\u1eb6C T\u00cdNH S\u1ea2N PH\u1ea8M:<\/b><\/p>\n<p><span style=\"font-weight: 400;\">Ho\u1ea1t ch\u1ea5t PHOSPHONATE (Agri Fos) l\u00e0 h\u1ed7n h\u1ee3p c\u1ee7a 2 mu\u1ed1i KH2PO3 v\u00e0 K2HPO3. Khi thu\u1ed1c \u0111\u01b0\u1ee3c h\u1ea5p th\u1ee5 v\u00e0o c\u00e2y s\u1ebd ph\u00e2n ly th\u00e0nh 2 ion K+ v\u00e0 K\u1ebf ho\u1ea1t h\u00f3a nhi\u1ec1u enzyme gi\u00fap t\u0103ng c\u01b0\u1eddng ho\u1ea1t \u0111\u1ed9ng trao \u0111\u1ed5i ch\u1ea5t &#8211; HPO3- l\u01b0u d\u1eabn 2 chi\u1ec1u. <\/span><\/p>\n<p><span style=\"font-weight: 400;\">&#8211; K+ ho\u1ea1t h\u00f3a nhi\u1ec1u enzyme gi\u00fap t\u0103ng c\u01b0\u1eddng ho\u1ea1t \u0111\u1ed9ng trao \u0111\u1ed5i ch\u1ea5t trong c\u00e2y.\u00a0<\/span><\/p>\n<p><span style=\"font-weight: 400;\">&#8211;\u00a0 HPO3 k\u00edch ho\u1ea1t c\u00e1c th\u1ee5 th\u1ec3 tr\u00ean m\u00e0ng nguy\u00ean sinh \u0111\u1ec3 nh\u1eadn bi\u1ebft c\u00e1c ph\u00e2n t\u1eed c\u1ee7a m\u1ea7m b\u1ec7nh (k\u00edch kh\u00e1ng ch\u1ee7 \u0111\u1ed9ng) sau \u0111\u00f3 \u0111i v\u00e0o trong nh\u00e2n c\u1ee7a t\u1ebf b\u00e0o \u0111\u1ec3 kh\u1edfi \u0111\u1ed9ng c\u00e1c gen sinh t\u1ed5ng h\u1ee3p c\u00e1c ch\u1ea5t \u0111\u1ec1 kh\u00e1ng cho c\u00e2y. Ngo\u00e0i ra, HPO3 &#8211; c\u00f2n tham gia v\u00e0o qu\u00e1 tr\u00ecnh t\u1ed5ng h\u1ee3p ATP v\u00e0 cung c\u1ea5p n\u0103ng l\u01b0\u1ee3ng cho ho\u1ea1t \u0111\u1ed9ng trao \u0111\u1ed5i ch\u1ea5t trong c\u00e2y.<\/span><\/p>\n<p><span style=\"font-weight: 400;\"> &#8211; Agri Fos tr\u1ecb b\u1ec7nh b\u1eb1ng c\u01a1 ch\u1ebf k\u00edch kh\u00e1ng ch\u1ee7 \u0111\u1ed9ng (k\u00edch kh\u00e1ng c\u00e2y ti\u1ebft ra ch\u1ea5t \u0111\u1ec1 kh\u00e1ng \u0111\u1eb7c bi\u1ec7t nh\u01b0 :Phytoalexin, PR-proteins&#8230;t\u1ea5n c\u00f4ng ti\u00eau di\u1ec7t n\u1ea5m b\u1ec7nh<\/span><\/p>\n<p><span style=\"font-weight: 400;\"> &#8211; Agri Fos tr\u1ef1c ti\u1ebfp ng\u0103n ch\u1eb7n s\u1ef1 h\u00ecnh th\u00e0nh b\u00e0o t\u1eed c\u1ee7a n\u1ea5m <em>Phytophthora<\/em>, <em>Pythium<\/em>, vi khu\u1ea9n <em>Erwinia<\/em>. <em>Vertutia<\/em>&#8230;khoanh v\u00f9ng nhi\u1ec5m b\u1ec7nh, kh\u00f4ng cho v\u1ebft lo\u00e9t l\u00e2y lan, l\u00e0m l\u00e0nh v\u1ebft b\u1ec7nh do t\u1ea1o ra Ethylen v\u00e0 enzyme lytase ph\u00e2n h\u1ee7y t\u1ebf b\u00e0o ch\u1ebft<\/span><\/p>\n<p><span style=\"font-weight: 400;\"> \u2022 Thu\u1ed1c r\u1ea5t linh \u0111\u1ed9ng n\u00ean \u0111\u01b0\u1ee3c h\u1ea5p thu nhanh, l\u01b0u d\u1eabn m\u1ea1nh 2 chi\u00eau <\/span><\/p>\n<p><span style=\"font-weight: 400;\">\u2022 Thu\u1ed1c \u0111\u01b0\u1ee3c h\u1ea5p thu v\u00e0o b\u1eb1ng con \u0111\u01b0\u1eddng l\u00e1, r\u1ec5, ti\u00eam th\u00e2n, ng\u00e2m h\u1ea1t * K\u00edch th\u00edch h\u1ec7 th\u1ed1ng \u0111\u1ec1 kh\u00e1ng c\u1ee7a c\u00e2y \u0111\u1ec3 ti\u00eau di\u1ec7t m\u1ea7m b\u1ec7nh.<\/span><\/p>\n<p><span style=\"font-weight: 400;\"> \u2022 G\u1eedi t\u00edn hi\u1ec7u b\u00e1o \u0111\u1ed9ng h\u00ecnh th\u00e0nh c\u01a1 ch\u1ebf ph\u1ea3n v\u1ec7. <\/span><\/p>\n<p><span style=\"font-weight: 400;\">\u2022 Ng\u0103n ch\u1eb7n h\u00ecnh th\u00e0nh v\u00e0 \u1ee9c ch\u1ebf b\u00e0o t\u1eed g\u00e2y b\u1ec7nh. <\/span><\/p>\n<p><span style=\"font-weight: 400;\">\u2022 L\u00e0m d\u00e0y v\u00e1ch t\u1ebf b\u00e0o do gi\u00fap c\u00e2y s\u1ea3n xu\u1ea5t c\u00e1c ch\u1ea5t polysacchar <\/span><\/p>\n<p><span style=\"font-weight: 400;\">\u2022 S\u1ea3n sinh enzyme Lytic v\u00e0 ethylen c\u00f4 l\u1eadp v\u00f9ng b\u1ec7nh \u0111\u1ec3 l\u00e0m <\/span><\/p>\n<p><span style=\"font-weight: 400;\">\u2022 Ch\u1ed1ng oxy ho\u00e1, l\u00e0m tr\u1ebb ho\u00e1 c\u00e2y khi s\u1eed d\u1ee5ng l\u00e2u d\u00e0i. <\/span><\/p>\n<p><span style=\"font-weight: 400;\">\u2022 H\u00ecnh th\u00e0nh v\u00e0 ph\u00e1t tri\u1ec3n b\u1ed9 r\u1ec5 m\u1edbi ch\u1ed1ng l\u1ea1i t\u00e1c nh\u00e2n b\u1ea5t l\u1ee3i cho c\u1eadp\u00a0<\/span><\/p>\n<p><span style=\"font-weight: 400;\">\u2022 C\u00e2y ph\u00e1t tri\u1ec3n b\u00ean v\u1eefng, l\u00e0m t\u0103ng n\u0103ng su\u1ea5t, ch\u1ea5t l\u01b0\u1ee3ng\u00a0 ph\u1ea9m ch\u1ea5t <\/span><span style=\"font-weight: 400;\">v\u00e0 m\u00e0u s\u1eafc c\u1ee7a n\u00f4ng s\u1ea3n.<\/span><\/p>\n<p>B\u1ea2O QU\u1ea2N:<\/p>\n<p>\u0110\u1ec3 thu\u1ed1c n\u01a1i tho\u00e1ng m\u00e1t, kh\u00f4ng \u0111\u1ec3 tr\u1ef1c ti\u1ebfp d\u01b0\u1edbi \u00e1nh n\u1eafng m\u1eb7t tr\u1eddi.<\/p>\n","protected":false},"excerpt":{"rendered":"<p>Chuy\u00ean d\u00f9ng cho v\u01b0\u1eddn s\u1ea7u ri\u00eang b\u1ecb n\u1ea5m <em>Phytophthora<\/em>\u00a0v\u1edbi c\u00e1c d\u1ea5u hi\u1ec7u sau: n\u1ee9t th\u00e2n, x\u00ec m\u1ee7, l\u1edf c\u1ed5 r\u1ec5, th\u1ed1i qu\u1ea3, kh\u00f4 ng\u1ecdn, kh\u00f4 c\u00e0nh<\/p>\n","protected":false},"featured_media":1623,"comment_status":"open","ping_status":"closed","template":"","meta":{"_acf_changed":false},"pwb-brand":[],"product_cat":[217,218,207,212,197,211],"product_tag":[],"yst_prominent_words":[],"class_list":["post-1290","product","type-product","status-publish","has-post-thumbnail","hentry","product_cat-bao-ve-cay-trong","product_cat-san-pham","product_cat-tang-truong-phuc-hoi-sau-thu-hoach","product_cat-theo-cong-dung","product_cat-theo-giai-doan-sinh-truong","product_cat-tri-benh","add-to-wishlist-after_add_to_cart"],"acf":[],"brands":[],"_links":{"self":[{"href":"https:\/\/nonghoaxanh.vn\/en\/wp-json\/wp\/v2\/product\/1290","targetHints":{"allow":["GET"]}}],"collection":[{"href":"https:\/\/nonghoaxanh.vn\/en\/wp-json\/wp\/v2\/product"}],"about":[{"href":"https:\/\/nonghoaxanh.vn\/en\/wp-json\/wp\/v2\/types\/product"}],"replies":[{"embeddable":true,"href":"https:\/\/nonghoaxanh.vn\/en\/wp-json\/wp\/v2\/comments?post=1290"}],"wp:featuredmedia":[{"embeddable":true,"href":"https:\/\/nonghoaxanh.vn\/en\/wp-json\/wp\/v2\/media\/1623"}],"wp:attachment":[{"href":"https:\/\/nonghoaxanh.vn\/en\/wp-json\/wp\/v2\/media?parent=1290"}],"wp:term":[{"taxonomy":"pwb-brand","embeddable":true,"href":"https:\/\/nonghoaxanh.vn\/en\/wp-json\/wp\/v2\/pwb-brand?post=1290"},{"taxonomy":"product_cat","embeddable":true,"href":"https:\/\/nonghoaxanh.vn\/en\/wp-json\/wp\/v2\/product_cat?post=1290"},{"taxonomy":"product_tag","embeddable":true,"href":"https:\/\/nonghoaxanh.vn\/en\/wp-json\/wp\/v2\/product_tag?post=1290"},{"taxonomy":"yst_prominent_words","embeddable":true,"href":"https:\/\/nonghoaxanh.vn\/en\/wp-json\/wp\/v2\/yst_prominent_words?post=1290"}],"curies":[{"name":"wp","href":"https:\/\/api.w.org\/{rel}","templated":true}]}}