



{"id":1288,"date":"2024-05-06T10:27:11","date_gmt":"2024-05-06T03:27:11","guid":{"rendered":"https:\/\/nonghoaxanh.vn\/?post_type=product&#038;p=1288"},"modified":"2024-07-10T09:10:07","modified_gmt":"2024-07-10T02:10:07","slug":"canxi-bo-kem","status":"publish","type":"product","link":"https:\/\/nonghoaxanh.vn\/en\/san-pham\/canxi-bo-kem\/","title":{"rendered":"CANXI BO K\u1ebcM"},"content":{"rendered":"<p><span style=\"font-weight: 400;\"><b>TH\u00c0NH PH\u1ea6N:<\/b><\/span><\/p>\n<p><span style=\"font-weight: 400;\">Canxi (Ca)..<\/span><span style=\"font-weight: 400;\">.2%; <\/span><\/p>\n<p><span style=\"font-weight: 400;\">Bo (B)&#8230;<\/span><span style=\"font-weight: 400;\">.30.000mg\/kg<\/span><\/p>\n<p><span style=\"font-weight: 400;\">K\u1ebdm (Zn)&#8230;&#8230;&#8230;..500mg\/kg<\/span><\/p>\n<p><span style=\"font-weight: 400;\"> T\u1ef7 tr\u1ecdng&#8230;&#8230;&#8230;&#8230;1,13 <\/span><\/p>\n<p><span style=\"font-weight: 400;\">S\u1eed d\u1ee5ng ngu\u1ed3n nguy\u00ean li\u1ec7u c\u00f3 ch\u1ee9a: Ca; B202; Cu; Mn; Fe; Zn, | B\u1ed5 sung Amino Acid gi\u00fap c\u00e2y\u00a0ph\u00e1t tri\u1ec3n to\u00e0n di\u1ec7n trong \u0111i\u1ec1u ki\u1ec7n kh\u1eafc nghi\u1ec7t <\/span><\/p>\n<p><strong>C\u00d4NG D\u1ee4NG:<\/strong><\/p>\n<p><span style=\"font-weight: 400;\">&#8211; Cung c\u1ea5p Canxi v\u00e0 Bo t\u1ee9c th\u1eddi trong th\u1eddi \u0111i\u1ec3m kh\u1ee7ng ho\u1ea3ng dinh d\u01b0\u1ee1ng c\u1ee7a c\u00e2y tr\u1ed3ng.<\/span><\/p>\n<p><span style=\"font-weight: 400;\"> &#8211; T\u0103ng c\u01b0\u1eddng ra hoa, \u0111\u1eadu qu\u1ea3, ch\u1ed1ng kh\u00f4 ch\u1ed3i hoa, ch\u1ed1ng r\u1ee5ng hoa, ch\u00e1y n\u1ee5, r\u1ee5ng tr\u00e1i non. <\/span><\/p>\n<p><span style=\"font-weight: 400;\">&#8211; Ch\u1ed1ng th\u1ed1i tr\u00e1i, n\u1ee9t tr\u00e1i, chai s\u01b0\u1ee3nng tr\u00e1i. <\/span><\/p>\n<p><span style=\"font-weight: 400;\">&#8211; K\u00e9o d\u00e0i th\u1eddi gian s\u1ee9c s\u1ed1ng c\u1ee7a h\u1ea1t ph\u1ea5n trong \u0111i\u1ec1u ki\u1ec7n th\u1eddi ti\u1ebft b\u1ea5t l\u1ee3i, gi\u00fap c\u00e2y d\u1ec5 \u0111\u1eadu tr\u00e1i v\u00e0 nhi\u1ec1u tr\u00e1i<\/span><\/p>\n<p><span style=\"font-weight: 400;\"> &#8211; \u0110\u1ed1i v\u1edbi c\u00e2y L\u00faa: Nu\u00f4i \u0111\u1ed3ng v\u00e0 nu\u00f4i h\u1ea1t, s\u00e1ng ch\u1eafc h\u1ea1t, t\u0103ng s\u1ee9c ch\u1ed1ng ch\u1ecbu \u0111\u1ef1ng s\u00e2u b\u1ec7nh, \u0111\u1ed5 ng\u00e3 v\u00e0 ch\u1ed1ng r\u1ee5ng h\u1ea1t.<\/span><\/p>\n<p><span style=\"font-weight: 400;\">&#8211; \u0110i\u1ec1u ch\u1ec9nh c\u00e2n b\u1eb1ng \u0111\u1ed9 pH v\u00e0 t\u0103ng s\u1ee9c \u0111\u1ec1 kh\u00e1ng trong c\u00e2y <\/span><\/p>\n<p><span style=\"font-weight: 400;\">&#8211; T\u0103ng n\u0103ng su\u1ea5t, ph\u1ea9m ch\u1ea5t, m\u00e0u s\u1eafc n\u00f4ng s\u1ea3n \u0111\u1ea1t <\/span><span style=\"font-weight: 400;\">li\u1ec7u chu\u1ea9n xu\u1ea5t kh\u1ea9u.<\/span><\/p>\n<p><strong>H\u01af\u1edaNG D\u1eaaN S\u1eec D\u1ee4NG<\/strong><\/p>\n<table>\n<tbody>\n<tr>\n<td><b>Th\u1eddi \u0111i\u1ec3m s\u1eed d\u1ee5ng<\/b><\/td>\n<td><b>C\u00e1ch d\u00f9ng<\/b><\/td>\n<\/tr>\n<tr>\n<td><span style=\"font-weight: 400;\">Tr\u01b0\u1edbc khi ra hoa<\/span><\/td>\n<td rowspan=\"3\"><span style=\"font-weight: 400;\">Pha 250ml cho phuy 200 l\u00edt n\u01b0\u1edbc. T\u00f9y v\u00e0o c\u00e1c giai \u0111o\u1ea1n ph\u00e1t tri\u1ec3n v\u00e0 tu\u1ed5i c\u1ee7a t\u1eebng lo\u1ea1i c\u00e2y tr\u1ed3ng m\u00e0 c\u00f3 th\u1ec3 t\u0103ng ho\u1eb7c gi\u1ea3m li\u1ec1u l\u01b0\u1ee3ng ph\u00e2n b\u00f3n. (S\u1eed d\u1ee5ng \u0111\u1ecbnh k\u1ef3 10-15 ng\u00e0y 1 l\u1ea7n)<\/span><\/td>\n<\/tr>\n<tr>\n<td><span style=\"font-weight: 400;\">Sau khi \u0111\u1eadu tr\u00e1i<\/span><\/td>\n<\/tr>\n<tr>\n<td><span style=\"font-weight: 400;\">Nu\u00f4i d\u01b0\u1ee1ng l\u1edbn tr\u00e1i<\/span><\/td>\n<\/tr>\n<\/tbody>\n<\/table>\n<p><strong>L\u01b0u \u00fd:<\/strong><\/p>\n<p><span style=\"font-weight: 400;\">&#8211; C\u00f3 th\u1ec3 pha chung v\u1edbi thu\u1ed1c BVTV. Phun v\u00e0o s\u00e1ng s\u1edbm ho\u1eb7c chi\u1ec1u m\u00e1t <\/span><\/p>\n<p><span style=\"font-weight: 400;\">&#8211; Tr\u00e1nh xa t\u1ea7m tay tr\u1ebb em. B\u1ea3o qu\u1ea3n n\u01a1i kh\u00f4n r\u00e1o tho\u00e1ng m\u00e1t<\/span><\/p>\n<p>&#8211; Tr\u00e1nh \u00e1nh n\u1eafng tr\u1ef1c ti\u1ebfp<\/p>\n","protected":false},"excerpt":{"rendered":"<p>CH\u1ed0NG R\u1ee4NG HOA V\u00c0 TR\u00c1I NON<\/p>\n<p>CH\u1ed0NG N\u1ee8T TR\u00c1I<\/p>\n<p>\u0110\u1eb8P TR\u00c1I- CH\u1eaeC H\u1ea0T<\/p>\n<p>XANH TR\u00c1I-DAI CU\u1ed0N<\/p>\n","protected":false},"featured_media":1619,"comment_status":"open","ping_status":"closed","template":"","meta":{"_acf_changed":false},"pwb-brand":[],"product_cat":[209,216,218,208,212,197],"product_tag":[],"yst_prominent_words":[],"class_list":["post-1288","product","type-product","status-publish","has-post-thumbnail","hentry","product_cat-nuoi-trai-duong-trai","product_cat-phan-bon-la","product_cat-san-pham","product_cat-tao-mam-hoa-ra-hoa-dau-qua","product_cat-theo-cong-dung","product_cat-theo-giai-doan-sinh-truong","add-to-wishlist-after_add_to_cart"],"acf":[],"brands":[],"_links":{"self":[{"href":"https:\/\/nonghoaxanh.vn\/en\/wp-json\/wp\/v2\/product\/1288","targetHints":{"allow":["GET"]}}],"collection":[{"href":"https:\/\/nonghoaxanh.vn\/en\/wp-json\/wp\/v2\/product"}],"about":[{"href":"https:\/\/nonghoaxanh.vn\/en\/wp-json\/wp\/v2\/types\/product"}],"replies":[{"embeddable":true,"href":"https:\/\/nonghoaxanh.vn\/en\/wp-json\/wp\/v2\/comments?post=1288"}],"wp:featuredmedia":[{"embeddable":true,"href":"https:\/\/nonghoaxanh.vn\/en\/wp-json\/wp\/v2\/media\/1619"}],"wp:attachment":[{"href":"https:\/\/nonghoaxanh.vn\/en\/wp-json\/wp\/v2\/media?parent=1288"}],"wp:term":[{"taxonomy":"pwb-brand","embeddable":true,"href":"https:\/\/nonghoaxanh.vn\/en\/wp-json\/wp\/v2\/pwb-brand?post=1288"},{"taxonomy":"product_cat","embeddable":true,"href":"https:\/\/nonghoaxanh.vn\/en\/wp-json\/wp\/v2\/product_cat?post=1288"},{"taxonomy":"product_tag","embeddable":true,"href":"https:\/\/nonghoaxanh.vn\/en\/wp-json\/wp\/v2\/product_tag?post=1288"},{"taxonomy":"yst_prominent_words","embeddable":true,"href":"https:\/\/nonghoaxanh.vn\/en\/wp-json\/wp\/v2\/yst_prominent_words?post=1288"}],"curies":[{"name":"wp","href":"https:\/\/api.w.org\/{rel}","templated":true}]}}