



{"id":1281,"date":"2024-05-04T15:54:09","date_gmt":"2024-05-04T08:54:09","guid":{"rendered":"https:\/\/nonghoaxanh.vn\/?post_type=product&#038;p=1281"},"modified":"2026-05-05T17:45:04","modified_gmt":"2026-05-05T10:45:04","slug":"phan-doi-vi-sinh","status":"publish","type":"product","link":"https:\/\/nonghoaxanh.vn\/en\/san-pham\/phan-doi-vi-sinh\/","title":{"rendered":"Ph\u00e2n d\u01a1i vi sinh"},"content":{"rendered":"","protected":false},"excerpt":{"rendered":"<p><strong>T\u1ed0T C\u00c2Y- XANH L\u00c1-\u0110\u1eb8P TR\u00c1I<\/strong><\/p>\n<p><strong>PH\u1ee4C H\u1ed2I C\u00c2Y-C\u1ea2I T\u1ea0O \u0110\u1ea4T-KH\u00c1NG S\u00c2U B\u1ec6NH<\/strong><\/p>\n","protected":false},"featured_media":1585,"comment_status":"open","ping_status":"closed","template":"","meta":{"_acf_changed":false},"pwb-brand":[],"product_cat":[215,207,212,197],"product_tag":[],"yst_prominent_words":[],"class_list":["post-1281","product","type-product","status-publish","has-post-thumbnail","hentry","product_cat-phan-bon-vi-sinh","product_cat-tang-truong-phuc-hoi-sau-thu-hoach","product_cat-theo-cong-dung","product_cat-theo-giai-doan-sinh-truong","add-to-wishlist-after_add_to_cart"],"acf":[],"brands":[],"_links":{"self":[{"href":"https:\/\/nonghoaxanh.vn\/en\/wp-json\/wp\/v2\/product\/1281","targetHints":{"allow":["GET"]}}],"collection":[{"href":"https:\/\/nonghoaxanh.vn\/en\/wp-json\/wp\/v2\/product"}],"about":[{"href":"https:\/\/nonghoaxanh.vn\/en\/wp-json\/wp\/v2\/types\/product"}],"replies":[{"embeddable":true,"href":"https:\/\/nonghoaxanh.vn\/en\/wp-json\/wp\/v2\/comments?post=1281"}],"wp:featuredmedia":[{"embeddable":true,"href":"https:\/\/nonghoaxanh.vn\/en\/wp-json\/wp\/v2\/media\/1585"}],"wp:attachment":[{"href":"https:\/\/nonghoaxanh.vn\/en\/wp-json\/wp\/v2\/media?parent=1281"}],"wp:term":[{"taxonomy":"pwb-brand","embeddable":true,"href":"https:\/\/nonghoaxanh.vn\/en\/wp-json\/wp\/v2\/pwb-brand?post=1281"},{"taxonomy":"product_cat","embeddable":true,"href":"https:\/\/nonghoaxanh.vn\/en\/wp-json\/wp\/v2\/product_cat?post=1281"},{"taxonomy":"product_tag","embeddable":true,"href":"https:\/\/nonghoaxanh.vn\/en\/wp-json\/wp\/v2\/product_tag?post=1281"},{"taxonomy":"yst_prominent_words","embeddable":true,"href":"https:\/\/nonghoaxanh.vn\/en\/wp-json\/wp\/v2\/yst_prominent_words?post=1281"}],"curies":[{"name":"wp","href":"https:\/\/api.w.org\/{rel}","templated":true}]}}