



{"id":1277,"date":"2024-05-04T11:45:25","date_gmt":"2024-05-04T04:45:25","guid":{"rendered":"http:\/\/nonghoaxanh2.midolikit.com\/?post_type=product&#038;p=1277"},"modified":"2026-05-05T17:42:27","modified_gmt":"2026-05-05T10:42:27","slug":"bio-fulvate-2","status":"publish","type":"product","link":"https:\/\/nonghoaxanh.vn\/en\/san-pham\/bio-fulvate-2\/","title":{"rendered":"BIO FULVATE"},"content":{"rendered":"<p><strong>TH\u00c0NH PH\u1ea6N<\/strong><\/p>\n<p>Ch\u1ea5t h\u1eefu c\u01a1 (OM) 46%; pH =10,5<\/p>\n<p>Acid Fulvic:\u00a0 26%; Acid Humic: 12%<\/p>\n<p>Nitrogen(NO<sub>3<\/sub><sup>&#8211;<\/sup>+NH<sub>4<\/sub><sup>+<\/sup><sub>,<\/sub>N\u00ad<sub>ts<\/sub>):3%<\/p>\n<p>Potassium Oxide (K<sub>2<\/sub>O<sub>hh<\/sub>): 8%<\/p>\n<p>T\u1ea3o bi\u1ec3n: 8%, Amino t\u1ef1 do: 10%<\/p>\n<p><strong>C\u00d4NG D\u1ee4NG<\/strong><\/p>\n<ul>\n<li>Giai \u0111o\u1ea1n sau khi thu ho\u1ea1ch, k\u00e9o \u0111\u1ecdt: k\u00edch th\u00edch ra r\u1ec5 m\u1ea1nh, k\u00e9o \u0111\u1ecdt nhanh, l\u00e1 to d\u00e0y, r\u1ec5 kh\u1ecfe.<\/li>\n<li>K\u00e9o c\u01a1i \u0111\u1ecdt 3: Khi m\u1eaft cua \u0111\u01b0\u1ee3c 1,5-2cm t\u01b0\u1edbi Bio Fulvate gi\u00fap c\u00e2y \u0111i \u0111\u1ecdt nhanh, kh\u1ecfe. B\u1ed9 l\u00e1 ho\u00e0n thi\u1ec7n (l\u1ee5a) tr\u01b0\u1edbc khi hoa x\u1ed5 nh\u1ee5y.<\/li>\n<li>Giai \u0111o\u1ea1n nu\u00f4i tr\u00e1i (tr\u00e1i t\u1eeb 70 ng\u00e0y tu\u1ed5i): Gi\u00fap tr\u00e1i l\u1edbn nhanh, h\u1ea1n ch\u1ebf r\u1ee5ng tr\u00e1i, tr\u00e1i \u0111\u1eb9p, h\u1ed9c \u0111\u1ea7y, c\u01a1m v\u00e0ng, kh\u00f4ng s\u01b0\u1ee3ng, gai nh\u00edm.<\/li>\n<li>Cung c\u1ea5p ngu\u1ed3n h\u1eefu c\u01a1 v\u00e0 h\u1ec7 Vi sinh c\u00f3 l\u1ee3i cho \u0111\u1ea5t.<\/li>\n<li>Ph\u1ee5c h\u1ed3i c\u00e2y sau thu ho\u1ea1ch, c\u00e2y b\u1ecb b\u1ec7nh, nhi\u1ec5m m\u1eb7n<\/li>\n<\/ul>\n<p><strong>\u0110\u1eb6C \u0110I\u1ec2M<\/strong><\/p>\n<ul>\n<li><strong>Bio Fulvate<\/strong> l\u00e0 s\u1ea3n ph\u1ea9m h\u1eefu c\u01a1 sinh h\u1ecdc gi\u00fap c\u00e2y k\u00edch r\u1ec5 v\u00e0 k\u00edch ch\u1ed3i C\u1ef1c m\u1ea1nh.<\/li>\n<li><strong>Bio Fulvate<\/strong> ch\u1ee9a h\u00e0m l\u01b0\u1ee3ng Acid Fulvic cao \u0111\u00e3 ho\u1ea1t h\u00f3a gi\u00fap c\u00e2y tr\u1ed3ng h\u1ea5p th\u1ee5 tr\u1ef1c ti\u1ebfp qua r\u1ec5 v\u00e0 qua l\u00e1 nhanh ch\u00f3ng.<\/li>\n<li><strong>Bio Fulvate <\/strong>T\u1ea1o ph\u1ee9c (h\u00f2a tan c\u00e1c mu\u1ed1i kh\u00f3 tan, kh\u00f4ng tan) v\u1edbi h\u01a1n 60 nguy\u00ean t\u1ed1 dinh d\u01b0\u1ee1ng: \u0111a l\u01b0\u1ee3ng, trung vi l\u01b0\u1ee3ng \u0111\u1ec3 c\u00e2y tr\u1ed3ng h\u1ea5p thu.<\/li>\n<li>Th\u00fac \u0111\u1ea9y nhanh qu\u00e1 tr\u00ecnh trao \u0111\u1ed5i ch\u1ea5t, x\u00fac t\u00e1c cho ph\u1ea3n \u1ee9ng, t\u0103ng ho\u1ea1t \u0111\u1ed9ng c\u1ee7a c\u00e1c enzyme, l\u00e0m t\u0103ng t\u1ed1c \u0111\u1ed9 ph\u00e2n chia t\u1ebf b\u00e0o, k\u00edch th\u00edch s\u1ef1 sinh tr\u01b0\u1edfng v\u00e0 ph\u00e1t tri\u1ec3n c\u1ee7a c\u00e2y tr\u1ed3ng<\/li>\n<li>T\u0103ng kh\u1ea3 n\u0103ng h\u1ea5p thu kho\u00e1ng ch\u1ea5t c\u00f3 t\u00ednh di \u0111\u1ed9ng k\u00e9m: S\u1eaft (Fe), L\u00e2n (P)\u2026<\/li>\n<li>Axit fulvic c\u00f3 hi\u1ec7u \u1ee9ng nh\u01b0 m\u1ed9t auxin \u2013 ch\u1ea5t \u0111i\u1ec1u h\u00f2a sinh tr\u01b0\u1edfng th\u1ef1c v\u1eadt, k\u00edch th\u00edch ra r\u1ec5, t\u0103ng h\u1ea5p thu dinh d\u01b0\u1ee1ng, t\u0103ng c\u00e1c ho\u1ea1t \u0111\u1ed9ng sinh h\u00f3a nh\u01b0: quang h\u1ee3p, h\u00f4 h\u1ea5p, ph\u00e2n chia t\u1ebf b\u00e0o, c\u1ed1 \u0111\u1ecbnh \u0111\u1ea1m, t\u1ed5ng h\u1ee3p protein, v\u1eadn chuy\u1ec3n \u0111\u01b0\u1eddng\u2026trong c\u00e2y.<\/li>\n<\/ul>\n<p><strong>H\u01af\u1edaNG D\u1eaaN S\u1eec D\u1ee4NG<\/strong><\/p>\n<p>Pha 1 l\u00edt <strong>Bio Fulvate<\/strong> cho 800-1.000 l\u00edt n\u01b0\u1edbc t\u00f9y thu\u1ed9c v\u00e0o \u0111\u1ed9 tu\u1ed5i c\u1ee7a c\u00e2y.<\/p>\n<ul>\n<li>C\u00e2y con: s\u1eed d\u1ee5ng 10-15 l\u00edt, phun v\u00e0 t\u01b0\u1edbi cho 1 ha<\/li>\n<li>C\u00e2y tr\u01b0\u1edfng th\u00e0nh: s\u1eed d\u1ee5ng 20 l\u00edt, phun v\u00e0 t\u01b0\u1edbi cho 1 ha.<\/li>\n<li>T\u01b0\u1edbi nh\u1eafc l\u1ea1i sau 10 ng\u00e0y. Ng\u1eebng t\u01b0\u1edbi ph\u00e2n 15 ng\u00e0y tr\u01b0\u1edbc khi thu ho\u1ea1ch.<\/li>\n<\/ul>\n<p><strong>L\u01b0u \u00fd:<\/strong><\/p>\n<ul>\n<li>Kh\u00f4ng pha tr\u1ef1c ti\u1ebfp v\u1edbi ph\u00e2n b\u00f3n NPK<\/li>\n<li>Phun tr\u1ef1c ti\u1ebfp qua l\u00e1 \u0111\u1ec3 k\u00e9o c\u01a1i \u0111\u1ecdt.<\/li>\n<\/ul>\n","protected":false},"excerpt":{"rendered":"<p><strong>PH\u00c2N B\u00d3N H\u1eeeU C\u01a0<\/strong><\/p>\n","protected":false},"featured_media":1545,"comment_status":"open","ping_status":"closed","template":"","meta":{"_acf_changed":false},"pwb-brand":[],"product_cat":[213,214,218,207,212,197],"product_tag":[],"yst_prominent_words":[],"class_list":["post-1277","product","type-product","status-publish","has-post-thumbnail","hentry","product_cat-phan-bon-huu-co-sinh-hoc-nhap-khau","product_cat-phan-bon-re","product_cat-san-pham","product_cat-tang-truong-phuc-hoi-sau-thu-hoach","product_cat-theo-cong-dung","product_cat-theo-giai-doan-sinh-truong","add-to-wishlist-after_add_to_cart"],"acf":[],"brands":[],"_links":{"self":[{"href":"https:\/\/nonghoaxanh.vn\/en\/wp-json\/wp\/v2\/product\/1277","targetHints":{"allow":["GET"]}}],"collection":[{"href":"https:\/\/nonghoaxanh.vn\/en\/wp-json\/wp\/v2\/product"}],"about":[{"href":"https:\/\/nonghoaxanh.vn\/en\/wp-json\/wp\/v2\/types\/product"}],"replies":[{"embeddable":true,"href":"https:\/\/nonghoaxanh.vn\/en\/wp-json\/wp\/v2\/comments?post=1277"}],"wp:featuredmedia":[{"embeddable":true,"href":"https:\/\/nonghoaxanh.vn\/en\/wp-json\/wp\/v2\/media\/1545"}],"wp:attachment":[{"href":"https:\/\/nonghoaxanh.vn\/en\/wp-json\/wp\/v2\/media?parent=1277"}],"wp:term":[{"taxonomy":"pwb-brand","embeddable":true,"href":"https:\/\/nonghoaxanh.vn\/en\/wp-json\/wp\/v2\/pwb-brand?post=1277"},{"taxonomy":"product_cat","embeddable":true,"href":"https:\/\/nonghoaxanh.vn\/en\/wp-json\/wp\/v2\/product_cat?post=1277"},{"taxonomy":"product_tag","embeddable":true,"href":"https:\/\/nonghoaxanh.vn\/en\/wp-json\/wp\/v2\/product_tag?post=1277"},{"taxonomy":"yst_prominent_words","embeddable":true,"href":"https:\/\/nonghoaxanh.vn\/en\/wp-json\/wp\/v2\/yst_prominent_words?post=1277"}],"curies":[{"name":"wp","href":"https:\/\/api.w.org\/{rel}","templated":true}]}}