



{"id":1238,"date":"2024-04-15T18:55:26","date_gmt":"2024-04-15T11:55:26","guid":{"rendered":"http:\/\/nonghoaxanh.com\/?post_type=product&#038;p=1238"},"modified":"2024-07-10T09:11:48","modified_gmt":"2024-07-10T02:11:48","slug":"anti-phyto","status":"publish","type":"product","link":"https:\/\/nonghoaxanh.vn\/en\/san-pham\/anti-phyto\/","title":{"rendered":"ANTI-PHYTO"},"content":{"rendered":"<p><b>TH\u00c0NH PH\u1ea6N<\/b><\/p>\n<p><span style=\"font-weight: 400;\">T\u1ed5ng VSV c\u00f3 ho\u1ea1t t\u00ednh kh\u00e1ng n\u1ea5m <\/span><i><span style=\"font-weight: 400;\">(Trichoderma <\/span><\/i><span style=\"font-weight: 400;\">sp.<\/span><i><span style=\"font-weight: 400;\">, Bacillus velezensis, Bacillus amyloliquefaciens, Bacillus polyfermenticus, Streptomyces rochei): <\/span><\/i>10<sup>8<\/sup>-10<sup>9 <\/sup><i><span style=\"font-weight: 400;\">CFU\/mL.<\/span><\/i><\/p>\n<p><b>C\u00d4NG D\u1ee4NG<\/b><\/p>\n<ul>\n<li><span style=\"font-weight: 400;\">Cung c\u1ea5p h\u1ec7 vi sinh v\u1eadt \u0111\u1ed1i kh\u00e1ng m\u1ea1nh v\u1edbi n\u1ea5m, khu\u1ea9n g\u00e2y h\u1ea1i cho c\u00e2y tr\u1ed3ng.<\/span><\/li>\n<li><span style=\"font-weight: 400;\">Vi khu\u1ea9n<\/span><i><span style=\"font-weight: 400;\"> Bacillus velezensis, Bacillus amyloliquefaciens, Bacillus polyfermenticus, Streptomyces rochei <\/span><\/i><span style=\"font-weight: 400;\">s\u1ea3n sinh enzyme kh\u00e1ng n\u1ea5m, kh\u00e1ng khu\u1ea9n c\u00f3 kh\u1ea3 \u1ee9c ch\u1ebf nhi\u1ec1u lo\u1ea1i n\u1ea5m<\/span><i><span style=\"font-weight: 400;\"> ( Pythium, Rhizoctonia solani, Neoscytalidium, Stagonospora sacchari, Fusarium, Colletotrichum,&#8230;) <\/span><\/i><span style=\"font-weight: 400;\">g\u00e2y b\u1ec7nh v\u00e0ng l\u00e1, th\u1ed1i c\u1ed5 r\u1ec5, th\u1ed1i qu\u1ea3, kh\u00f4 c\u00e0nh, ch\u1ebft ch\u1eadm, kh\u00f4 v\u1eb1n, \u0111\u1ed1m tr\u1eafng, ch\u00e1y l\u00e1, xo\u1eafn c\u1ed5 l\u00e1, th\u1ed1i th\u00e2n&#8230; tr\u00ean nhi\u1ec1u lo\u1ea1i c\u00e2y tr\u1ed3ng<\/span><i><span style=\"font-weight: 400;\">.<\/span><\/i><\/li>\n<li><span style=\"font-weight: 400;\"><em>Trichoderma<\/em> sp., <em>Streptomyces<\/em> sp., ti\u1ebft ra lo\u1ea1i enzym c\u00f3 kh\u1ea3 n\u0103ng l\u00e0m tan v\u00e1ch t\u1ebf b\u00e0o c\u1ee7a c\u00e1c lo\u1ea1i n\u1ea5m c\u00f3 h\u1ea1i bi\u1ebfn ch\u00fang th\u00e0nh th\u1ee9c \u0103n v\u00e0 t\u1ea1o n\u00ean ch\u1ea5t h\u1eefu c\u01a1 c\u00f3 l\u1ee3i cho \u0111\u1ea5t. Gi\u00fap ph\u00e2n h\u1ee7y cellulose, ph\u00e2n gi\u1ea3i l\u00e2n b\u1ea3o v\u1ec7 v\u00f9ng r\u1ec5, t\u0103ng s\u1ed1 l\u01b0\u1ee3ng r\u1ec5 m\u1ecdc s\u00e2u, t\u0103ng kh\u1ea3 n\u0103ng ch\u1ecbu h\u1ea1n c\u1ee7a c\u00e2y tr\u1ed3ng, t\u0103ng kh\u1ea3 n\u0103ng h\u1ea5p th\u1ee5 dinh d\u01b0\u1ee1ng v\u00e0 s\u1ee9c \u0111\u1ec1 kh\u00e1ng c\u1ee7a c\u00e2y tr\u1ed3ng.<\/span><\/li>\n<\/ul>\n<p><b>\u0110\u1eb6C TR\u1eca <em>Phytophthora<\/em> S\u1ea6U RI\u00caNG<\/b><\/p>\n<ul>\n<li><span style=\"font-weight: 400;\"><em>Phytophthora<\/em> l\u00e0 nh\u00f3m n\u1ea5m r\u1ea5t l\u1edbn, c\u00f3 h\u01a1n 1000 c\u00e2y k\u00fd ch\u1ee7 v\u00e0 \u0111\u01b0\u1ee3c t\u00ecm th\u1ea5y kh\u1eafp n\u01a1i tr\u00ean th\u1ebf gi\u1edbi. N\u1ea5m <em>Phytophthora<\/em> s\u1ed1ng trong \u0111\u1ea5t d\u01b0\u1edbi d\u1ea1ng s\u1ee3i n\u1ea5m ho\u1eb7c b\u00e0o t\u1eed.<\/span><\/li>\n<li><span style=\"font-weight: 400;\">N\u1ea5m <em>Phytophthora<\/em> k\u1ebft h\u1ee3p v\u1edbi <em>Fusarium<\/em>, <em>Pythium<\/em> v\u00e0 <em>Rhizoctonia<\/em> l\u00e0 nguy\u00ean nh\u00e2n l\u00e2y nhi\u1ec5m tr\u00ean di\u1ec7n r\u1ed9ng c\u1ee7a nhi\u1ec1u lo\u1ea1i b\u1ec7nh: N\u1ee9t th\u00e2n x\u00ec m\u1ee7, v\u00e0ng l\u00e1 th\u1ed1i r\u1ec5, th\u1ed1i qu\u1ea3, ch\u1ebft nhanh&#8230;<\/span><\/li>\n<li><i><span style=\"font-weight: 400;\">ANTI-PHYTO l\u00e0 s\u1ea3n ph\u1ea9m vi sinh ch\u1ee9a h\u01a1n 12 ch\u1ee7ng vi sinh \u0111\u01b0\u1ee3c nh\u1eadp kh\u1ea9u t\u1eeb M\u1ef9 c\u00f3 kh\u1ea3 n\u0103ng kh\u1eafc ch\u1ebf s\u1ef1 ph\u00e1t tri\u1ec3n c\u1ee7a n\u1ea5m Phytophthora.<\/span><\/i><\/li>\n<li><span style=\"font-weight: 400;\">Anti-Phyto ph\u00f9 h\u1ee3p v\u1edbi n\u00f4ng nghi\u1ec7p h\u1eefu c\u01a1 v\u00e0 th\u00e2n thi\u1ec7n v\u1edbi m\u00f4i tr\u01b0\u1eddng.<\/span><\/li>\n<\/ul>\n<p><b>H\u01af\u1edaNG D\u1eaaN S\u1eec D\u1ee4NG<\/b><\/p>\n<ul>\n<li><span style=\"font-weight: 400;\">Pha 1L ch\u1ebf ph\u1ea9m v\u00e0o phuy 400 &#8211; 500L n\u01b0\u1edbc, phun \u01b0\u1edbt c\u00e2y v\u00e0 t\u01b0\u1edbi g\u1ed1c. \u0110\u1ecbnh k\u1ef3 15 ng\u00e0y\/l\u1ea7n.<\/span><\/li>\n<li><span style=\"font-weight: 400;\">K\u1ebft h\u1ee3p Anti-Phytop v\u1edbi Nano Chitosan \u0111\u1ec3 t\u0103ng hi\u1ec7u qu\u1ea3 s\u1eed d\u1ee5ng.<\/span><\/li>\n<li><span style=\"font-weight: 400;\">Kh\u00f4ng s\u1eed d\u1ee5ng Anti-Phyto v\u1edbi thu\u1ed1c BVTV.<\/span><\/li>\n<li><span style=\"font-weight: 400;\">Phun v\u00e0o l\u00fac s\u00e1ng s\u1edbm ho\u1eb7c tr\u1eddi m\u00e1t.<\/span><\/li>\n<\/ul>\n<p><b>L\u01b0u \u00fd:<\/b><\/p>\n<ul>\n<li><span style=\"font-weight: 400;\">L\u1eafc \u0111\u1ec1u tr\u01b0\u1edbc khi s\u1eed d\u1ee5ng.<\/span><\/li>\n<li><span style=\"font-weight: 400;\">S\u1ea3n ph\u1ea9m c\u00f3 th\u1ec3 s\u1eed d\u1ee5ng \u0111\u1ec3 t\u01b0\u1edbi g\u1ed1c, t\u01b0\u1edbi nh\u1ecf gi\u1ecdt cho c\u00e1c lo\u1ea1i c\u00e2y tr\u1ed3ng.<\/span><\/li>\n<\/ul>\n<p><b>H\u01af\u1edaNG D\u1eaaN B\u1ea2O QU\u1ea2N<\/b><\/p>\n<ul>\n<li><span style=\"font-weight: 400;\">Ch\u1ec9 s\u1eed d\u1ee5ng cho c\u00e2y tr\u1ed3ng.<\/span><\/li>\n<li><span style=\"font-weight: 400;\">V\u1eb7n k\u00edn mi\u1ec7ng n\u1eafp sau khi s\u1eed d\u1ee5ng.<\/span><\/li>\n<li><span style=\"font-weight: 400;\">B\u1ea3o qu\u1ea3n n\u01a1i kh\u00f4 r\u00e1o, tr\u00e1nh \u00e1nh n\u1eafng tr\u1ef1c ti\u1ebfp.<\/span><\/li>\n<li><span style=\"font-weight: 400;\">Tr\u00e1nh xa t\u1ea7m tay tr\u1ebb em.<\/span><\/li>\n<\/ul>\n","protected":false},"excerpt":{"rendered":"<p><b>N\u1ee8T TH\u00c2N &#8211; X\u00cc M\u1ee6 &#8211; TH\u1ed0I QU\u1ea2 &#8211; V\u00c0NG L\u00c1 &#8211; TH\u1ed0I R\u1ec4\u00a0<\/b><\/p>\n","protected":false},"featured_media":1542,"comment_status":"open","ping_status":"closed","template":"","meta":{"_acf_changed":false},"pwb-brand":[],"product_cat":[217,215,218,212,197,211],"product_tag":[],"yst_prominent_words":[],"class_list":["post-1238","product","type-product","status-publish","has-post-thumbnail","hentry","product_cat-bao-ve-cay-trong","product_cat-phan-bon-vi-sinh","product_cat-san-pham","product_cat-theo-cong-dung","product_cat-theo-giai-doan-sinh-truong","product_cat-tri-benh","add-to-wishlist-after_add_to_cart"],"acf":[],"brands":[],"_links":{"self":[{"href":"https:\/\/nonghoaxanh.vn\/en\/wp-json\/wp\/v2\/product\/1238","targetHints":{"allow":["GET"]}}],"collection":[{"href":"https:\/\/nonghoaxanh.vn\/en\/wp-json\/wp\/v2\/product"}],"about":[{"href":"https:\/\/nonghoaxanh.vn\/en\/wp-json\/wp\/v2\/types\/product"}],"replies":[{"embeddable":true,"href":"https:\/\/nonghoaxanh.vn\/en\/wp-json\/wp\/v2\/comments?post=1238"}],"wp:featuredmedia":[{"embeddable":true,"href":"https:\/\/nonghoaxanh.vn\/en\/wp-json\/wp\/v2\/media\/1542"}],"wp:attachment":[{"href":"https:\/\/nonghoaxanh.vn\/en\/wp-json\/wp\/v2\/media?parent=1238"}],"wp:term":[{"taxonomy":"pwb-brand","embeddable":true,"href":"https:\/\/nonghoaxanh.vn\/en\/wp-json\/wp\/v2\/pwb-brand?post=1238"},{"taxonomy":"product_cat","embeddable":true,"href":"https:\/\/nonghoaxanh.vn\/en\/wp-json\/wp\/v2\/product_cat?post=1238"},{"taxonomy":"product_tag","embeddable":true,"href":"https:\/\/nonghoaxanh.vn\/en\/wp-json\/wp\/v2\/product_tag?post=1238"},{"taxonomy":"yst_prominent_words","embeddable":true,"href":"https:\/\/nonghoaxanh.vn\/en\/wp-json\/wp\/v2\/yst_prominent_words?post=1238"}],"curies":[{"name":"wp","href":"https:\/\/api.w.org\/{rel}","templated":true}]}}