



{"id":1227,"date":"2024-04-15T17:31:17","date_gmt":"2024-04-15T10:31:17","guid":{"rendered":"http:\/\/nonghoaxanh.com\/?post_type=product&#038;p=1227"},"modified":"2024-07-10T09:13:32","modified_gmt":"2024-07-10T02:13:32","slug":"trichoderma","status":"publish","type":"product","link":"https:\/\/nonghoaxanh.vn\/en\/san-pham\/trichoderma\/","title":{"rendered":"TRICHODERMA"},"content":{"rendered":"<p><b>TH\u00c0NH PH\u1ea6N<\/b><\/p>\n<p><span style=\"font-weight: 400;\">Vi sinh v\u1eadt ph\u00e2n gi\u1ea3i Xenlulo <\/span>1\u00d710<sup>6<\/sup><\/p>\n<p><b>| Nguy\u00ean li\u1ec7u s\u1ea3n xu\u1ea5t:<\/b><\/p>\n<p><i><span style=\"font-weight: 400;\">Ngu\u1ed3n nguy\u00ean li\u1ec7u: Trichoderma hamatum &#8211; Trichoderma W.viride: <\/span><\/i>5\u00d710<sup>8<\/sup><i><span style=\"font-weight: 400;\">; Bacillus subtile, Bacillus megaterium:<\/span><\/i>5\u00d710<sup>8<\/sup><i><span style=\"font-weight: 400;\">, Pseudomondas:<\/span><\/i>1\u00d710<sup>7<\/sup><i><span style=\"font-weight: 400;\">, b\u1ed5 sung n\u1ea5m t\u00edm, n\u1ea5m xanh, n\u1ea5m tr\u1eafng, Canxi v\u00e0 Silic ph\u00f2ng ch\u1ed1ng tuy\u1ebfn tr\u00f9ng \u0111\u1eb7c hi\u1ec7u.<\/span><\/i><\/p>\n<p><strong>C\u00d4NG D\u1ee4NG<\/strong><\/p>\n<ul>\n<li><span style=\"font-weight: 400;\">\u1ee6 ph\u00e2n gi\u1ea3i c\u00e1c ch\u1ebf ph\u1ea9m n\u00f4ng nghi\u1ec7p (v\u1ecf c\u00e0 ph\u00ea, r\u01a1m, r\u1ea1, \u0111\u1eadu ph\u00e2n chu\u1ed3ng,&#8230;) t\u1ea1o th\u00e0nh ph\u00e2n h\u1eefu c\u01a1 sinh h\u1ecdc.<\/span><\/li>\n<li><span style=\"font-weight: 400;\">Ph\u00f2ng ch\u1ed1ng c\u00f4ng tr\u00f9ng: R\u1ec7p s\u00e1p, ve s\u1ea7u, m\u1ed1i \u0111\u1ea5t, r\u1ea7y, v\u00e0 c\u00e1c lo\u1ea1i s\u00e2u&#8230;.<\/span><\/li>\n<li><i><span style=\"font-weight: 400;\">N\u1ea5m \u0111\u1ed1i kh\u00e1ng b\u1ec7nh h\u1ea1i r\u1ec5: Phytophthora <\/span><\/i><span style=\"font-weight: 400;\">sp<\/span><i><span style=\"font-weight: 400;\">, Fusarium <\/span><\/i><span style=\"font-weight: 400;\">sp<\/span><i><span style=\"font-weight: 400;\">, Rhizoctonia solani, Sclerotium <\/span><\/i><span style=\"font-weight: 400;\">sp<\/span><i><span style=\"font-weight: 400;\">, Phythium <\/span><\/i><span style=\"font-weight: 400;\">sp<\/span><i><span style=\"font-weight: 400;\">, <\/span><\/i><i><span style=\"font-weight: 400;\">Verticillium <\/span><\/i><span style=\"font-weight: 400;\">sp<\/span><i><span style=\"font-weight: 400;\">, t\u00e1c nh\u00e2n g\u00e2y b\u1ec7nh ch\u1ebft r\u0169, h\u00e9o d\u00e2y, v\u00e0ng l\u00e1, th\u1ed1i r\u1ec5, l\u1edf c\u1ed5 r\u1ec5,&#8230;<\/span><\/i><\/li>\n<li><span style=\"font-weight: 400;\">Ph\u00f2ng ng\u1eeba \u0111\u1eb7c hi\u1ec7u b\u1ec7nh ch\u1ebft nhanh, ch\u1ebft ch\u1eadm.<\/span><\/li>\n<li><span style=\"font-weight: 400;\">\u1ee8c ch\u1ebf tuy\u1ebfn tr\u00f9ng v\u00e0 tr\u1ee9ng tuy\u1ebfn tr\u00f9ng r\u1ec5.<\/span><\/li>\n<li><span style=\"font-weight: 400;\">Ph\u00f2ng ch\u1ed1ng c\u00e1c lo\u1ea1i vi khu\u1ea9n, n\u1ea5m b\u1ec7nh trong ch\u1ebf ph\u1ea9m n\u00f4ng nghi\u1ec7p, ph\u00e2n chu\u1ed3ng, \u0111\u1ea5t v\u00e0 r\u1ec5 c\u00e2y.<\/span><\/li>\n<li><span style=\"font-weight: 400;\">Cung c\u1ea5p t\u1eadp \u0111o\u00e0n vi sinh v\u1eadt c\u00f3 l\u1ee3i v\u00e0o \u0111\u1ea5t c\u1eaft c\u00e1c li\u00ean k\u1ebft keo \u0111\u1ea5t, l\u00e0m cho \u0111\u1ea5t tr\u1edf n\u00ean t\u01a1i x\u1ed1p, m\u00e0u m\u1ee1,&#8230;<\/span><\/li>\n<\/ul>\n<p><strong>H\u01af\u1edaNG D\u1eaaN S\u1eec D\u1ee4NG<\/strong><\/p>\n<p><span style=\"font-weight: 400;\">C\u00c1CH 1: 1kg \u1ee7 2m3 ph\u1ebf ph\u1ea9m n\u00f4ng nghi\u1ec7p, ph\u00e2n chu\u1ed3ng, v\u1ecf c\u00e0 ph\u00ea, r\u01a1m r\u1ea1,&#8230;<\/span><\/p>\n<ul>\n<li><span style=\"font-weight: 400;\">B\u01b0\u1edbc 1: R\u01b0\u1edbi n\u01b0\u1edbc l\u00e0m \u1ea9m nguy\u00ean li\u1ec7u (n\u1eb1m trong tay th\u1ea5y r\u1ecbn n\u01b0\u1edbc l\u00e0 \u0111\u01b0\u1ee3c).<\/span><\/li>\n<li><span style=\"font-weight: 400;\">B\u01b0\u1edbc 2: R\u1ea3i nguy\u00ean li\u1ec7u th\u00e0nh t\u1eebng l\u1edbp d\u00e0y t\u1eeb 10-15 cm.<\/span><\/li>\n<li><i><span style=\"font-weight: 400;\">B\u01b0\u1edbc 3: R\u1ea3i tr\u1ef1c ti\u1ebfp Trichoderma \u0111\u1ec1u l\u00ean b\u1ec1 m\u1eb7t nguy\u00ean li\u1ec7u.<\/span><\/i><\/li>\n<li><span style=\"font-weight: 400;\">B\u01b0\u1edbc 4: L\u1eb7p \u0111i, l\u1eb7p l\u1ea1i c\u00e1c b\u01b0\u1edbc tr\u00ean cho \u0111\u1ebfn khi t\u1ea1o th\u00e0nh \u0111\u1ed1ng nguy\u00ean li\u1ec7u cao t\u1eeb 1m-1,5m.<\/span><\/li>\n<li><span style=\"font-weight: 400;\">B\u01b0\u1edbc 5: Ph\u1ee7 b\u1ea1t \u0111\u1ec3 gi\u1eef \u0111\u1ed9 \u1ea9m.<\/span><\/li>\n<\/ul>\n<p><span style=\"font-weight: 400;\">* <em><strong>Ch\u00fa \u00fd<\/strong><\/em>: 1kg \u1ee7 2m3 nguy\u00ean li\u1ec7u, nh\u01b0ng mu\u1ed1n nguy\u00ean li\u1ec7u t\u1ed1t h\u01a1n c\u00f3 th\u1ec3 r\u1ea3i Trichoderma nhi\u1ec1u h\u01a1n. \u0110\u1ec3 gi\u1eef \u0111\u1ed9 <\/span><span style=\"font-weight: 400;\">\u1ea9m nguy\u00ean li\u1ec7u t\u01b0\u1edbi n\u01b0\u1edbc \u0111\u1ecbnh k\u1ef3 7-10 ng\u00e0y m\u1ed9t l\u1ea7n.<\/span><\/p>\n<p><span style=\"font-weight: 400;\">C\u00c1CH 2: B\u00f3n tr\u1ef1c ti\u1ebfp cho c\u00e2y tr\u1ed3ng (li\u1ec1u l\u01b0\u1ee3ng hi\u1ec7u qu\u1ea3: 2kg\/1.000m2).<\/span><\/p>\n<ul>\n<li><span style=\"font-weight: 400;\">R\u1ea3i g\u1ed1c: T\u01b0\u1edbi \u01b0\u1edbt m\u1eb7t \u0111\u1ea5t tr\u01b0\u1edbc khi r\u1ea3i. (C\u00f3 th\u1ec3 tr\u1ed9n v\u1edbi ph\u00e2n vi sinh \u0111\u1ec3 r\u1ea3i).<\/span><\/li>\n<\/ul>\n<p><span style=\"font-weight: 400;\"><em><strong>Ch\u00fa \u00fd:<\/strong><\/em> Kh\u00f4ng \u0111\u01b0\u1ee3c d\u00f9ng chung v\u1edbi thu\u1ed1c tr\u1ecb n\u1ea5m v\u00e0 c\u00e1c thu\u1ed1c BVTV kh\u00e1c<\/span><\/p>\n<p><span style=\"font-weight: 400;\">N\u1ebfu b\u00f3n tr\u1ef1c ti\u1ebfp \u0111\u1ec3 ph\u00f2ng ng\u1eeba tuy\u1ebfn tr\u00f9ng, n\u1ea5m b\u1ec7nh g\u00e2y h\u1ea1i v\u00e0 c\u00f4n tr\u00f9ng th\u00ec ph\u1ea3i s\u1eed d\u1ee5ng \u0111\u1ecbnh k\u1ef3 3 th\u00e1ng 1 <\/span><span style=\"font-weight: 400;\">l\u1ea7n \u0111\u1ec3 t\u0103ng m\u1eadt \u0111\u1ed9 vi n\u1ea5m h\u1eefu \u00edch.<\/span><\/p>\n<p><b>B\u1ea2O QU\u1ea2N:<\/b><\/p>\n<p><span style=\"font-weight: 400;\">B\u1ea3o qu\u1ea3n n\u01a1i kh\u00f4 r\u00e1o, tho\u00e1ng m\u00e1t. Tr\u00e1nh xa t\u1ea7m tay tr\u1ebb em<\/span><\/p>\n","protected":false},"excerpt":{"rendered":"<p><strong>NG\u0102N NG\u1eeaA TUY\u1ebeN TR\u00d9NG G\u00c2Y H\u1ea0I B\u1ed8 R\u1ec4 &#8211; PH\u00c2N GI\u1ea2I H\u1eeeU C\u01a0 &#8211; B\u1ea2O V\u1ec6 H\u1ec6 R\u1ec4<\/strong><\/p>\n","protected":false},"featured_media":1582,"comment_status":"open","ping_status":"closed","template":"","meta":{"_acf_changed":false},"pwb-brand":[],"product_cat":[217,215,218,212,197,211],"product_tag":[],"yst_prominent_words":[],"class_list":["post-1227","product","type-product","status-publish","has-post-thumbnail","hentry","product_cat-bao-ve-cay-trong","product_cat-phan-bon-vi-sinh","product_cat-san-pham","product_cat-theo-cong-dung","product_cat-theo-giai-doan-sinh-truong","product_cat-tri-benh","add-to-wishlist-after_add_to_cart"],"acf":[],"brands":[],"_links":{"self":[{"href":"https:\/\/nonghoaxanh.vn\/en\/wp-json\/wp\/v2\/product\/1227","targetHints":{"allow":["GET"]}}],"collection":[{"href":"https:\/\/nonghoaxanh.vn\/en\/wp-json\/wp\/v2\/product"}],"about":[{"href":"https:\/\/nonghoaxanh.vn\/en\/wp-json\/wp\/v2\/types\/product"}],"replies":[{"embeddable":true,"href":"https:\/\/nonghoaxanh.vn\/en\/wp-json\/wp\/v2\/comments?post=1227"}],"wp:featuredmedia":[{"embeddable":true,"href":"https:\/\/nonghoaxanh.vn\/en\/wp-json\/wp\/v2\/media\/1582"}],"wp:attachment":[{"href":"https:\/\/nonghoaxanh.vn\/en\/wp-json\/wp\/v2\/media?parent=1227"}],"wp:term":[{"taxonomy":"pwb-brand","embeddable":true,"href":"https:\/\/nonghoaxanh.vn\/en\/wp-json\/wp\/v2\/pwb-brand?post=1227"},{"taxonomy":"product_cat","embeddable":true,"href":"https:\/\/nonghoaxanh.vn\/en\/wp-json\/wp\/v2\/product_cat?post=1227"},{"taxonomy":"product_tag","embeddable":true,"href":"https:\/\/nonghoaxanh.vn\/en\/wp-json\/wp\/v2\/product_tag?post=1227"},{"taxonomy":"yst_prominent_words","embeddable":true,"href":"https:\/\/nonghoaxanh.vn\/en\/wp-json\/wp\/v2\/yst_prominent_words?post=1227"}],"curies":[{"name":"wp","href":"https:\/\/api.w.org\/{rel}","templated":true}]}}