



{"id":1205,"date":"2024-04-13T19:59:40","date_gmt":"2024-04-13T12:59:40","guid":{"rendered":"http:\/\/nonghoaxanh.com\/?post_type=product&#038;p=1205"},"modified":"2024-07-10T09:17:06","modified_gmt":"2024-07-10T02:17:06","slug":"npk-30-10-10te","status":"publish","type":"product","link":"https:\/\/nonghoaxanh.vn\/en\/san-pham\/npk-30-10-10te\/","title":{"rendered":"NPK 30-10-10+TE"},"content":{"rendered":"<p><b>TH\u00c0NH PH\u1ea6N:<\/b><\/p>\n<p><span style=\"font-weight: 400;\">\u0110\u1ea1m t\u1ed5ng s\u1ed1 (N): 30%<\/span><\/p>\n<p><span style=\"font-weight: 400;\">L\u00e2n h\u1eefu hi\u1ec7u (PO5h): 10%<\/span><\/p>\n<p><span style=\"font-weight: 400;\">Kali h\u1eefu hi\u1ec7u (KO): 10%<\/span><\/p>\n<p><span style=\"font-weight: 400;\">\u0110\u1ed9 \u1ea9m (d\u1ea1ng r\u1eafn): 5%<\/span><\/p>\n<p><b>C\u00d4NG D\u1ee4NG:<\/b><\/p>\n<ul>\n<li><span style=\"font-weight: 400;\">Cung c\u1ea5p \u0111\u1ea7y \u0111\u1ee7 cho c\u00e2y \u0111a vi l\u01b0\u1ee3ng, \u0111\u1eb7c bi\u1ec7t v\u1edbi h\u00e0m l\u01b0\u1ee3ng \u0111\u1ea1m nit\u01a1 cao v\u00e0 c\u00e1c vi l\u01b0\u1ee3ng d\u01b0\u1edbi d\u1ea1ng chalate gi\u00fap c\u00e2y d\u1ec5 h\u1ea5p thu.<\/span><\/li>\n<li><span style=\"font-weight: 400;\">T\u0103ng c\u01b0\u1eddng quang h\u1ee3p cho c\u00e2y tr\u1ed3ng v\u1edbi t\u1ec9 l\u1ec7 t\u1ed1i \u01b0u. Gi\u00fap c\u00e2y ph\u1ee5c h\u1ed3i v\u00e0 t\u00e1i t\u1ea1o b\u1ed9 l\u00e0 m\u1edbi sau thu ho\u1ea1ch..<\/span><\/li>\n<li><span style=\"font-weight: 400;\">T\u00e1c \u0111\u1ed9ng m\u1ea1nh l\u00ean qu\u00e1 tr\u00ecnh h\u00ecnh th\u00e0nh c\u00e2y, ch\u1ed3i, n\u1edf b\u1ee5i, \u0111\u1ebb nh\u00e1nh, c\u1ee9ng c\u00e2y,&#8230;<\/span><\/li>\n<li><span style=\"font-weight: 400;\">Gi\u00fap c\u00e2y \u0111\u00e2m ch\u1ed3i nhanh, m\u1ea1nh, m\u1eadp \u0111\u1ecdt, ph\u00f3ng \u0111\u1ecdt, to l\u00e1, d\u00e0y l\u00e1 xanh m\u01b0\u1ee3t, \u0111\u1ebb nh\u00e1nh nhi\u1ec1u.<\/span><\/li>\n<li><span style=\"font-weight: 400;\">H\u1ea1n ch\u1ebf hi\u1ec7n t\u01b0\u1ee3ng v\u00e0ng l\u00e0 ch\u00e1y l\u00e1, xo\u1eafn l\u00e1 do m\u1ea5t c\u00e2n \u0111\u1ed1i dinh d\u01b0\u1ee1ng.<\/span><\/li>\n<\/ul>\n<p><b>H\u01af\u1edaNG D\u1eaaN S\u1eec D\u1ee4NG:<\/b><\/p>\n<ul>\n<li><span style=\"font-weight: 400;\">C\u00e2y \u0103n tr\u00e1i: 30-40gr\/ b\u00ecnh 20 l\u00edt. S\u1eed d\u1ee5ng v\u00e0o giai \u0111o\u1ea1n c\u00e2y con. Gi\u00fap c\u00e2y \u0111\u00e2m \u0111\u01b0\u1ee3c, xanh l\u00e1, d\u00e0y l\u00e1, to l\u00e1, c\u1ee9ng c\u00e2y. \u0110\u1ecbnh k\u1ef3 7-10 ng\u00e0y\/l\u1ea7n.<\/span><\/li>\n<li><span style=\"font-weight: 400;\">C\u00e2y rau m\u00e0u: 8-10gr\/ b\u00ecnh 8 l\u00edt. S\u1eed d\u1ee5ng sau gieo tr\u1ed3ng gi\u00fap c\u00e2y ph\u00e1t tri\u1ec3n th\u00e2n, c\u00e0nh, l\u00e1i \u0111\u00e2m ch\u1ed3i, \u0111\u1ebb nh\u00e1nh, n\u1edf b\u1ee5i, c\u1ee9ng c\u00e2y, tr\u1ed5 \u0111\u1ec1u. \u0110\u1ecbnh k\u1ef3 7-10 ng\u00e0y\/ l\u1ea7n.<\/span><\/li>\n<li><span style=\"font-weight: 400;\">C\u00e2y l\u00faa, b\u1eafp: 10-15gr\/ b\u00ecnh 8 l\u00edt. S\u1eed d\u1ee5ng giai \u0111o\u1ea1n \u0111\u1ebb nh\u00e1nh, n\u1edf b\u1ee5i, c\u1ee9ng c\u00e2y, tr\u1ed5 \u0111\u1ec1u. \u0110\u1ecbnh k\u1ef3 7-10 ng\u00e0y\/l\u1ea7n. <\/span><\/li>\n<li><span style=\"font-weight: 400;\">C\u00e2y c\u00e0 ph\u00ea, ca cao, h\u1ed3 ti\u00eau, c\u00e2y \u0111i\u1ec1u, ch\u00e8, thu\u1ed1c l\u00e1,.. 40g\/b\u00ecnh 20 l\u00edt.<\/span><span style=\"font-weight: 400;\">\u00a0S\u1eed d\u1ee5ng giai \u0111o\u1ea1n c\u00e2y con v\u00e0 sau thu ho\u1ea1ch. Gi\u00fap c\u00e2y \u0111\u00e2m xanh l\u00e1, d\u00e0y l\u00e1, to l\u00e1, c\u1ee9ng c\u00e2y. \u0110\u1ecbnh k\u1ef3 7-10 ng\u00e0y l\u1ea7n.<\/span><\/li>\n<\/ul>\n<p><span style=\"font-weight: 400;\"><em><strong>L\u01b0u \u00fd khi s\u1eed d\u1ee5ng:<\/strong> <\/em>S\u1eed d\u1ee5ng li\u1ec1u l\u01b0\u1ee3ng \u0111\u00fang khuy\u1ebfn c\u00e1o. Tr\u00e1nh xa t\u1ea7m tay tr\u1ebb em, b\u1ea3o qu\u1ea3n n\u01a1i kh\u00f4 r\u00e1o, tho\u00e1ng m\u00e1t, tr\u00e1nh \u00e1nh n\u1eafng m\u1eb7t tr\u1eddi.<\/span><\/p>\n","protected":false},"excerpt":{"rendered":"<p><span style=\"font-weight: 400;\">M\u1eacP \u0110\u1eccT &#8211; V\u1eccT HOA<\/span><\/p>\n<p><span style=\"font-weight: 400;\">L\u00c1 TO &#8211; XANH D\u00c0Y &#8211; B\u00d3NG M\u01af\u1ee2T K\u00cdCH T\u1ea0O C\u01a0I \u0110\u1eccT &#8211; K\u00c9O HOA<\/span><\/p>\n","protected":false},"featured_media":1621,"comment_status":"open","ping_status":"closed","template":"","meta":{"_acf_changed":false},"pwb-brand":[],"product_cat":[214,218,207,212,197],"product_tag":[],"yst_prominent_words":[],"class_list":["post-1205","product","type-product","status-publish","has-post-thumbnail","hentry","product_cat-phan-bon-re","product_cat-san-pham","product_cat-tang-truong-phuc-hoi-sau-thu-hoach","product_cat-theo-cong-dung","product_cat-theo-giai-doan-sinh-truong","add-to-wishlist-after_add_to_cart"],"acf":[],"brands":[],"_links":{"self":[{"href":"https:\/\/nonghoaxanh.vn\/en\/wp-json\/wp\/v2\/product\/1205","targetHints":{"allow":["GET"]}}],"collection":[{"href":"https:\/\/nonghoaxanh.vn\/en\/wp-json\/wp\/v2\/product"}],"about":[{"href":"https:\/\/nonghoaxanh.vn\/en\/wp-json\/wp\/v2\/types\/product"}],"replies":[{"embeddable":true,"href":"https:\/\/nonghoaxanh.vn\/en\/wp-json\/wp\/v2\/comments?post=1205"}],"wp:featuredmedia":[{"embeddable":true,"href":"https:\/\/nonghoaxanh.vn\/en\/wp-json\/wp\/v2\/media\/1621"}],"wp:attachment":[{"href":"https:\/\/nonghoaxanh.vn\/en\/wp-json\/wp\/v2\/media?parent=1205"}],"wp:term":[{"taxonomy":"pwb-brand","embeddable":true,"href":"https:\/\/nonghoaxanh.vn\/en\/wp-json\/wp\/v2\/pwb-brand?post=1205"},{"taxonomy":"product_cat","embeddable":true,"href":"https:\/\/nonghoaxanh.vn\/en\/wp-json\/wp\/v2\/product_cat?post=1205"},{"taxonomy":"product_tag","embeddable":true,"href":"https:\/\/nonghoaxanh.vn\/en\/wp-json\/wp\/v2\/product_tag?post=1205"},{"taxonomy":"yst_prominent_words","embeddable":true,"href":"https:\/\/nonghoaxanh.vn\/en\/wp-json\/wp\/v2\/yst_prominent_words?post=1205"}],"curies":[{"name":"wp","href":"https:\/\/api.w.org\/{rel}","templated":true}]}}