



{"id":1202,"date":"2024-04-13T10:24:13","date_gmt":"2024-04-13T03:24:13","guid":{"rendered":"http:\/\/nonghoaxanh.com\/?post_type=product&#038;p=1202"},"modified":"2024-07-10T09:17:53","modified_gmt":"2024-07-10T02:17:53","slug":"chan-dot-cap-toc-6h","status":"publish","type":"product","link":"https:\/\/nonghoaxanh.vn\/en\/san-pham\/chan-dot-cap-toc-6h\/","title":{"rendered":"CH\u1eb6N \u0110\u1eccT C\u1ea4P T\u1ed0C 6H"},"content":{"rendered":"<p><b>TH\u00c0NH PH\u1ea6N NGUY\u00caN LI\u1ec6U<\/b><\/p>\n<p><span style=\"font-weight: 400;\">&#8211; \u0110\u1ea1m (N): 1,5%; L\u00e2n P,Os): 2%; Kali (K,Osmn): 2%;<\/span><\/p>\n<p><span style=\"font-weight: 400;\">Bo (B):0,5%; K\u1ebdm (Zn)500 ppm.<\/span><\/p>\n<p><span style=\"font-weight: 400;\">&#8211; Ph\u1ee5 gia ch\u1eb7n \u0111\u1ecdt th\u1ebf h\u1ec7 m\u1edbi, hi\u1ec7u qu\u1ea3 nhanh, c\u1ea5p t\u1ed1c.<\/span><\/p>\n<p><span style=\"font-weight: 400;\">&#8211; Th\u00e0nh ph\u1ea7n \u0111\u0103ng k\u00fd: Bo (B): 2.100ppm; pHzo: 7,5; T\u1ec9 tr\u1ecdng: 1,1.<\/span><\/p>\n<p><b>C\u00d4NG D\u1ee4NG:<\/b><\/p>\n<ul>\n<li><span style=\"font-weight: 400;\">S\u1ea3n ph\u1ea9m c\u00f3 t\u00e1c d\u1ee5ng sinh l\u00fd h\u00f3a tr\u1ef1c ti\u1ebfp l\u00ean \u0111\u1ecdt v\u00e0 l\u00e1 c\u00e2y, gi\u00fap \u0111\u1ecdt ng\u01b0ng ph\u00e1t tri\u1ec3n, l\u00e1 non chuy\u1ec3n sang gi\u00e0, kh\u1eafc ph\u1ee5c t\u00ecnh tr\u1ea1ng r\u1ee5ng tr\u00e1i non do c\u1ea1nh tranh dinh d\u01b0\u1ee1ng.<\/span><\/li>\n<li><span style=\"font-weight: 400;\">\u1ee8c ch\u1ebf \u0111\u1ecdt l\u00e1, l\u00e0m b\u1ed9 l\u00e1 mau th\u00e0nh th\u1ee5c, gi\u00fap c\u00e2y ph\u00e2n h\u00f3a m\u1ea7m hoa, th\u00fac \u0111\u1ea9y ra hoa s\u1edbm, ra hoa \u0111\u1ed3ng lo\u1ea1t tr\u00ean c\u00e2y v\u1ea3i, nh\u00e3n, th\u01a1m, s\u1ea7u ri\u00eang, cam, chanh, qu\u00fdt, b\u01b0\u1edfi, m\u1eadn, xo\u00e0i, sap\u00f4ch\u00ea, ch\u00f4m ch\u00f4m, \u0111i\u1ec1u,&#8230; \u1ee8c ch\u1ebf h\u00e3m \u0111\u1ecdt non (l\u1ed9c).<\/span><\/li>\n<\/ul>\n<p><b>H\u01af\u1edaNG D\u1eaaN S\u1eec D\u1ee4NG:<\/b><\/p>\n<ul>\n<li><span style=\"font-weight: 400;\">Ch\u1eb7n \u0111\u1ecdt: D\u00f9ng 1 chai NHX 07 v\u00e0 1kg MKP pha v\u1edbi 200 l\u00edt n\u01b0\u1edbc phun tr\u1ef1c ti\u1ebfp l\u00ean \u0111\u1ecdt non.<\/span><\/li>\n<li><span style=\"font-weight: 400;\">K\u00edch th\u00edch ra hoa:D\u00f9ng 1 chaiNHX07 pha 400 l\u00edt n\u01b0\u1edbc phun \u01b0\u1edbt \u0111\u1ec1u 2 m\u1eb7t l\u00e1 t\u00e1n c\u00e2y.<\/span><\/li>\n<\/ul>\n<p><b>B\u1ea2O QU\u1ea2N:<\/b><\/p>\n<ul>\n<li><span style=\"font-weight: 400;\">B\u1ea3o qu\u1ea3n n\u01a1i kh\u00f4 r\u00e1o, tho\u00e1ng m\u00e1t.<\/span><\/li>\n<li><span style=\"font-weight: 400;\">V\u1eb7n k\u00edn mi\u1ec7ng chai sau khi s\u1eed d\u1ee5ng.<\/span><\/li>\n<li><span style=\"font-weight: 400;\">Ch\u1ec9 s\u1eed d\u1ee5ng cho c\u00e2y tr\u1ed3ng, r\u1eeda s\u1ea1ch tay sau khi s\u1eed d\u1ee5ng.<\/span><\/li>\n<li><span style=\"font-weight: 400;\">Tr\u00e1nh xa t\u1ea7m tay tr\u1ebb em.<\/span><\/li>\n<\/ul>\n<p><b>CH\u00da \u00dd:<\/b><\/p>\n<ul>\n<li><span style=\"font-weight: 400;\">Kh\u00f4ng d\u00f9ng cho Ti\u00eau, Thanh Long, C\u00e0 Ph\u00ea, C\u00e2y Rau M\u00e0u v\u00e0 c\u00e1c lo\u1ea1i c\u00e2y Th\u00e2n Th\u1ea3o.<\/span><\/li>\n<li><span style=\"font-weight: 400;\">S\u1eed d\u1ee5ng \u0111\u00fang li\u1ec1u l\u01b0\u1ee3ng theo h\u01b0\u1edbng d\u1eabn.<\/span><\/li>\n<li><span style=\"font-weight: 400;\">Ch\u1eb7n \u0111\u1ecdt: n\u00ean phun 1\/3 t\u00e1n c\u00e2y, h\u1ea1n ch\u1ebf phun l\u00ean l\u00e1 gi\u00e0 v\u00e0 tr\u00e1i non.<\/span><\/li>\n<\/ul>\n","protected":false},"excerpt":{"rendered":"<p><b>\u0110\u1ee8NG NG\u1eccN &#8211; GI\u00c0 L\u00c1<\/b><\/p>\n","protected":false},"featured_media":1554,"comment_status":"open","ping_status":"closed","template":"","meta":{"_acf_changed":false},"pwb-brand":[],"product_cat":[218,197,210],"product_tag":[],"yst_prominent_words":[],"class_list":["post-1202","product","type-product","status-publish","has-post-thumbnail","hentry","product_cat-san-pham","product_cat-theo-giai-doan-sinh-truong","product_cat-uc-che-sinh-truong-chan-dot","add-to-wishlist-after_add_to_cart"],"acf":[],"brands":[],"_links":{"self":[{"href":"https:\/\/nonghoaxanh.vn\/en\/wp-json\/wp\/v2\/product\/1202","targetHints":{"allow":["GET"]}}],"collection":[{"href":"https:\/\/nonghoaxanh.vn\/en\/wp-json\/wp\/v2\/product"}],"about":[{"href":"https:\/\/nonghoaxanh.vn\/en\/wp-json\/wp\/v2\/types\/product"}],"replies":[{"embeddable":true,"href":"https:\/\/nonghoaxanh.vn\/en\/wp-json\/wp\/v2\/comments?post=1202"}],"wp:featuredmedia":[{"embeddable":true,"href":"https:\/\/nonghoaxanh.vn\/en\/wp-json\/wp\/v2\/media\/1554"}],"wp:attachment":[{"href":"https:\/\/nonghoaxanh.vn\/en\/wp-json\/wp\/v2\/media?parent=1202"}],"wp:term":[{"taxonomy":"pwb-brand","embeddable":true,"href":"https:\/\/nonghoaxanh.vn\/en\/wp-json\/wp\/v2\/pwb-brand?post=1202"},{"taxonomy":"product_cat","embeddable":true,"href":"https:\/\/nonghoaxanh.vn\/en\/wp-json\/wp\/v2\/product_cat?post=1202"},{"taxonomy":"product_tag","embeddable":true,"href":"https:\/\/nonghoaxanh.vn\/en\/wp-json\/wp\/v2\/product_tag?post=1202"},{"taxonomy":"yst_prominent_words","embeddable":true,"href":"https:\/\/nonghoaxanh.vn\/en\/wp-json\/wp\/v2\/yst_prominent_words?post=1202"}],"curies":[{"name":"wp","href":"https:\/\/api.w.org\/{rel}","templated":true}]}}