



{"id":1198,"date":"2024-04-13T10:12:38","date_gmt":"2024-04-13T03:12:38","guid":{"rendered":"http:\/\/nonghoaxanh.com\/?post_type=product&#038;p=1198"},"modified":"2026-05-05T17:43:32","modified_gmt":"2026-05-05T10:43:32","slug":"biofruit","status":"publish","type":"product","link":"https:\/\/nonghoaxanh.vn\/en\/san-pham\/biofruit\/","title":{"rendered":"BioFruit"},"content":{"rendered":"<p><b>Th\u00e0nh ph\u1ea7n:<\/b><\/p>\n<p><span style=\"font-weight: 400;\">Ch\u1ea5t h\u1eefu c\u01a1: 30%; T\u1ef7 l\u1ec7 C\/N: 11; pHizo: 5; T\u1ec9 tr\u1ecdng 1,2<\/span><\/p>\n<p><span style=\"font-weight: 400;\">Material Composition (m\/v): Fulvic Acid: 16%;<\/span><\/p>\n<p><span style=\"font-weight: 400;\">Total Nitrogen Organic (N): 6%; Phosphorus Pentoxide (P,O,: 8% Potassium Oxide (K2O): 10%; Trace element: Fe, Zn, Mn, Mo, Cu, Co&#8230;: 800ppm<\/span><\/p>\n<p><b>C\u00f4ng d\u1ee5ng:<\/b><\/p>\n<ul>\n<li><span style=\"font-weight: 400;\">Cung c\u1ea5p d\u01b0\u1ee1ng ch\u1ea5t th\u00fac \u0111\u1ea9y nhanh qu\u00e1 tr\u00ecnh trao \u0111\u1ed5i ch\u1ea5t trong c\u00e2y, gi\u00fap tr\u00e1i l\u1edbn nhanh, l\u1edbn \u0111\u1ec1u, ch\u1eafc h\u1ed9c, n\u1eb7ng k\u00fd.<\/span><\/li>\n<li><span style=\"font-weight: 400;\">K\u00edch th\u00edch b\u1ed9 r\u1ec5 ph\u00e1t tri\u1ec3n gi\u00fap c\u00e2y h\u1ea5p th\u1ee5 ngu\u1ed3n dinh d\u01b0\u1ee1ng t\u1ed1i \u0111a, kh\u1eafc ph\u1ee5c t\u00ecnh tr\u1ea1ng r\u1ee5ng tr\u00e1i, d\u1ef1t h\u1ed9c do thi\u1ebfu d\u01b0\u1ee1ng ch\u1ea5t.<\/span><\/li>\n<li><span style=\"font-weight: 400;\">B\u1ed5 sung c\u00e1c y\u1ebfu t\u1ed1 dinh d\u01b0\u1ee1ng trung vi l\u01b0\u1ee3ng gi\u00fap ch\u1eafc tr\u00e1i, \u0111\u1eb9p tr\u00e1i, c\u01a1m v\u00e0ng<\/span><\/li>\n<li><span style=\"color: #333333; font-size: 14.4px;\">B\u1ed5 sung ngu\u1ed3n h\u1eefu c\u01a1 gi\u00fap \u1ed5n \u0111\u1ecbnh c\u1ea5u tr\u00fac \u0111\u1ea5t, c\u00e2n b\u1eb1ng pH \u0111\u1ea5t t\u0103ng \u0111\u1ed9 ph\u00ec nhi\u00eau cho \u0111\u1ea5t, gi\u00fap c\u00e2y gi\u1ea3m stress khi th\u1eddi ti\u1ebft b\u1ea5t l\u1ee3i<\/span><\/li>\n<\/ul>\n<p><b>H\u01b0\u1edbng d\u1eabn s\u1eed d\u1ee5ng:<\/b><\/p>\n<p><span style=\"font-weight: 400;\">* Pha 20ml cho 16 l\u00edt n\u01b0\u1edbc.<\/span><\/p>\n<ul>\n<li><span style=\"font-weight: 400;\">Tr\u00e1i t\u1eeb 40 ng\u00e0y tu\u1ed5i, pha 1 l\u00edt v\u1edbi 800 l\u00edt n\u01b0\u1edbc t\u01b0\u1edbi quanh t\u00e1n c\u00e2y.<\/span><\/li>\n<li><span style=\"font-weight: 400;\">Tr\u00e1i t\u1eeb 70 ng\u00e0y tu\u1ed5i, pha 1 l\u00edt v\u1edbi 600 l\u00edt n\u01b0\u1edbc t\u01b0\u1edbi quanh t\u00e1n c\u00e2y.<\/span><\/li>\n<li><span style=\"font-weight: 400;\">Ng\u1eebng t\u01b0\u1edbi ph\u00e2n tr\u01b0\u1edbc khi thu ho\u1ea1ch 15 ng\u00e0y.<\/span><\/li>\n<\/ul>\n<p><b>L\u01b0u \u00fd:<\/b><\/p>\n<ul>\n<li><span style=\"font-weight: 400;\">L\u1eafc \u0111\u1ec1u tr\u01b0\u1edbc khi s\u1eed d\u1ee5ng<\/span><\/li>\n<li><span style=\"color: #333333; font-size: 14.4px;\">B\u1ea3o qu\u1ea3n n\u01a1i kh\u00f4 r\u00e1o, tr\u00e1nh \u00e1nh n\u1eafng tr\u1ef1c ti\u1ebfp l\u00e2u d\u00e0i.<\/span><\/li>\n<li><span style=\"font-weight: 400;\">Phun ho\u1eb7c t\u01b0\u1edbi v\u00e0o l\u00fac s\u00e1ng s\u1edbm ho\u1eb7c tr\u1eddi m\u00e1t.<\/span><\/li>\n<\/ul>\n","protected":false},"excerpt":{"rendered":"<p>Th\u00e0nh ph\u1ea7n: Ch\u1ea5t h\u1eefu c\u01a1: 30%; T\u1ef7 l\u1ec7 C\/N: 11; pHizo: 5; T\u1ec9 tr\u1ecdng 1,2 Material Composition (m\/v): Fulvic Acid: 16%; Total Nitrogen Organic (N): 6%; Phosphorus Pentoxide (P,O,: 8% Potassium Oxide (K2O): 10%; Trace element: Fe, Zn, Mn, Mo, Cu, Co&#8230;: 800ppm C\u00f4ng d\u1ee5ng: Cung c\u1ea5p d\u01b0\u1ee1ng ch\u1ea5t th\u00fac \u0111\u1ea9y nhanh qu\u00e1 tr\u00ecnh trao [&#8230;]\n","protected":false},"featured_media":1543,"comment_status":"open","ping_status":"closed","template":"","meta":{"_acf_changed":false},"pwb-brand":[],"product_cat":[209,213,214,218,212,197],"product_tag":[],"yst_prominent_words":[],"class_list":["post-1198","product","type-product","status-publish","has-post-thumbnail","hentry","product_cat-nuoi-trai-duong-trai","product_cat-phan-bon-huu-co-sinh-hoc-nhap-khau","product_cat-phan-bon-re","product_cat-san-pham","product_cat-theo-cong-dung","product_cat-theo-giai-doan-sinh-truong","add-to-wishlist-after_add_to_cart"],"acf":[],"brands":[],"_links":{"self":[{"href":"https:\/\/nonghoaxanh.vn\/en\/wp-json\/wp\/v2\/product\/1198","targetHints":{"allow":["GET"]}}],"collection":[{"href":"https:\/\/nonghoaxanh.vn\/en\/wp-json\/wp\/v2\/product"}],"about":[{"href":"https:\/\/nonghoaxanh.vn\/en\/wp-json\/wp\/v2\/types\/product"}],"replies":[{"embeddable":true,"href":"https:\/\/nonghoaxanh.vn\/en\/wp-json\/wp\/v2\/comments?post=1198"}],"wp:featuredmedia":[{"embeddable":true,"href":"https:\/\/nonghoaxanh.vn\/en\/wp-json\/wp\/v2\/media\/1543"}],"wp:attachment":[{"href":"https:\/\/nonghoaxanh.vn\/en\/wp-json\/wp\/v2\/media?parent=1198"}],"wp:term":[{"taxonomy":"pwb-brand","embeddable":true,"href":"https:\/\/nonghoaxanh.vn\/en\/wp-json\/wp\/v2\/pwb-brand?post=1198"},{"taxonomy":"product_cat","embeddable":true,"href":"https:\/\/nonghoaxanh.vn\/en\/wp-json\/wp\/v2\/product_cat?post=1198"},{"taxonomy":"product_tag","embeddable":true,"href":"https:\/\/nonghoaxanh.vn\/en\/wp-json\/wp\/v2\/product_tag?post=1198"},{"taxonomy":"yst_prominent_words","embeddable":true,"href":"https:\/\/nonghoaxanh.vn\/en\/wp-json\/wp\/v2\/yst_prominent_words?post=1198"}],"curies":[{"name":"wp","href":"https:\/\/api.w.org\/{rel}","templated":true}]}}