



{"id":1196,"date":"2024-04-13T09:46:26","date_gmt":"2024-04-13T02:46:26","guid":{"rendered":"http:\/\/nonghoaxanh.com\/?post_type=product&#038;p=1196"},"modified":"2024-07-10T09:19:01","modified_gmt":"2024-07-10T02:19:01","slug":"tieu-diet-sau","status":"publish","type":"product","link":"https:\/\/nonghoaxanh.vn\/en\/san-pham\/tieu-diet-sau\/","title":{"rendered":"TI\u00caU DI\u1ec6T S\u00c2U"},"content":{"rendered":"<p><b>TH\u00c0NH PH\u1ea6N:<\/b><\/p>\n<p>Emamectin benzoate 8% w\/w<\/p>\n<p>(Avermectin B1a 90%+ Avermectin B1b 10%)<\/p>\n<p>Ph\u1ee5 gia \u0111\u1eb7c bi\u1ec7t 92% w\/w<\/p>\n<p><strong>H\u01af\u1edaNG D\u1eaaN S\u1eec D\u1ee4NG<\/strong><\/p>\n<p>Emamectin Benzoate \u0111\u01b0\u1ee3c \u0111\u0103ng k\u00fd tr\u1eeb s\u00e2u cu\u1ed1n l\u00e1\/l\u00faa<\/p>\n<p><span style=\"font-weight: 400;\">Li\u1ec1u l\u01b0\u1ee3ng: 60-80g\/ha<\/span><\/p>\n<p><span style=\"font-weight: 400;\">C\u00e1ch d\u00f9ng: Pha 100gr pha 200L n\u01b0\u1edbc<\/span><\/p>\n<p><span style=\"font-weight: 400;\">L\u01b0\u1ee3ng n\u01b0\u1edbc phun 400 &#8211; 500 l\u00edt\/ha.<\/span><\/p>\n<p><span style=\"font-weight: 400;\">Phun thu\u1ed1c khi s\u00e2u tu\u1ed5i 1 &#8211; 2<\/span><\/p>\n<p>Th\u1eddi gian c\u00e1ch ly: 7 ng\u00e0y<\/p>\n<p><strong>H\u01af\u1edaNG D\u1eaaN AN TO\u00c0N<\/strong><\/p>\n<ul>\n<li><span style=\"font-weight: 400;\">\u0110\u1ec3 xa t\u1ea7m tay v\u1edbi c\u1ee7a tr\u1ebb em<\/span><\/li>\n<li><span style=\"font-weight: 400;\">\u0110\u1ecdc k\u1ef9 h\u01b0\u1edbng d\u1eabn tr\u01b0\u1edbc khi d\u00f9ng<\/span><\/li>\n<\/ul>\n<p><b>KHI TI\u1ebeP X\u00daC HO\u1eb6C CHU\u1ea8N B\u1eca THU\u1ed0C<\/b><\/p>\n<ul>\n<li><span style=\"font-weight: 400;\">Tr\u00e1nh h\u00edt ph\u1ea3i thu\u1ed1c, \u0111\u1ec3 thu\u1ed1c ti\u1ebfp x\u00fac v\u1edbi mi\u1ec7ng, da v\u00e0 m\u1eaft<\/span><\/li>\n<li><span style=\"font-weight: 400;\">Mang b\u1ea3o h\u1ed9 lao \u0111\u1ed9ng ph\u00f9 h\u1ee3p<\/span><\/li>\n<li><span style=\"font-weight: 400;\">N\u1ebfu b\u1ecb d\u00ednh thu\u1ed1c ngay l\u1eadp t\u1ee9c c\u1edfi qu\u1ea7n \u00e1o b\u1ecb d\u00ednh ho\u1eb7c b\u1ecb b\u1eafn nhi\u1ec1u thu\u1ed1c, r\u1eeda k\u1ef9 ph\u1ea7n b\u1ecb <\/span><span style=\"font-weight: 400;\">d\u00ednh thu\u1ed1c b\u1eb1ng nhi\u1ec1u n\u01b0\u1edbc<\/span><\/li>\n<li><span style=\"font-weight: 400;\">Sau khi s\u1eed d\u1ee5ng r\u1eeda ch\u00e2n tay v\u00e0 t\u1eafm s\u1ea1ch, r\u1eeda s\u1ea1ch trang thi\u1ebft b\u1ecb b\u1ea3o h\u1ed9 lao \u0111\u1ed9ng<\/span><\/li>\n<\/ul>\n<p><b>C\u1ea4T GI\u1eee V\u00c0 X\u1eec L\u00dd BAO G\u00d3I SAU KHI S\u1eec D\u1ee4NG<\/b><\/p>\n<ul>\n<li><span style=\"font-weight: 400;\">Gi\u1eef k\u00edn trong bao g\u00f3i g\u1ed1c \u0111\u01b0\u1ee3c d\u00e1n nh\u00e3n<\/span><\/li>\n<li><span style=\"font-weight: 400;\">Kh\u00f4ng s\u1eed d\u1ee5ng l\u1ea1i bao g\u00f3i n\u00e0y cho m\u1ee5c \u0111\u00edch n\u00e0o kh\u00e1c<\/span><\/li>\n<li><span style=\"font-weight: 400;\">Kh\u00f4ng h\u00fat thu\u1ed1c, \u0103n u\u1ed1ng trong khi s\u1eed d\u1ee5ng d\u1ee5ng kh\u00e1c s\u1ea3n ph\u1ea9m n\u00e0y<\/span><\/li>\n<li><span style=\"font-weight: 400;\">B\u1ecf bao g\u00f3i sau khi s\u1eed d\u1ee5ng \u0111\u00fang n\u01a1i quy \u0111\u1ecbnh<\/span><\/li>\n<li><span style=\"font-weight: 400;\">Bao g\u00f3i sau khi s\u1eed d\u1ee5ng ph\u1ea3i \u0111\u01b0\u1ee3c r\u1eeda 3 l\u1ea7n<\/span><\/li>\n<\/ul>\n<p><strong>S\u01a0 C\u1ea4P C\u1ee8U<\/strong><\/p>\n<ul>\n<li><span style=\"font-weight: 400;\">Thu\u1ed1c D\u00ednh V\u00e0o M\u1eaft Ph\u1ea3i R\u1eeda S\u1ea1ch \u00cdt Nh\u1ea5t 15 Ph\u00fat N\u1ebfu Nu\u1ed1t Ph\u1ea3i Thu\u1ed1c Ph\u1ea3i \u0110\u01b0a Ngay<\/span><\/li>\n<li><span style=\"font-weight: 400;\">B\u1ec7nh Nh\u00e2n T\u1edbi B\u1ec7nh Vi\u1ec7n G\u1ea7n Nh\u1ea5t, K\u00e8m Theo Nh\u00e2n Thu\u1ed1c \u0110\u1ec1 B\u00e1c S\u0129 \u0110i\u1ec1u Tr\u1ecb Tri\u1ec7u Ch\u1ee9ng<\/span><\/li>\n<\/ul>\n","protected":false},"excerpt":{"rendered":"<p>TH\u00c0NH PH\u1ea6N: Emamectin benzoate 8% w\/w (Avermectin B1a 90%+ Avermectin B1b 10%) Ph\u1ee5 gia \u0111\u1eb7c bi\u1ec7t 92% w\/w H\u01af\u1edaNG D\u1eaaN S\u1eec D\u1ee4NG Emamectin Benzoate \u0111\u01b0\u1ee3c \u0111\u0103ng k\u00fd tr\u1eeb s\u00e2u cu\u1ed1n l\u00e1\/l\u00faa Li\u1ec1u l\u01b0\u1ee3ng: 60-80g\/ha C\u00e1ch d\u00f9ng: Pha 100gr pha 200L n\u01b0\u1edbc L\u01b0\u1ee3ng n\u01b0\u1edbc phun 400 &#8211; 500 l\u00edt\/ha. Phun thu\u1ed1c khi s\u00e2u tu\u1ed5i 1 &#8211; [&#8230;]\n","protected":false},"featured_media":1363,"comment_status":"open","ping_status":"closed","template":"","meta":{"_acf_changed":false},"pwb-brand":[],"product_cat":[217,218,212,197,211],"product_tag":[],"yst_prominent_words":[],"class_list":["post-1196","product","type-product","status-publish","has-post-thumbnail","hentry","product_cat-bao-ve-cay-trong","product_cat-san-pham","product_cat-theo-cong-dung","product_cat-theo-giai-doan-sinh-truong","product_cat-tri-benh","add-to-wishlist-after_add_to_cart"],"acf":[],"brands":[],"_links":{"self":[{"href":"https:\/\/nonghoaxanh.vn\/en\/wp-json\/wp\/v2\/product\/1196","targetHints":{"allow":["GET"]}}],"collection":[{"href":"https:\/\/nonghoaxanh.vn\/en\/wp-json\/wp\/v2\/product"}],"about":[{"href":"https:\/\/nonghoaxanh.vn\/en\/wp-json\/wp\/v2\/types\/product"}],"replies":[{"embeddable":true,"href":"https:\/\/nonghoaxanh.vn\/en\/wp-json\/wp\/v2\/comments?post=1196"}],"wp:featuredmedia":[{"embeddable":true,"href":"https:\/\/nonghoaxanh.vn\/en\/wp-json\/wp\/v2\/media\/1363"}],"wp:attachment":[{"href":"https:\/\/nonghoaxanh.vn\/en\/wp-json\/wp\/v2\/media?parent=1196"}],"wp:term":[{"taxonomy":"pwb-brand","embeddable":true,"href":"https:\/\/nonghoaxanh.vn\/en\/wp-json\/wp\/v2\/pwb-brand?post=1196"},{"taxonomy":"product_cat","embeddable":true,"href":"https:\/\/nonghoaxanh.vn\/en\/wp-json\/wp\/v2\/product_cat?post=1196"},{"taxonomy":"product_tag","embeddable":true,"href":"https:\/\/nonghoaxanh.vn\/en\/wp-json\/wp\/v2\/product_tag?post=1196"},{"taxonomy":"yst_prominent_words","embeddable":true,"href":"https:\/\/nonghoaxanh.vn\/en\/wp-json\/wp\/v2\/yst_prominent_words?post=1196"}],"curies":[{"name":"wp","href":"https:\/\/api.w.org\/{rel}","templated":true}]}}