



{"id":1190,"date":"2024-04-12T17:41:42","date_gmt":"2024-04-12T10:41:42","guid":{"rendered":"https:\/\/nonghoaxanh.com\/?post_type=product&#038;p=1190"},"modified":"2026-05-14T23:59:22","modified_gmt":"2026-05-14T16:59:22","slug":"man-xanh","status":"publish","type":"product","link":"https:\/\/nonghoaxanh.vn\/en\/san-pham\/man-xanh\/","title":{"rendered":"MAN XANH"},"content":{"rendered":"<p><b>TH\u00c0NH PH\u1ea6N<\/b><\/p>\n<p>Mancozeb &#8230;&#8230;&#8230;&#8230;.. 80% w\/w<\/p>\n<p><span style=\"font-weight: 400;\">Ph\u1ee5 gia \u0111\u1eb7c bi\u1ec7t v\u1eeba \u0111\u1ee7: <\/span><span style=\"font-weight: 400;\">100%<\/span><\/p>\n<p><span style=\"font-weight: 400;\"><strong>C\u00f4ng d\u1ee5ng:<\/strong> Mancozeb (C,H,MnN,S,Zn) l\u00e0 m\u1ed9t ph\u1ee9c ch\u1ea5t c\u1ee7a mu\u1ed1i Zinc v\u00e0 Mangan thu\u1ed9c nh\u00f3m n\u1ea5m Dithiocarbamate, tr\u1eeb n\u1ea5m ph\u1ed5 r\u1ed9ng, l\u01b0u d\u1eabn k\u00e9o d\u00e0i. S\u1ef1 ho\u1ea1t ho\u00e1 Mancozeb th\u00e0nh Ethylene bisiothiocyanate (EBI), g\u00e2y \u1ee9c ch\u1ebf ho\u1ea1t \u0111\u1ed9ng c\u1ee7a s\u00e1u qu\u00e1 tr\u00ecnh sinh h\u00f3a kh\u00e1c nhau trong t\u1ebf b\u00e0o ch\u1ea5t v\u00e0 ty th\u1ec3, ph\u00e1 v\u1ee1 s\u1ef1 n\u1ea3y m\u1ea7m c\u1ee7a b\u00e0o t\u1eed n\u1ea5m b\u1ec7nh. Thu\u1ed1c \u0111\u01b0\u1ee3c \u0111\u0103ng k\u00fd tr\u1eeb b\u1ec7nh th\u00e1n th\u01b0 tr\u00ean v\u1ea3i.<\/span><\/p>\n<p><strong>H\u01af\u1edaNG D\u1eaaN D\u1eec D\u1ee4NG<\/strong><\/p>\n<p><span style=\"font-weight: 400;\">S\u1ea3n ph\u1ea9m l\u00e0 thu\u1ed1c tr\u1eeb b\u1ec7nh cao c\u1ea5p, ph\u1ed5 t\u00e1c \u0111\u1ed9ng r\u1ed9ng, ti\u1ebfp x\u00fac, n\u1ed9i h\u1ea5p v\u00e0 l\u01b0u d\u1eabn c\u1ef1c m\u1ea1nh (\u00edt b\u1ecb r\u1eeda tr\u00f4i), c\u00f3 t\u00e1c d\u1ee5ng nh\u01b0 m\u1ed9t h\u00e0ng r\u00e0o b\u1ea3o v\u1ec7 ng\u0103n ng\u1eeba n\u1ea5m b\u1ec7nh, kh\u1ed1ng ch\u1ebf n\u1ea3y m\u1ea7m c\u1ee7a b\u00e0o t\u1eed ti\u00eau di\u1ec7t nhanh t\u1ebf b\u00e0o n\u1ea5m b\u1ec7nh g\u00e2y h\u1ea1i, hi\u1ec7u qu\u1ea3 cao, hi\u1ec7u l\u1ef1c k\u00e9o d\u00e0i. S\u1eed d\u1ee5ng \u1edf n\u1ed3ng \u0111\u1ed9 0,3% w\/v. L\u01b0\u1ee3ng n\u01b0\u1edbc 600-700 l\u00edt\/ha. Phun khi b\u1ec7nh xu\u1ea5t hi\u1ec7n, t\u1ec9 l\u1ec7 b\u1ec7nh h\u1ea1i kho\u1ea3ng 5%. Th\u1eddi gian c\u00e1ch ly: 5 ng\u00e0y<\/span><\/p>\n<p><strong>H\u01af\u1edaNG D\u1eaaN AN TO\u00c0N<\/strong><\/p>\n<p><span style=\"font-weight: 400;\">\u0110\u1ec2 XA T\u1ea6M V\u1edaI C\u1ee6A TR\u1eba EM. \u0110\u1eccC K\u1ef8 H\u01af\u1edaNG D\u1eaaN TR\u01af\u1edaC KHI S\u1eec D\u1ee4NG. Kh\u00f4ng h\u00fat thu\u1ed1c, \u0103n u\u1ed1ng trong khi s\u1eed d\u1ee5ng s\u1ea3n ph\u1ea9m n\u00e0y. Khi ti\u1ebfp x\u00fac ho\u1eb7c chu\u1ea9n b\u1ecb thu\u1ed1c: Tr\u00e1nh h\u00edt ph\u1ea3i thu\u1ed1c, tr\u00e1nh \u0111\u1ec3 thu\u1ed1c ti\u1ebfp x\u00fac v\u1edbi da, mi\u1ec7ng v\u00e0 m\u1eaft. Sau khi d\u00f9ng: R\u1eeda s\u1ea1ch d\u1ee5ng c\u1ee5, thi\u1ebft b\u1ecb v\u00e0 \u0111\u1ed3 b\u1ea3o h\u1ed9 lao \u0111\u1ed9ng. T\u1eafm r\u1eeda s\u1ea1ch s\u1ebd v\u1edbi x\u00e0 ph\u00f2ng. Kh\u00f4ng s\u1eed d\u1ee5ng l\u1ea1i bao g\u00f3i n\u00e0y v\u00ec b\u1ea5t k\u1ef3 m\u1ee5c \u0111\u00edch n\u00e0o kh\u00e1c; thu gom, x\u1eed l\u00fd \u0111\u00fang n\u01a1i quy \u0111\u1ecbnh. \u0110\u1ec3 bao g\u00f3i c\u00f2n th\u1eeba (n\u1ebfu c\u00f3) \u1edf n\u01a1i an to\u00e0n, tr\u00e1nh xa th\u1ee9c \u0103n, tr\u1ebb em v\u00e0 \u0111\u1ed9ng v\u1eadt. B\u1ecf bao g\u00f3i sau s\u1eed d\u1ee5ng \u0111\u00fang n\u01a1i quy \u0111\u1ecbnh. Bi\u1ec7n ph\u00e1p s\u01a1 c\u1ee9u: N\u1ebfu thu\u1ed1c d\u00ednh v\u00e0o da, r\u1eeda s\u1ea1ch v\u1edbi n\u01b0\u1edbc v\u00e0 x\u00e0 ph\u00f2ng, n\u1ebfu thu\u1ed1c b\u1eafn v\u00e0o m\u1eaft, r\u1eeda s\u1ea1ch m\u1eaft d\u01b0\u1edbi d\u00f2ng n\u01b0\u1edbc s\u1ea1ch li\u00ean t\u1ee5c trong \u00edt nh\u1ea5t <\/span><span style=\"font-weight: 400;\">10 ph\u00fat. N\u1ebfu b\u1ecb ng\u1ed9 \u0111\u1ed9c, nhanh ch\u00f3ng chuy\u1ec3n n\u1ea1n nh\u00e2n \u0111\u1ebfn c\u01a1 s\u1edf y t\u1ebf g\u1ea7n nh\u1ea5t mang theo nh\u00e3n thu\u1ed1c g\u00e2y ng\u1ed9 \u0111\u1ed9c.<\/span><\/p>\n<p><span style=\"font-weight: 400;\"><strong>B\u1ea3o qu\u1ea3n:<\/strong> B\u1ea3o qu\u1ea3n n\u01a1i kh\u00f4 r\u00e1o, tho\u00e1ng m\u00e1t. Tr\u00e1nh xa t\u1ea7m tay tr\u1ebb em, ngu\u1ed3n th\u1ef1c ph\u1ea9m v\u00e0 n\u01a1i c\u00f3 nhi\u1ec7t \u0111\u1ed9 cao. \u0110\u00f3ng k\u00edn mi\u1ec7ng g\u00f3i sau khi s\u1eed d\u1ee5ng.<\/span><\/p>\n","protected":false},"excerpt":{"rendered":"<p>TAN NHANH- S\u1ea0CH B\u1ec6NH- XANH C\u00c2Y<\/p>\n","protected":false},"featured_media":1589,"comment_status":"open","ping_status":"closed","template":"","meta":{"_acf_changed":false},"pwb-brand":[],"product_cat":[217,218,212,197,211],"product_tag":[],"yst_prominent_words":[],"class_list":["post-1190","product","type-product","status-publish","has-post-thumbnail","hentry","product_cat-bao-ve-cay-trong","product_cat-san-pham","product_cat-theo-cong-dung","product_cat-theo-giai-doan-sinh-truong","product_cat-tri-benh","add-to-wishlist-after_add_to_cart"],"acf":[],"brands":[],"_links":{"self":[{"href":"https:\/\/nonghoaxanh.vn\/en\/wp-json\/wp\/v2\/product\/1190","targetHints":{"allow":["GET"]}}],"collection":[{"href":"https:\/\/nonghoaxanh.vn\/en\/wp-json\/wp\/v2\/product"}],"about":[{"href":"https:\/\/nonghoaxanh.vn\/en\/wp-json\/wp\/v2\/types\/product"}],"replies":[{"embeddable":true,"href":"https:\/\/nonghoaxanh.vn\/en\/wp-json\/wp\/v2\/comments?post=1190"}],"wp:featuredmedia":[{"embeddable":true,"href":"https:\/\/nonghoaxanh.vn\/en\/wp-json\/wp\/v2\/media\/1589"}],"wp:attachment":[{"href":"https:\/\/nonghoaxanh.vn\/en\/wp-json\/wp\/v2\/media?parent=1190"}],"wp:term":[{"taxonomy":"pwb-brand","embeddable":true,"href":"https:\/\/nonghoaxanh.vn\/en\/wp-json\/wp\/v2\/pwb-brand?post=1190"},{"taxonomy":"product_cat","embeddable":true,"href":"https:\/\/nonghoaxanh.vn\/en\/wp-json\/wp\/v2\/product_cat?post=1190"},{"taxonomy":"product_tag","embeddable":true,"href":"https:\/\/nonghoaxanh.vn\/en\/wp-json\/wp\/v2\/product_tag?post=1190"},{"taxonomy":"yst_prominent_words","embeddable":true,"href":"https:\/\/nonghoaxanh.vn\/en\/wp-json\/wp\/v2\/yst_prominent_words?post=1190"}],"curies":[{"name":"wp","href":"https:\/\/api.w.org\/{rel}","templated":true}]}}