



{"id":1184,"date":"2024-04-12T17:08:26","date_gmt":"2024-04-12T10:08:26","guid":{"rendered":"https:\/\/nonghoaxanh.com\/?post_type=product&#038;p=1184"},"modified":"2024-07-10T09:22:25","modified_gmt":"2024-07-10T02:22:25","slug":"stops","status":"publish","type":"product","link":"https:\/\/nonghoaxanh.vn\/en\/san-pham\/stops\/","title":{"rendered":"STOPS"},"content":{"rendered":"<p><b>Th\u00e0nh Ph\u1ea7n<\/b><\/p>\n<p>Fenobucarb (BPMC) (min 96%): 500g\/l<\/p>\n<p><span style=\"font-weight: 400;\">Ph\u1ee5 gia \u0111\u1eb7c bi\u1ec7t v\u1eeba \u0111\u1ee7: 100%<\/span><\/p>\n<p><b>C\u00d4NG D\u1ee4NG<\/b><\/p>\n<p><span style=\"font-weight: 400;\">Ho\u1ea1t ch\u1ea5t v\u1edbi c\u01a1 ch\u1ebf ti\u1ebfp x\u00fac v\u1ecb \u0111\u1ed9c, x\u00f4ng h\u01a1i, c\u00f3 t\u00e1c d\u1ee5ng \u0111\u1eb7c tr\u1ecb h\u1eefu hi\u1ec7u r\u1ea7y (r\u1ec7p) c\u00f3 mi\u1ec7ng nhai v\u00e0 ch\u00edch h\u00fat g\u00e2y h\u1ea1i c\u00e2y tr\u1ed3ng. S\u1ea3n ph\u1ea9m \u0111\u01b0\u1ee3c \u0111\u0103ng k\u00fd tr\u1eeb r\u1ea7y n\u00e2u h\u1ea1i l\u00faa.<\/span><\/p>\n<p><b>H\u01af\u1edaNG D\u1eaaN S\u1eec D\u1ee4NG<\/b><\/p>\n<p><span style=\"font-weight: 400;\">S\u1eed d\u1ee5ng 1l\u00edt\/ha, pha 1 chai cho 2 phuy. L\u01b0\u1ee3ng n\u01b0\u1edbc phun 400 l\u00edt\/ha. Phun thu\u1ed1c khi m\u1eadt \u0111\u1ed9 r\u1ea7y (r\u1ec7p) kho\u1ea3ng 20 &#8211; 30 con\/kh\u00f3m, r\u1ea7y (r\u1ec7p) tu\u1ed5i 1 &#8211; 2. Kh\u00f4ng pha chung v\u1edbi c\u00e1c lo\u1ea1i thu\u1ed1c c\u00f3 t\u00ednh ki\u1ec3m. Phun thu\u1ed1c v\u00e0o l\u00fac s\u00e1ng s\u1edbm ho\u1eb7c chi\u1ec1u m\u00e1t. Th\u1eddi gian c\u00e1ch ly: 14 ng\u00e0y tr\u01b0\u1edbc thu ho\u1ea1ch.<\/span><\/p>\n<p><b>H\u01af\u1edaNG D\u1eaaN AN TO\u00c0N<\/b><\/p>\n<p><span style=\"font-weight: 400;\">\u0110\u1ec2 XA T\u1ea6M V\u1edaI C\u1ee6A TR\u1eba EM. \u0110\u1eccC K\u1ef8 NH\u00c3N THU\u1ed0C TR\u01af\u1edaC KHI D\u00d9NG. KH\u00d4NG h\u00fat thu\u1ed1c, \u0103n ho\u1eb7c u\u1ed1ng trong khi s\u1eed d\u1ee5ng s\u1ea3n ph\u1ea9m n\u00e0y. KHI TI\u1ebeP X\u00daC HO\u1eb6C CHU\u1ea8N B\u1eca THU\u1ed0C: TR\u00c1NH: H\u00edt ph\u1ea3i thu\u1ed1c, \u0111\u1ec3 thu\u1ed1c ti\u1ebfp x\u00fac v\u1edbi mi\u1ec7ng, da v\u00e0 m\u1eaft. MANG: B\u1ea3o h\u1ed9 lao \u0111\u1ed9ng ph\u00f9 h\u1ee3p. N\u1ebeU B\u1eca D\u00cdNH THU\u1ed0C: Ngay l\u1eadp t\u1ee9c c\u1edfi qu\u1ea7n \u00e1o b\u1ecb d\u00ednh thu\u1ed1c ho\u1eb7c b\u1eafn nhi\u1ec1u thu\u1ed1c. R\u1eeda k\u1ef9 ph\u1ea7n b\u1ecb d\u00ednh thu\u1ed1c b\u1eb1ng nhi\u1ec1u n\u01b0\u1edbc s\u1ea1ch. SAU KHI<\/span><\/p>\n<p><span style=\"font-weight: 400;\">S\u1eec D\u1ee4NG: R\u1eeda ch\u00e2n tay v\u00e0 t\u1eafm r\u1eeda. R\u1eeda s\u1ea1ch trang b\u1ecb b\u1ea3o h\u1ed9 lao \u0111\u1ed9ng v C\u1ea4T GI\u1eee, S\u1eec D\u1ee4NG V\u00c0 X\u1eec L\u00dd BAO G\u00d3I SAU S\u1eec D\u1ee4NG: Gi\u1eef k\u00edn trong bao g\u00f3i g\u1ed1c \u0111\u01b0\u1ee3c d\u00e1n nh\u00e3n. KH\u00d4NG s\u1eed d\u1ee5ng l\u1ea1i bao g\u00f3i n\u00e0y v\u00ec b\u1ea5t k\u1ef3 m\u1ee5c \u0111\u00edch n\u00e0o kh\u00e1c. \u0110\u1ec3 bao g\u00f3i \u1edf n\u01a1i an to\u00e0n, tr\u00e1nh xa th\u1ee9c \u0103n, tr\u1ebb em v\u00e0 \u0111\u1ed9ng v\u1eadt. B\u1ecf bao b\u00ec g\u00f3i sau s\u1eed d\u1ee5ng \u0111\u00fang n\u01a1i quy \u0111\u1ecbnh. B\u1ecf bao g\u00f3i sau s\u1eed d\u1ee5ng ph\u1ea3i \u0111\u01b0\u1ee3c r\u1eeda 3 l\u1ea7n.<\/span><\/p>\n<p><span style=\"font-weight: 400;\">S\u01a1 c\u1ea5p c\u1ee9u: Thu\u1ed1c d\u00ednh v\u00e0o m\u1eaft ph\u1ea3i r\u1eeda n\u01b0\u1edbc s\u1ea1ch \u00edt nh\u1ea5t 15 ph\u00fat. N\u1ebfu nu\u1ed1t ph\u1ea3i thu\u1ed1c ph\u1ea3i \u0111\u01b0a ngay b\u1ec7nh nh\u00e2n t\u1edbi b\u1ec7nh vi\u1ec7n g\u1ea7n nh\u1ea5t, k\u00e8m theo nh\u00e3n thu\u1ed1c \u0111\u1ec3 b\u00e1c s\u0129 \u0111i\u1ec1u tr\u1ecb theo tri\u1ec7u ch\u1ee9ng.<\/span><\/p>\n","protected":false},"excerpt":{"rendered":"<p><b>TI\u1ebeP X\u00daC C\u1ef0C NHANH &#8211; X\u00d4NG H\u01a0I C\u1ef0C M\u1ea0NH<\/b><\/p>\n","protected":false},"featured_media":1580,"comment_status":"open","ping_status":"closed","template":"","meta":{"_acf_changed":false},"pwb-brand":[],"product_cat":[217,218,212,197,211],"product_tag":[],"yst_prominent_words":[],"class_list":["post-1184","product","type-product","status-publish","has-post-thumbnail","hentry","product_cat-bao-ve-cay-trong","product_cat-san-pham","product_cat-theo-cong-dung","product_cat-theo-giai-doan-sinh-truong","product_cat-tri-benh","add-to-wishlist-after_add_to_cart"],"acf":[],"brands":[],"_links":{"self":[{"href":"https:\/\/nonghoaxanh.vn\/en\/wp-json\/wp\/v2\/product\/1184","targetHints":{"allow":["GET"]}}],"collection":[{"href":"https:\/\/nonghoaxanh.vn\/en\/wp-json\/wp\/v2\/product"}],"about":[{"href":"https:\/\/nonghoaxanh.vn\/en\/wp-json\/wp\/v2\/types\/product"}],"replies":[{"embeddable":true,"href":"https:\/\/nonghoaxanh.vn\/en\/wp-json\/wp\/v2\/comments?post=1184"}],"wp:featuredmedia":[{"embeddable":true,"href":"https:\/\/nonghoaxanh.vn\/en\/wp-json\/wp\/v2\/media\/1580"}],"wp:attachment":[{"href":"https:\/\/nonghoaxanh.vn\/en\/wp-json\/wp\/v2\/media?parent=1184"}],"wp:term":[{"taxonomy":"pwb-brand","embeddable":true,"href":"https:\/\/nonghoaxanh.vn\/en\/wp-json\/wp\/v2\/pwb-brand?post=1184"},{"taxonomy":"product_cat","embeddable":true,"href":"https:\/\/nonghoaxanh.vn\/en\/wp-json\/wp\/v2\/product_cat?post=1184"},{"taxonomy":"product_tag","embeddable":true,"href":"https:\/\/nonghoaxanh.vn\/en\/wp-json\/wp\/v2\/product_tag?post=1184"},{"taxonomy":"yst_prominent_words","embeddable":true,"href":"https:\/\/nonghoaxanh.vn\/en\/wp-json\/wp\/v2\/yst_prominent_words?post=1184"}],"curies":[{"name":"wp","href":"https:\/\/api.w.org\/{rel}","templated":true}]}}