



{"id":1177,"date":"2024-04-12T16:00:48","date_gmt":"2024-04-12T09:00:48","guid":{"rendered":"https:\/\/nonghoaxanh.com\/?post_type=product&#038;p=1177"},"modified":"2024-07-10T09:23:28","modified_gmt":"2024-07-10T02:23:28","slug":"rayxanh","status":"publish","type":"product","link":"https:\/\/nonghoaxanh.vn\/en\/san-pham\/rayxanh\/","title":{"rendered":"R\u1ea6Y XANH"},"content":{"rendered":"<p><strong>TH\u00c0NH PH\u1ea6N<\/strong><\/p>\n<p>Imidacloprid: 10% w\/w<\/p>\n<p>Lambda cyhalothrin: 5% w\/w<\/p>\n<p>Thiamethoxam: 5% w\/w<\/p>\n<p><strong>C\u00d4NG D\u1ee4NG\u00a0<\/strong><\/p>\n<p>S\u1ea3n ph\u1ea9m l\u00e0 thu\u1ed1c di\u1ec7t c\u00f4n tr\u00f9ng th\u1ebf h\u1ec7 m\u1edbi c\u00f3 t\u00e1c \u0111\u1ed9ng ti\u1ebfp x\u00fac v\u1ecb \u0111\u1ed9c, x\u00f4ng h\u01a1i v\u00e0 l\u01b0u d\u1eabn m\u1ea1nh di\u1ec7t tr\u1eeb h\u1eefu hi\u1ec7u nhi\u1ec1u lo\u1ea1i c\u00f4n tr\u00f9ng mi\u1ec7ng ch\u00edch h\u00fat \u0111\u00e3 kh\u00e1ng thu\u1ed1c. S\u1ea3n ph\u1ea9m \u0111\u01b0\u1ee3c \u0111\u0103ng k\u00fd di\u1ec7t tr\u1eeb mu\u1ed7i, ru\u1ed3i trong gia d\u1ee5ng.<\/p>\n<p><strong>H\u01af\u1edaNG D\u1eaaN S\u1eec D\u1ee4NG<\/strong><\/p>\n<p>\u1ede n\u1ed3ng \u0111\u1ed9 m\u1ed9t ph\u1ea7n ngh\u00ecn, pha m\u1ed9t g\u00f3i 1- 2 phuy phun 1.280- 1.300\u00a0 \u00a0m\u00e9t vu\u00f4ng b\u1ec1 m\u1eb7t. Hi\u1ec7u l\u1ef1c t\u1ed3n l\u01b0u: 30 ng\u00e0y k\u1ec3 t\u1eeb khi phun.<\/p>\n<p><strong>H\u01af\u1edaNG D\u1eaaN AN TO\u00c0N, S\u01a0 C\u1ea4P C\u1ee8U<\/strong><\/p>\n<p>Kh\u00f4ng \u0111\u01b0\u1ee3c h\u00fat thu\u1ed1c \u0103n u\u1ed1ng trong khi s\u1eed d\u1ee5ng s\u1ea3n ph\u1ea9m n\u00e0y \u0111\u1ecdc k\u1ef9 nh\u00e3n thu\u1ed1c tr\u01b0\u1edbc khi s\u1eed d\u1ee5ng tr\u00e1nh h\u00edt ph\u1ea3i thu\u1ed1c tr\u00e1nh \u0111\u1ec3 ti\u1ebfp x\u00fac v\u1edbi da mi\u1ec7ng v\u00e0 m\u1eaft mang b\u1ea3o h\u1ed9 lao \u0111\u1ed9ng ph\u00f9 h\u1ee3p n\u1ebfu b\u1ecb d\u00ednh thu\u1ed1c l\u1eadp t\u1ee9c c\u1edfi b\u1ecf qu\u1ea7n \u00e1o b\u1ecb d\u00ednh thu\u1ed1c r\u1eeda k\u1ef9 b\u1eb1ng nhi\u1ec1u n\u01b0\u1edbc. Sau khi s\u1eed d\u1ee5ng s\u1ea3n ph\u1ea9m c\u1ea7n ph\u1ea3i r\u1eeda s\u1ea1ch ch\u00e2n tay, t\u1eafm g\u1ed9i v\u00e0 l\u00e0m s\u1ea1ch c\u00e1c trang b\u1ecb b\u1ea3o h\u1ed9 lao \u0111\u1ed9ng.<\/p>\n<p><strong>H\u01af\u1edaNG D\u1eaaN B\u1ea2O QU\u1ea2N<\/strong><\/p>\n<ul>\n<li>Kh\u00f4ng s\u1eed d\u1ee5ng l\u1ea1i bao b\u00ec n\u00e0y v\u00ec b\u1ea5t k\u00ec m\u1ee5c \u0111\u00edch n\u00e0o kh\u00e1c.<\/li>\n<li>B\u1ecf bao g\u00f3i sau khi s\u1eed d\u1ee5ng \u0111\u00fang n\u1edbi quy \u0111\u1ecbnh.<\/li>\n<li>Tr\u00e1nh xa t\u1ea7m tay tr\u1ebb em.<\/li>\n<li>\u0110\u1ecdc k\u1ef9 h\u01b0\u1edbng d\u1eabn tr\u01b0\u1edbc khi d\u00f9ng.<\/li>\n<\/ul>\n","protected":false},"excerpt":{"rendered":"<p>3 ho\u1ea1t ch\u1ea5t- 3 c\u01a1 ch\u1ebf<\/p>\n","protected":false},"featured_media":1570,"comment_status":"open","ping_status":"closed","template":"","meta":{"_acf_changed":false},"pwb-brand":[],"product_cat":[217,218,212,197,211],"product_tag":[],"yst_prominent_words":[],"class_list":["post-1177","product","type-product","status-publish","has-post-thumbnail","hentry","product_cat-bao-ve-cay-trong","product_cat-san-pham","product_cat-theo-cong-dung","product_cat-theo-giai-doan-sinh-truong","product_cat-tri-benh","add-to-wishlist-after_add_to_cart"],"acf":[],"brands":[],"_links":{"self":[{"href":"https:\/\/nonghoaxanh.vn\/en\/wp-json\/wp\/v2\/product\/1177","targetHints":{"allow":["GET"]}}],"collection":[{"href":"https:\/\/nonghoaxanh.vn\/en\/wp-json\/wp\/v2\/product"}],"about":[{"href":"https:\/\/nonghoaxanh.vn\/en\/wp-json\/wp\/v2\/types\/product"}],"replies":[{"embeddable":true,"href":"https:\/\/nonghoaxanh.vn\/en\/wp-json\/wp\/v2\/comments?post=1177"}],"wp:featuredmedia":[{"embeddable":true,"href":"https:\/\/nonghoaxanh.vn\/en\/wp-json\/wp\/v2\/media\/1570"}],"wp:attachment":[{"href":"https:\/\/nonghoaxanh.vn\/en\/wp-json\/wp\/v2\/media?parent=1177"}],"wp:term":[{"taxonomy":"pwb-brand","embeddable":true,"href":"https:\/\/nonghoaxanh.vn\/en\/wp-json\/wp\/v2\/pwb-brand?post=1177"},{"taxonomy":"product_cat","embeddable":true,"href":"https:\/\/nonghoaxanh.vn\/en\/wp-json\/wp\/v2\/product_cat?post=1177"},{"taxonomy":"product_tag","embeddable":true,"href":"https:\/\/nonghoaxanh.vn\/en\/wp-json\/wp\/v2\/product_tag?post=1177"},{"taxonomy":"yst_prominent_words","embeddable":true,"href":"https:\/\/nonghoaxanh.vn\/en\/wp-json\/wp\/v2\/yst_prominent_words?post=1177"}],"curies":[{"name":"wp","href":"https:\/\/api.w.org\/{rel}","templated":true}]}}