



{"id":1172,"date":"2024-04-12T15:19:05","date_gmt":"2024-04-12T08:19:05","guid":{"rendered":"https:\/\/nonghoaxanh.com\/?post_type=product&#038;p=1172"},"modified":"2024-07-10T09:23:56","modified_gmt":"2024-07-10T02:23:56","slug":"xanhvil","status":"publish","type":"product","link":"https:\/\/nonghoaxanh.vn\/en\/san-pham\/xanhvil\/","title":{"rendered":"XANHVIL"},"content":{"rendered":"<p><strong>TH\u00c0NH PH\u1ea6N<\/strong><\/p>\n<p>Hexaconazole\u2026\u2026\u2026\u2026 50g\/L<\/p>\n<p>Ph\u1ee5 gia \u0111\u1eb7t bi\u1ec7t v\u1eeba \u0111\u1ee7&#8230;&#8230;&#8230;. 100%<\/p>\n<p><strong>C\u00d4NG D\u1ee4NG:<\/strong><\/p>\n<ul>\n<li><span style=\"font-weight: 400;\">S\u1ea3n ph\u1ea9m ch\u1ee9a ho\u1ea1t ch\u1ea5t Hexaconnazole c\u00f3 t\u00e1c d\u1ee5ng tr\u1eeb b\u1ec7nh ph\u1ed5 r\u1ed9ng, ti\u00eau di\u1ec7t n\u1ea5m b\u1ec7nh th\u00f4ng qua c\u01a1 ch\u1ebf ng\u0103n c\u1ea3n sinh t\u1ed5ng h\u1ee3p Ergosterol (ch\u1ea5t c\u1ea5u t\u1ea1o n\u00ean m\u00e0ng t\u1ebf b\u00e0o n\u1ea5m b\u1ec7nh). N\u1ea5m b\u1ec7nh s\u1ebd b\u1ecb c\u00f4 l\u1eadp v\u00e0 ng\u1eebng ph\u00e1t tri\u1ec3n ch\u00fang kh\u00f4ng h\u00ecnh th\u00e0nh \u0111\u01b0\u1ee3c t\u1ebf b\u00e0o m\u1edbi.<\/span><\/li>\n<li><span style=\"font-weight: 400;\">S\u1ea3n ph\u1ea9m \u0111\u01b0\u1ee3c m\u00f4 c\u00e2y h\u1ea5p th\u1ee5 nhanh, chuy\u1ec3n v\u1ecb v\u00e0 l\u01b0u d\u1eabn m\u1ea1nh n\u00ean ki\u1ec3m so\u00e1t n\u1ea5m b\u1ec7nh nhanh ch\u00f3ng hi\u1ec7u qu\u1ea3 v\u00e0 k\u00e9o d\u00e0i b\u1eb1ng c\u01a1 ch\u1ebf v\u1eeba ph\u00f2ng v\u1eeba tr\u1ecb b\u1ec7nh. S\u1ea3n ph\u1ea9m \u0111\u01b0\u1ee3c \u0111\u0103ng k\u00fd tr\u1eeb b\u1ec7nh kh\u00f4 v\u1eb1n tr\u00ean l\u00faa.<\/span><\/li>\n<\/ul>\n<p><b>H\u01af\u1edaNG D\u1eaaN S\u1eec D\u1ee4NG<\/b><\/p>\n<ul>\n<li><span style=\"font-weight: 400;\">Pha 0.8 \u2013 1lit\/ ha, phun tr\u1eeb kh\u00f4 v\u1eb1n tr\u00ean L\u00faa. L\u01b0\u1ee3ng n\u01b0\u1edbc phun 400-500 lit\/ha.<\/span><\/li>\n<li><span style=\"font-weight: 400;\">Phun thu\u1ed1c khi t\u1ef7 l\u1ec7 b\u1ec7nh kho\u1ea3ng 5 &#8211; 10%.<\/span><\/li>\n<\/ul>\n<p>&nbsp;<\/p>\n","protected":false},"excerpt":{"rendered":"<p><strong>KI\u1ec2M SO\u00c1T B\u1ec6NH H\u1ea0I HI\u1ec6U QU\u1ea2 &#8211; B\u1ea2O V\u1ec6 N\u0102NG SU\u1ea4T C\u00c2Y TR\u1ed2NG<\/strong><\/p>\n","protected":false},"featured_media":1583,"comment_status":"open","ping_status":"closed","template":"","meta":{"_acf_changed":false},"pwb-brand":[],"product_cat":[217,218,212,197,211],"product_tag":[],"yst_prominent_words":[],"class_list":["post-1172","product","type-product","status-publish","has-post-thumbnail","hentry","product_cat-bao-ve-cay-trong","product_cat-san-pham","product_cat-theo-cong-dung","product_cat-theo-giai-doan-sinh-truong","product_cat-tri-benh","add-to-wishlist-after_add_to_cart"],"acf":[],"brands":[],"_links":{"self":[{"href":"https:\/\/nonghoaxanh.vn\/en\/wp-json\/wp\/v2\/product\/1172","targetHints":{"allow":["GET"]}}],"collection":[{"href":"https:\/\/nonghoaxanh.vn\/en\/wp-json\/wp\/v2\/product"}],"about":[{"href":"https:\/\/nonghoaxanh.vn\/en\/wp-json\/wp\/v2\/types\/product"}],"replies":[{"embeddable":true,"href":"https:\/\/nonghoaxanh.vn\/en\/wp-json\/wp\/v2\/comments?post=1172"}],"wp:featuredmedia":[{"embeddable":true,"href":"https:\/\/nonghoaxanh.vn\/en\/wp-json\/wp\/v2\/media\/1583"}],"wp:attachment":[{"href":"https:\/\/nonghoaxanh.vn\/en\/wp-json\/wp\/v2\/media?parent=1172"}],"wp:term":[{"taxonomy":"pwb-brand","embeddable":true,"href":"https:\/\/nonghoaxanh.vn\/en\/wp-json\/wp\/v2\/pwb-brand?post=1172"},{"taxonomy":"product_cat","embeddable":true,"href":"https:\/\/nonghoaxanh.vn\/en\/wp-json\/wp\/v2\/product_cat?post=1172"},{"taxonomy":"product_tag","embeddable":true,"href":"https:\/\/nonghoaxanh.vn\/en\/wp-json\/wp\/v2\/product_tag?post=1172"},{"taxonomy":"yst_prominent_words","embeddable":true,"href":"https:\/\/nonghoaxanh.vn\/en\/wp-json\/wp\/v2\/yst_prominent_words?post=1172"}],"curies":[{"name":"wp","href":"https:\/\/api.w.org\/{rel}","templated":true}]}}