



{"id":1170,"date":"2024-04-12T15:16:11","date_gmt":"2024-04-12T08:16:11","guid":{"rendered":"https:\/\/nonghoaxanh.com\/?post_type=product&#038;p=1170"},"modified":"2024-07-10T09:24:44","modified_gmt":"2024-07-10T02:24:44","slug":"kills-sau","status":"publish","type":"product","link":"https:\/\/nonghoaxanh.vn\/en\/san-pham\/kills-sau\/","title":{"rendered":"KILLS S\u00c2U"},"content":{"rendered":"<p><strong>TH\u00c0NH PH\u1ea6N<\/strong><\/p>\n<p>Abamectin:\u00a0 3,6%<\/p>\n<p>Ph\u1ee5 gia \u0111\u1eb7t bi\u1ec7t v\u1eeba \u0111\u1ee7: 100%<\/p>\n<p><b>C\u00d4NG D\u1ee4NG<\/b><\/p>\n<p><span style=\"font-weight: 400;\">S\u1ea3n ph\u1ea9m ch\u1ee9a ho\u1ea1t ch\u1ea5t Abamectin l\u00e0 thu\u1ed1c tr\u1eeb s\u00e2u c\u00f3 ngu\u1ed3n g\u1ed1c sinh h\u1ecdc t\u00e1c \u0111\u1ed9ng l\u00ean h\u1ec7 th\u1ea7n kinh v\u00e0 \u0111\u01b0\u1eddng ru\u1ed9t c\u1ee7a sinh v\u1eadt g\u00e2y h\u1ea1i d\u1eabn \u0111\u1ebfn t\u00ea li\u1ec7t v\u00e0 ch\u1ebft. S\u1ea3n ph\u1ea9m c\u00f3 t\u00e1c d\u1ee5ng ph\u1ed5 r\u1ed9ng, di\u1ec7t tr\u1eeb \u0111\u01b0\u1ee3c nhi\u1ec1u lo\u1ea1i s\u00e2u, nh\u1ec7n, b\u1ecd tr\u0129 g\u00e2y h\u1ea1i tr\u00ean nhi\u1ec1u \u0111\u1ed1i t\u01b0\u1ee3ng c\u00e2y tr\u1ed3ng m\u1ed9t c\u00e1ch nhanh ch\u00f3ng v\u00e0 hi\u1ec7u qu\u1ea3. Xem chi ti\u1ebft \u1edf h\u01b0\u1edbng d\u1eabn s\u1eed d\u1ee5ng.<\/span><\/p>\n<p><strong>H\u01af\u1edaNG D\u1eaaN S\u1eec D\u1ee4NG<\/strong><\/p>\n<table>\n<tbody>\n<tr>\n<td width=\"162\">C\u00e2y tr\u1ed3ng<\/td>\n<td width=\"163\">\u0110\u1ed1i t\u01b0\u1ee3ng<\/td>\n<td width=\"162\">Li\u1ec1u l\u01b0\u1ee3ng<\/td>\n<td width=\"152\">C\u00e1ch d\u00f9ng<\/td>\n<\/tr>\n<tr>\n<td width=\"162\">B\u1eaeP C\u1ea2I<\/td>\n<td width=\"163\">S\u00e2u t\u01a1, s\u00e2u xanh<\/td>\n<td rowspan=\"3\" width=\"162\">0.15 l\u00edt\/ha<\/td>\n<td rowspan=\"6\" width=\"152\">L\u01b0\u1ee3ng n\u01b0\u1edbc phun 400- 600 l\u00edt\/ ha. Phun thu\u1ed1c khi s\u00e2u tu\u1ed5i nh\u1ecf.<\/td>\n<\/tr>\n<tr>\n<td width=\"162\">D\u01afA H\u1ea4U<\/td>\n<td width=\"163\">B\u1ecd tr\u0129<\/td>\n<\/tr>\n<tr>\n<td width=\"162\">L\u00daA<\/td>\n<td width=\"163\">B\u1ecd tr\u0129, s\u00e2u \u0111\u1ee5c b\u1eb9, s\u00e2u cu\u1ed1n l\u00e1, nh\u1ec7n gi\u00e9<\/td>\n<\/tr>\n<tr>\n<td width=\"162\">CAM<\/td>\n<td width=\"163\">Nh\u1ec7n \u0111\u1ecf<\/td>\n<td rowspan=\"3\" width=\"162\">0.033%<\/td>\n<\/tr>\n<tr>\n<td width=\"162\">\u0110I\u1ec0U<\/td>\n<td width=\"163\">B\u1ecd tr\u0129<\/td>\n<\/tr>\n<tr>\n<td width=\"162\">H\u1ed2 TI\u00caU<\/td>\n<td width=\"163\">R\u1ec7p s\u00e1p<\/td>\n<\/tr>\n<\/tbody>\n<\/table>\n<ul>\n<li><strong>Th\u1eddi gian c\u00e1ch ly:<\/strong> 7 ng\u00e0y tr\u01b0\u1edbc khi thu ho\u1ea1ch<\/li>\n<\/ul>\n<p><b>H\u01af\u1edaNG D\u1eaaN AN TO\u00c0N<\/b><\/p>\n<p><span style=\"font-weight: 400;\">\u0110\u1ec3 xa t\u1ea7m v\u1edbi c\u1ee7a tr\u1ebb em. Kh\u00f4ng h\u00fat thu\u1ed1c, \u0103n u\u1ed1ng trong khi s\u1eed d\u1ee5ng s\u1ea3n ph\u1ea9m n\u00e0y. Tr\u00e1nh h\u00edt ph\u1ea3i thu\u1ed1c, tr\u00e1nh \u0111\u1ec3 thu\u1ed1c ti\u1ebfp x\u00fac v\u1edbi da, mi\u1ec7ng v\u00e0 m\u1eaft. Mang b\u1ea3o h\u1ed9 lao \u0111\u1ed9ng ph\u00f9 h\u1ee3p. N\u1ebfu b\u1ecb d\u00ednh thu\u1ed1c, l\u1eadp t\u1ee9c c\u1edfi qu\u1ea7n \u00e1o b\u1ecb d\u00ednh thu\u1ed1c, r\u1eeda k\u1ef9 b\u1eb1ng nhi\u1ec1u n\u01b0\u1edbc. Sau khi d\u00f9ng: r\u1eeda ch\u00e2n tay v\u00e0 t\u1eafm r\u1eeda. R\u1eeda s\u1ea1ch trang b\u1ecb b\u1ea3o h\u1ed9 lao \u0111\u1ed9ng. Kh\u00f4ng s\u1eed d\u1ee5ng l\u1ea1i bao g\u00f3i n\u00e0y v\u00ec b\u1ea5t k\u1ef3 m\u1ee5c \u0111\u00edch n\u00e0o kh\u00e1c. B\u1ea3o qu\u1ea3n \u1edf n\u01a1i kh\u00f4 r\u00e1o, tho\u00e1ng m\u00e1t, tr\u00e1nh xa tr\u1ebb em, ngu\u1ed3n th\u1ef1c ph\u1ea9m v\u00e0 \u0111\u1ed9ng v\u1eadt. B\u1ecf bao g\u00f3i sau s\u1eed d\u1ee5ng \u0111\u00fang n\u01a1i quy \u0111\u1ecbnh.<\/span><\/p>\n","protected":false},"excerpt":{"rendered":"<p>TH\u00c0NH PH\u1ea6N Abamectin:\u00a0 3,6% Ph\u1ee5 gia \u0111\u1eb7t bi\u1ec7t v\u1eeba \u0111\u1ee7: 100% C\u00d4NG D\u1ee4NG S\u1ea3n ph\u1ea9m ch\u1ee9a ho\u1ea1t ch\u1ea5t Abamectin l\u00e0 thu\u1ed1c tr\u1eeb s\u00e2u c\u00f3 ngu\u1ed3n g\u1ed1c sinh h\u1ecdc t\u00e1c \u0111\u1ed9ng l\u00ean h\u1ec7 th\u1ea7n kinh v\u00e0 \u0111\u01b0\u1eddng ru\u1ed9t c\u1ee7a sinh v\u1eadt g\u00e2y h\u1ea1i d\u1eabn \u0111\u1ebfn t\u00ea li\u1ec7t v\u00e0 ch\u1ebft. S\u1ea3n ph\u1ea9m c\u00f3 t\u00e1c d\u1ee5ng ph\u1ed5 r\u1ed9ng, [&#8230;]\n","protected":false},"featured_media":1587,"comment_status":"open","ping_status":"closed","template":"","meta":{"_acf_changed":false},"pwb-brand":[],"product_cat":[217,218,212,197,211],"product_tag":[],"yst_prominent_words":[],"class_list":["post-1170","product","type-product","status-publish","has-post-thumbnail","hentry","product_cat-bao-ve-cay-trong","product_cat-san-pham","product_cat-theo-cong-dung","product_cat-theo-giai-doan-sinh-truong","product_cat-tri-benh","add-to-wishlist-after_add_to_cart"],"acf":[],"brands":[],"_links":{"self":[{"href":"https:\/\/nonghoaxanh.vn\/en\/wp-json\/wp\/v2\/product\/1170","targetHints":{"allow":["GET"]}}],"collection":[{"href":"https:\/\/nonghoaxanh.vn\/en\/wp-json\/wp\/v2\/product"}],"about":[{"href":"https:\/\/nonghoaxanh.vn\/en\/wp-json\/wp\/v2\/types\/product"}],"replies":[{"embeddable":true,"href":"https:\/\/nonghoaxanh.vn\/en\/wp-json\/wp\/v2\/comments?post=1170"}],"wp:featuredmedia":[{"embeddable":true,"href":"https:\/\/nonghoaxanh.vn\/en\/wp-json\/wp\/v2\/media\/1587"}],"wp:attachment":[{"href":"https:\/\/nonghoaxanh.vn\/en\/wp-json\/wp\/v2\/media?parent=1170"}],"wp:term":[{"taxonomy":"pwb-brand","embeddable":true,"href":"https:\/\/nonghoaxanh.vn\/en\/wp-json\/wp\/v2\/pwb-brand?post=1170"},{"taxonomy":"product_cat","embeddable":true,"href":"https:\/\/nonghoaxanh.vn\/en\/wp-json\/wp\/v2\/product_cat?post=1170"},{"taxonomy":"product_tag","embeddable":true,"href":"https:\/\/nonghoaxanh.vn\/en\/wp-json\/wp\/v2\/product_tag?post=1170"},{"taxonomy":"yst_prominent_words","embeddable":true,"href":"https:\/\/nonghoaxanh.vn\/en\/wp-json\/wp\/v2\/yst_prominent_words?post=1170"}],"curies":[{"name":"wp","href":"https:\/\/api.w.org\/{rel}","templated":true}]}}