



{"id":1166,"date":"2024-04-12T15:03:31","date_gmt":"2024-04-12T08:03:31","guid":{"rendered":"https:\/\/nonghoaxanh.com\/?post_type=product&#038;p=1166"},"modified":"2025-05-14T00:43:22","modified_gmt":"2025-05-13T17:43:22","slug":"mi-stop","status":"publish","type":"product","link":"https:\/\/nonghoaxanh.vn\/en\/san-pham\/mi-stop\/","title":{"rendered":"MI STOP"},"content":{"rendered":"<p><strong>TH\u00c0NH PH\u1ea6N<\/strong><\/p>\n<p>Azoxystronbin\u2026\u2026\u2026\u2026200g\/l\u00edt<\/p>\n<p>Difenoconazole\u2026\u2026\u2026&#8230;150g\/l\u00edt<\/p>\n<p>Ph\u1ee5 gia \u0111\u1eb7c bi\u1ec7t v\u1eeba \u0111\u1ee7&#8230;&#8230;&#8230;&#8230;100%<\/p>\n<p><strong>C\u00d4NG D\u1ee4NG:<\/strong><\/p>\n<ul>\n<li>\u0110\u1eb7c tr\u1ecb b\u1ec7nh \u0111\u1ea1o \u00f4n, kh\u00f4 v\u1eb1n, \u0111\u1ed1m n\u00e2u, th\u00e1n th\u01b0<\/li>\n<li>Ph\u1ee5 gia xanh l\u00e1, xanh tr\u00e1i.<\/li>\n<li>H\u1ea5p thu nhanh v\u00e0 c\u00e2y tr\u1ed3ng<\/li>\n<li><strong>K\u1ebft h\u1ee3p v\u1edbi Magie-K\u1ebdm, Amino combi ho\u1eb7c Rong bi\u1ec3n KelpGreen gi\u00fap xanh tr\u00e1i, l\u1edbn tr\u00e1i, m\u00e1t c\u00e2y s\u1ea1ch b\u1ec7nh<\/strong><\/li>\n<\/ul>\n<p><b>H\u01af\u1edaNG D\u1eaaN S\u1eec D\u1ee4NG<\/b><\/p>\n<p><span style=\"font-weight: 400;\">S\u1eed d\u1ee5ng v\u1edbi li\u1ec1u l\u01b0\u1ee3ng: 0.25 &#8211; 0.3 l\u00edt\/ha. L\u01b0\u1ee3ng n\u01b0\u1edbc phun 400 &#8211; 500 l\u00edt\/ha. Phun thu\u1ed1c khi l\u00faa chu\u1ea9n b\u1ecb tr\u1ed7 v\u00e0 khi l\u00faa tr\u1ed7 \u0111\u1ec1u. Th\u1eddi gian c\u00e1ch ly 7 ng\u00e0y.<\/span><\/p>\n<p><b>H\u01af\u1edaNG D\u1eaaN AN TO\u00c0N<\/b><\/p>\n<p><span style=\"font-weight: 400;\">\u0110\u1ec2 XA T\u1ea6M V\u1edaI C\u1ee6A TR\u1eba EM. \u0110\u1eccC K\u1ef8 NH\u00c3N THU\u1ed0C TR\u01af\u1edaC KHI D\u00d9NG. KH\u00d4NG h\u00fat thu\u1ed1c, \u0103n ho\u1eb7c u\u1ed1ng trong khi s\u1eed d\u1ee5ng s\u1ea3n ph\u1ea9m n\u00e0y. KHI TI\u1ebeP X\u00daC HO\u1eb6C CHU\u1ea8N B\u1eca THU\u1ed0C: TR\u00c1NH: H\u00edt ph\u1ea3i thu\u1ed1c, \u0111\u1ec3 thu\u1ed1c ti\u1ebfp x\u00fac v\u1edbi mi\u1ec7ng, da v\u00e0 m\u1eaft. MANG: B\u1ea3o h\u1ed9 lao \u0111\u1ed9ng ph\u00f9 h\u1ee3p. N\u1ebeU B\u1eca D\u00cdNH THU\u1ed0C: Ngay l\u1eadp t\u1ee9c c\u1edfi qu\u1ea7n \u00e1o b\u1ecb d\u00ednh thu\u1ed1c ho\u1eb7c b\u1eafn nhi\u1ec1u thu\u1ed1c. R\u1eeda k\u1ef9 ph\u1ea7n b\u1ecb d\u00ednh thu\u1ed1c b\u1eb1ng nhi\u1ec1u n\u01b0\u1edbc s\u1ea1ch. SAU KHI S\u1eec D\u1ee4NG: R\u1eeda ch\u00e2n tay v\u00e0 t\u1eafm r\u1eeda. R\u1eeda s\u1ea1ch trang b\u1ecb b\u1ea3o h\u1ed9 lao \u0111\u1ed9ng. C\u1ea4T GI\u1eee, S\u1eec D\u1ee4NG V\u00c0 X\u1eec L\u00dd BAO G\u00d3I SAU S\u1eec D\u1ee4NG: Gi\u1eef k\u00edn trong bao g\u00f3i g\u1ed1c \u0111\u01b0\u1ee3c d\u00e1n nh\u00e3n. KH\u00d4NG s\u1eed d\u1ee5ng l\u1ea1i bao g\u00f3i n\u00e0y v\u00ec b\u1ea5t k\u1ef3 m\u1ee5c \u0111\u00edch n\u00e0o kh\u00e1c. \u0110\u1ec3 bao g\u00f3i \u1edf n\u01a1i an to\u00e0n, tr\u00e1nh xa th\u1ee9c \u0103n, tr\u1ebb em v\u00e0 \u0111\u1ed9ng v\u1eadt. B\u1ecf bao b\u00ec g\u00f3i sau s\u1eed d\u1ee5ng \u0111\u00fang n\u01a1i quy \u0111\u1ecbnh. B\u1ecf bao g\u00f3i sau s\u1eed d\u1ee5ng ph\u1ea3i \u0111\u01b0\u1ee3c r\u1eeda 3 l\u1ea7n. S\u01a0 C\u1ea4P C\u1ee8U: Thu\u1ed1c d\u00ednh v\u00e0o m\u1eaft ph\u1ea3i r\u1eeda n\u01b0\u1edbc s\u1ea1ch \u00edt nh\u1ea5t 15 ph\u00fat. N\u1ebfu nu\u1ed1t ph\u1ea3i thu\u1ed1c ph\u1ea3i \u0111\u01b0a ngay b\u1ec7nh nh\u00e2n t\u1edbi b\u1ec7nh vi\u1ec7n g\u1ea7n nh\u1ea5t, k\u00e8m theo nh\u00e3n thu\u1ed1c \u0111\u1ec3 b\u00e1c s\u0129 \u0111i\u1ec1u tr\u1ecb theo tri\u1ec7u ch\u1ee9ng.<\/span><\/p>\n","protected":false},"excerpt":{"rendered":"<p>TH\u00c0NH PH\u1ea6N Azoxystronbin\u2026\u2026\u2026\u2026200g\/l\u00edt Difenoconazole\u2026\u2026\u2026&#8230;150g\/l\u00edt Ph\u1ee5 gia \u0111\u1eb7c bi\u1ec7t v\u1eeba \u0111\u1ee7&#8230;&#8230;&#8230;&#8230;100% C\u00d4NG D\u1ee4NG: \u0110\u1eb7c tr\u1ecb b\u1ec7nh \u0111\u1ea1o \u00f4n, kh\u00f4 v\u1eb1n, \u0111\u1ed1m n\u00e2u, th\u00e1n th\u01b0 Ph\u1ee5 gia xanh l\u00e1, xanh tr\u00e1i. H\u1ea5p thu nhanh v\u00e0 c\u00e2y tr\u1ed3ng K\u1ebft h\u1ee3p v\u1edbi Magie-K\u1ebdm, Amino combi ho\u1eb7c Rong bi\u1ec3n KelpGreen gi\u00fap xanh tr\u00e1i, l\u1edbn tr\u00e1i, m\u00e1t c\u00e2y s\u1ea1ch b\u1ec7nh H\u01af\u1edaNG [&#8230;]\n","protected":false},"featured_media":1586,"comment_status":"open","ping_status":"closed","template":"","meta":{"_acf_changed":false},"pwb-brand":[],"product_cat":[217,218,212,197,211],"product_tag":[],"yst_prominent_words":[],"class_list":["post-1166","product","type-product","status-publish","has-post-thumbnail","hentry","product_cat-bao-ve-cay-trong","product_cat-san-pham","product_cat-theo-cong-dung","product_cat-theo-giai-doan-sinh-truong","product_cat-tri-benh","add-to-wishlist-after_add_to_cart"],"acf":[],"brands":[],"_links":{"self":[{"href":"https:\/\/nonghoaxanh.vn\/en\/wp-json\/wp\/v2\/product\/1166","targetHints":{"allow":["GET"]}}],"collection":[{"href":"https:\/\/nonghoaxanh.vn\/en\/wp-json\/wp\/v2\/product"}],"about":[{"href":"https:\/\/nonghoaxanh.vn\/en\/wp-json\/wp\/v2\/types\/product"}],"replies":[{"embeddable":true,"href":"https:\/\/nonghoaxanh.vn\/en\/wp-json\/wp\/v2\/comments?post=1166"}],"wp:featuredmedia":[{"embeddable":true,"href":"https:\/\/nonghoaxanh.vn\/en\/wp-json\/wp\/v2\/media\/1586"}],"wp:attachment":[{"href":"https:\/\/nonghoaxanh.vn\/en\/wp-json\/wp\/v2\/media?parent=1166"}],"wp:term":[{"taxonomy":"pwb-brand","embeddable":true,"href":"https:\/\/nonghoaxanh.vn\/en\/wp-json\/wp\/v2\/pwb-brand?post=1166"},{"taxonomy":"product_cat","embeddable":true,"href":"https:\/\/nonghoaxanh.vn\/en\/wp-json\/wp\/v2\/product_cat?post=1166"},{"taxonomy":"product_tag","embeddable":true,"href":"https:\/\/nonghoaxanh.vn\/en\/wp-json\/wp\/v2\/product_tag?post=1166"},{"taxonomy":"yst_prominent_words","embeddable":true,"href":"https:\/\/nonghoaxanh.vn\/en\/wp-json\/wp\/v2\/yst_prominent_words?post=1166"}],"curies":[{"name":"wp","href":"https:\/\/api.w.org\/{rel}","templated":true}]}}