



{"id":1160,"date":"2024-04-12T12:16:07","date_gmt":"2024-04-12T05:16:07","guid":{"rendered":"https:\/\/nonghoaxanh.com\/?post_type=product&#038;p=1160"},"modified":"2024-07-10T09:26:23","modified_gmt":"2024-07-10T02:26:23","slug":"nano-dong","status":"publish","type":"product","link":"https:\/\/nonghoaxanh.vn\/en\/san-pham\/nano-dong\/","title":{"rendered":"NANO \u0110\u1ed2NG"},"content":{"rendered":"<p><strong>TH\u00c0NH PH\u1ea6N:<\/strong><\/p>\n<ul>\n<li>\u0110\u1ed3ng d\u1ea1ng nano: 2000ppm<\/li>\n<li>Nano chitosan: 1%<\/li>\n<li>Dung m\u00f4i v\u1eeba \u0111\u1ee7<\/li>\n<\/ul>\n<p><strong>\u0110\u1eb6C \u0110I\u1ec2M<\/strong><\/p>\n<ul>\n<li>Nano \u0110\u1ed3ng v\u1edbi k\u00edch th\u01b0\u1edbc si\u00eau nh\u1ecf (5-20nm) c\u00f3 t\u00e1c d\u1ee5ng ti\u00eau di\u1ec7t vi khu\u1ea9n v\u00e0 n\u1ea5m g\u1ea5p 5 -10 l\u1ea7n so v\u1edbi c\u00e1c lo\u1ea1i \u0110\u1ed3ng th\u00f4ng th\u01b0\u1eddng: H\u1ea1t Nano c\u00f3 kh\u1ea3 n\u0103ng xuy\u00ean th\u1ee7ng v\u00e0o b\u00ean trong t\u1ebf b\u00e0o g\u00e2y t\u1ed5n th\u01b0\u01a1ng t\u1ebf b\u00e0o Vi Khu\u1ea9n, Vi N\u1ea5m l\u00e0m m\u1ea5t kh\u1ea3 n\u0103ng v\u1eadn chuy\u1ec3n oxy c\u1ee7a ch\u00fang v\u00e0 d\u1eabn \u0111\u1ebfn n\u1ea5m b\u1ec7nh b\u1ecb ti\u00eau di\u1ec7t ho\u00e0n to\u00e0n.<\/li>\n<li>Kh\u00f4ng kh\u00e1ng thu\u1ed1c, kh\u00f4ng \u0111\u1ed9c h\u1ea1i v\u1edbi ng\u01b0\u1eddi s\u1eed d\u1ee5ng v\u00e0 v\u1eadt nu\u00f4i.<\/li>\n<li>\u1ee8ng d\u1ee5ng cho n\u00f4ng nghi\u1ec7p h\u1eefu c\u01a1.<\/li>\n<li>Cung c\u1ea5p dinh d\u01b0\u1ee1ng \u0111\u1ed3ng gi\u00fap c\u00e2y c\u1ee9ng c\u00e1p, ph\u00f2ng ng\u1eeba s\u00e2u b\u1ec7nh.<\/li>\n<\/ul>\n<p><strong>H\u01af\u1edaNG D\u1eaaN S\u1eec D\u1ee4NG:<\/strong><\/p>\n<ul>\n<li>R\u1eeda v\u01b0\u1eddn: Chai 500ml pha v\u1edbi 200 l\u00edt n\u01b0\u1edbc, phun \u01b0\u1edbt \u0111\u1eabm 2 m\u1eb7t l\u00e1 v\u00e0 th\u00e2n c\u00e2y, t\u01b0\u1edbi nh\u1eafc l\u1ea1i sau 3-5 ng\u00e0y.<\/li>\n<li>Ph\u00f2ng b\u1ec7nh: Chai 500ml pha v\u1edbi 200-300 l\u00edt n\u01b0\u1edbc, phun \u01b0\u1edbt \u0111\u1eabm 2 m\u1eb7t l\u00e1 v\u00e0 th\u00e2n c\u00e2y. \u0110\u1ecbnh k\u1ef3 3-4 tu\u1ea7n\/l\u1ea7n<\/li>\n<li>Tr\u1ecb b\u1ec7nh: pha 100ml \/b\u00ecnh 16 l\u00edt n\u01b0\u1edbc, phun \u01b0\u1edbt \u0111\u1ec1u 2 m\u1eb7t l\u00e1 v\u00e0 th\u00e2n c\u00e2y, phun nh\u1eafc l\u1ea1i sau 3-5 ng\u00e0y.<\/li>\n<li>Khi c\u00e2y c\u00f3 bi\u1ec3u hi\u1ec7n v\u00e0 l\u00e1 th\u1ed1i r\u1ec5, t\u01b0\u1edbi 7-10 l\u00edt\/g\u1ed1c, k\u1ebft h\u1ee3p v\u1edbi phun tr\u00ean l\u00e1. \u0110\u1ecbnh k\u1ef3 7-10 ng\u00e0y\/l\u1ea7n.<\/li>\n<\/ul>\n<p><strong>C\u00d4NG D\u1ee4NG<\/strong><\/p>\n<ul>\n<li>R\u1eeda s\u1ea1ch rong r\u00eau, n\u1ea5m b\u1ec7nh tr\u01b0\u1edbc khi xu\u1ed1ng gi\u1ed1ng v\u00e0 sau khi thu ho\u1ea1ch. Di\u1ec7t s\u1ea1ch n\u1ea5m b\u00eanh, vi khu\u1ea9n\u2026. g\u00e2y h\u1ea1i cho c\u00e2y tr\u1ed3ng<\/li>\n<li>Di\u1ec7t tr\u1eeb n\u1ea5m g\u00e2y b\u1ec7nh v\u00e0ng l\u00e1 th\u1ed1i r\u1ec5, th\u1ed1i c\u1ed5 r\u1ec5, th\u1ed1i r\u1ec5, tuy\u1ebfn tr\u00f9ng g\u00e2y h\u1ea1i.<\/li>\n<li>T\u1ea9y s\u1ea1ch rong r\u00eau, ch\u1eafc c\u00e2y, b\u00f3ng tr\u00e1i, \u0111\u1eb9p tr\u00e1i,<\/li>\n<\/ul>\n<p><strong>L\u01b0u \u00fd:<\/strong><\/p>\n<ul>\n<li><strong>Kh\u00f4ng s\u1eed d\u1ee5ng v\u1edbi c\u00e1c lo\u1ea1i ph\u00e2n b\u00f3n ch\u1ee9a g\u1ed1c Canxi, l\u00e2n. <\/strong><\/li>\n<li><strong>S\u1eed d\u1ee5ng \u0111\u1ecbnh k\u1ef3 20 &#8211; 30 ng\u00e0y\/l\u1ea7n \u0111\u1ec3 t\u0103ng hi\u1ec7u qu\u1ea3 ph\u00f2ng tr\u1eeb. <\/strong><\/li>\n<li>K\u1ebft h\u1ee3p v\u1edbi nano B\u1ea1c v\u00e0 nano Chitosan \u0111\u1ec3 t\u0103ng hi\u1ec7u qu\u1ea3 s\u1eed d\u1ee5ng.<\/li>\n<\/ul>\n","protected":false},"excerpt":{"rendered":"<p>TH\u00c0NH PH\u1ea6N: \u0110\u1ed3ng d\u1ea1ng nano: 2000ppm Nano chitosan: 1% Dung m\u00f4i v\u1eeba \u0111\u1ee7 \u0110\u1eb6C \u0110I\u1ec2M Nano \u0110\u1ed3ng v\u1edbi k\u00edch th\u01b0\u1edbc si\u00eau nh\u1ecf (5-20nm) c\u00f3 t\u00e1c d\u1ee5ng ti\u00eau di\u1ec7t vi khu\u1ea9n v\u00e0 n\u1ea5m g\u1ea5p 5 -10 l\u1ea7n so v\u1edbi c\u00e1c lo\u1ea1i \u0110\u1ed3ng th\u00f4ng th\u01b0\u1eddng: H\u1ea1t Nano c\u00f3 kh\u1ea3 n\u0103ng xuy\u00ean th\u1ee7ng v\u00e0o b\u00ean trong t\u1ebf b\u00e0o [&#8230;]\n","protected":false},"featured_media":1624,"comment_status":"open","ping_status":"closed","template":"","meta":{"_acf_changed":false},"pwb-brand":[],"product_cat":[217,218,212,197,211],"product_tag":[],"yst_prominent_words":[],"class_list":["post-1160","product","type-product","status-publish","has-post-thumbnail","hentry","product_cat-bao-ve-cay-trong","product_cat-san-pham","product_cat-theo-cong-dung","product_cat-theo-giai-doan-sinh-truong","product_cat-tri-benh","add-to-wishlist-after_add_to_cart"],"acf":[],"brands":[],"_links":{"self":[{"href":"https:\/\/nonghoaxanh.vn\/en\/wp-json\/wp\/v2\/product\/1160","targetHints":{"allow":["GET"]}}],"collection":[{"href":"https:\/\/nonghoaxanh.vn\/en\/wp-json\/wp\/v2\/product"}],"about":[{"href":"https:\/\/nonghoaxanh.vn\/en\/wp-json\/wp\/v2\/types\/product"}],"replies":[{"embeddable":true,"href":"https:\/\/nonghoaxanh.vn\/en\/wp-json\/wp\/v2\/comments?post=1160"}],"wp:featuredmedia":[{"embeddable":true,"href":"https:\/\/nonghoaxanh.vn\/en\/wp-json\/wp\/v2\/media\/1624"}],"wp:attachment":[{"href":"https:\/\/nonghoaxanh.vn\/en\/wp-json\/wp\/v2\/media?parent=1160"}],"wp:term":[{"taxonomy":"pwb-brand","embeddable":true,"href":"https:\/\/nonghoaxanh.vn\/en\/wp-json\/wp\/v2\/pwb-brand?post=1160"},{"taxonomy":"product_cat","embeddable":true,"href":"https:\/\/nonghoaxanh.vn\/en\/wp-json\/wp\/v2\/product_cat?post=1160"},{"taxonomy":"product_tag","embeddable":true,"href":"https:\/\/nonghoaxanh.vn\/en\/wp-json\/wp\/v2\/product_tag?post=1160"},{"taxonomy":"yst_prominent_words","embeddable":true,"href":"https:\/\/nonghoaxanh.vn\/en\/wp-json\/wp\/v2\/yst_prominent_words?post=1160"}],"curies":[{"name":"wp","href":"https:\/\/api.w.org\/{rel}","templated":true}]}}