



{"id":1150,"date":"2024-04-12T11:16:49","date_gmt":"2024-04-12T04:16:49","guid":{"rendered":"https:\/\/nonghoaxanh.com\/?post_type=product&#038;p=1150"},"modified":"2024-10-23T16:12:04","modified_gmt":"2024-10-23T09:12:04","slug":"kich-phat-to-hoa-trai","status":"publish","type":"product","link":"https:\/\/nonghoaxanh.vn\/en\/san-pham\/kich-phat-to-hoa-trai\/","title":{"rendered":"K\u00cdCH PH\u00c1T T\u1ed0 HOA &#8211; TR\u00c1I"},"content":{"rendered":"<p><strong>TH\u00c0NH PH\u1ea6N:<\/strong><\/p>\n<p>\u0110\u1ea1m (N<sub>ts<\/sub>): 5%<\/p>\n<p>L\u00e2n (P<sub>\u00ad2<\/sub>O<sub>5hh<\/sub>): 35%<\/p>\n<p>Kali (K<sub>2<\/sub>O\u00ad<sub>hh<\/sub>): 25%;<\/p>\n<p>Ph\u1ee5 gia ph\u00e2n h\u00f3a m\u1ea7m hoa<\/p>\n<p>B\u1ed5 sung \u00a0Trung vi l\u01b0\u1ee3ng v\u00e0 ch\u1ea5t t\u0103ng hi\u1ec7u qu\u1ea3 s\u1eed d\u1ee5ng ph\u00e2n b\u00f3n<\/p>\n<p><strong>C\u00d4NG D\u1ee4NG:<\/strong><\/p>\n<ul>\n<li>T\u1ea1o m\u1ea7m hoa t\u1ed1t, l\u00e1 gi\u00e0 nhanh<\/li>\n<li>Th\u00fac ra hoa \u0111\u1ed3ng lo\u1ea1t, bung m\u1ea1nh, t\u0103ng kh\u1ea3 n\u0103ng th\u1ee5 ph\u1ea5n, gi\u00fap \u0111\u1eadu tr\u00e1i nhi\u1ec1u<\/li>\n<li>Gi\u00fap c\u00e2y ra hoa tr\u00e1i v\u1ee5 hi\u1ec7u qu\u1ea3<\/li>\n<li>K\u00cdCH PH\u00c1T T\u1ed0 l\u00e0 s\u1ea3n ph\u1ea9m ph\u00e2n b\u00f3n \u0111\u1eb7c hi\u1ec7u gi\u00fap c\u00e2y ph\u00e2n h\u00f3a m\u1ea7m hoa nhanh v\u00e0 cho hoa n\u1edf \u0111\u1ed3ng lo\u1ea1t. X\u1eed l\u00fd ra hoa tr\u00e1i v\u1ee5 v\u00e0 trong \u0111i\u1ec1u ki\u1ec7n th\u1eddi ti\u1ebft b\u1ea5t l\u1ee3i.<\/li>\n<li>K\u00cdCH PH\u00c1T T\u1ed0 s\u1eed d\u1ee5ng nguy\u00ean li\u1ec7u nh\u1eadp kh\u1ea9u t\u1eed Israel tan ho\u00e0n to\u00e0n trong n\u01b0\u1edbc c\u00f3 b\u1ed5 sung trung vi l\u01b0\u1ee3ng v\u00e0 ph\u1ee5 gia gi\u00fap c\u00e2y h\u1ea5p th\u1ee5 nhanh, hi\u1ec3u qu\u1ea3 cao.<\/li>\n<\/ul>\n<p><strong>H\u01af\u1edaNG D\u1eaaN S\u1eec D\u1ee4NG:<\/strong><\/p>\n<ul>\n<li>Ph\u00e2n h\u00f3a m\u1ea7m hoa: Pha 1kg NPK 10-55-10+TE + 1 h\u1ee7 K\u00cdCH PH\u00c1T T\u1ed0 \/300 l\u00edt n\u01b0\u1edbc phun \u01b0\u1edbt \u0111\u1ec1u 2 m\u1eb7t l\u00e1. Phun nh\u1eafc l\u1ea1i sau 10 ng\u00e0y<\/li>\n<li>X\u1eed l\u00fd ra hoa tr\u00e1i v\u1ee5: Pha 1kg NPK 10-55-10+TE + 2 h\u1ee7 K\u00cdCH PH\u00c1T T\u1ed0 \/300 l\u00edt n\u01b0\u1edbc phun \u01b0\u1edbt \u0111\u1ec1u 2 m\u1eb7t l\u00e1. Phun nh\u1eafc l\u1ea1i sau 7 ng\u00e0y<\/li>\n<li>Pha chung \u0111\u01b0\u1ee3c v\u1edbi 1 s\u1ed1 lo\u1ea1i n\u00f4ng d\u01b0\u1ee3c.<\/li>\n<\/ul>\n<p><strong>L\u01b0u \u00fd:\u00a0<\/strong><\/p>\n<ul>\n<li>S\u1eed d\u1ee5ng li\u1ec1u l\u01b0\u1ee3ng \u0111\u00fang khuy\u1ebfn c\u00e1o<\/li>\n<li>Tr\u00e1nh xa t\u1ea7m tay tr\u1ebb em, b\u1ea3o qu\u1ea3n n\u01a1i kh\u00f4 r\u00e1o, tho\u00e1ng m\u00e1t, tr\u00e1nh \u00e1nh n\u1eafng m\u1eb7t tr\u1eddi.<\/li>\n<\/ul>\n","protected":false},"excerpt":{"rendered":"<p>RA HOA C\u1ef0C M\u1ea0NH<\/p>\n","protected":false},"featured_media":1622,"comment_status":"open","ping_status":"closed","template":"","meta":{"_acf_changed":false},"pwb-brand":[],"product_cat":[216,218,208,212,197],"product_tag":[],"yst_prominent_words":[],"class_list":["post-1150","product","type-product","status-publish","has-post-thumbnail","hentry","product_cat-phan-bon-la","product_cat-san-pham","product_cat-tao-mam-hoa-ra-hoa-dau-qua","product_cat-theo-cong-dung","product_cat-theo-giai-doan-sinh-truong","add-to-wishlist-after_add_to_cart"],"acf":[],"brands":[],"_links":{"self":[{"href":"https:\/\/nonghoaxanh.vn\/en\/wp-json\/wp\/v2\/product\/1150","targetHints":{"allow":["GET"]}}],"collection":[{"href":"https:\/\/nonghoaxanh.vn\/en\/wp-json\/wp\/v2\/product"}],"about":[{"href":"https:\/\/nonghoaxanh.vn\/en\/wp-json\/wp\/v2\/types\/product"}],"replies":[{"embeddable":true,"href":"https:\/\/nonghoaxanh.vn\/en\/wp-json\/wp\/v2\/comments?post=1150"}],"wp:featuredmedia":[{"embeddable":true,"href":"https:\/\/nonghoaxanh.vn\/en\/wp-json\/wp\/v2\/media\/1622"}],"wp:attachment":[{"href":"https:\/\/nonghoaxanh.vn\/en\/wp-json\/wp\/v2\/media?parent=1150"}],"wp:term":[{"taxonomy":"pwb-brand","embeddable":true,"href":"https:\/\/nonghoaxanh.vn\/en\/wp-json\/wp\/v2\/pwb-brand?post=1150"},{"taxonomy":"product_cat","embeddable":true,"href":"https:\/\/nonghoaxanh.vn\/en\/wp-json\/wp\/v2\/product_cat?post=1150"},{"taxonomy":"product_tag","embeddable":true,"href":"https:\/\/nonghoaxanh.vn\/en\/wp-json\/wp\/v2\/product_tag?post=1150"},{"taxonomy":"yst_prominent_words","embeddable":true,"href":"https:\/\/nonghoaxanh.vn\/en\/wp-json\/wp\/v2\/yst_prominent_words?post=1150"}],"curies":[{"name":"wp","href":"https:\/\/api.w.org\/{rel}","templated":true}]}}