



{"id":1146,"date":"2024-04-12T10:24:01","date_gmt":"2024-04-12T03:24:01","guid":{"rendered":"https:\/\/nonghoaxanh.com\/?post_type=product&#038;p=1146"},"modified":"2024-07-10T09:28:40","modified_gmt":"2024-07-10T02:28:40","slug":"mkp-0-52-34","status":"publish","type":"product","link":"https:\/\/nonghoaxanh.vn\/en\/san-pham\/mkp-0-52-34\/","title":{"rendered":"MKP 0-52-34"},"content":{"rendered":"<p><strong>TH\u00c0NH PH\u1ea6N:<\/strong><\/p>\n<p>L\u00e2n (P\u00ad2O5hh): 52%<\/p>\n<p>Kali (K2O\u00adhh):34%;<\/p>\n<p><strong>\u0110\u1eb6C \u0110I\u1ec2M:<\/strong><\/p>\n<p><strong>MKP haifa<\/strong>\u00a0l\u00e0 ph\u00e2n b\u00f3n nh\u1eadp kh\u1ea9u t\u1eeb Israel, d\u1ea1ng ph\u00e2n \u0111\u01a1n tinh khi\u1ebft tan ho\u00e0n to\u00e0n trong n\u01b0\u1edbc v\u1edbi th\u00e0nh ph\u1ea7n ch\u00ednh l\u00e0 kali v\u00e0 l\u00e2n. \u0110\u00e2y l\u00e0 m\u1ed9t ngu\u1ed3n kali v\u00e0 l\u00e2n hi\u1ec7u qu\u1ea3 cao cho c\u00e2y tr\u1ed3ng,\u00a0ph\u00e2n b\u00f3n\u00a0kh\u00f4ng ch\u1ee9a th\u00e0nh ph\u1ea7n \u0111\u1ea1m.<\/p>\n<p>MKP haifa l\u00e0 cung c\u1ea5p t\u1ed1i \u01b0u l\u00e2n v\u00e0 kali trong \u0111i\u1ec1u ki\u1ec7n c\u1ea7n gi\u1edbi h\u1ea1n l\u01b0\u1ee3ng \u0111\u1ea1m cho c\u00e2y tr\u1ed3ng.<\/p>\n<p>MKP haifa c\u00f3 th\u1ec3 k\u1ebft h\u1ee3p v\u1edbi c\u00e1c lo\u1ea1i ph\u00e2n b\u00f3n kh\u00e1c \u0111\u1ec3 \u0111\u00e1p \u1ee9ng nhu c\u1ea7u dinh d\u01b0\u1ee1ng th\u00edch cho t\u1eebng giai \u0111o\u1ea1n sinh tr\u01b0\u1edfng c\u00e2y tr\u1ed3ng.<\/p>\n<p><strong>H\u01af\u1edaNG D\u1eaaN S\u1eec D\u1ee4NG:<\/strong><\/p>\n<p><strong>Ph\u00e2n h\u00f3a m\u1ea7m hoa:<\/strong> Pha 1kg MKP\/200 l\u00edt n\u01b0\u1edbc phun \u01b0\u1edbt \u0111\u1ec1u 2 m\u1eb7t l\u00e1<\/p>\n<p>B\u00f3n g\u1ed1c:\u00a0 b\u00f3n 0,5 -1kg\/g\u1ed1c.<\/p>\n<p><strong>Ch\u1eb7n \u0111\u1ecdt:<\/strong> Pha 1kg MKP k\u1ebft h\u1ee3p v\u1edbi 1 l\u00edt <strong>Anvil-Xanh<\/strong> (hexaconazole) cho 200 l\u00edt n\u01b0\u1edbc.<\/p>\n<p><strong>\u0110\u1ed1t \u0111\u1ecdt: <\/strong>Pha 1,5kg MKP v\u1edbi 250ml<strong> (\u0110\u1ed1t \u0111\u1ecdt non) <\/strong>cho 200 l\u00edt n\u01b0\u1edbc<\/p>\n","protected":false},"excerpt":{"rendered":"<p>TH\u00c0NH PH\u1ea6N: L\u00e2n (P\u00ad2O5hh): 52% Kali (K2O\u00adhh):34%; \u0110\u1eb6C \u0110I\u1ec2M: MKP haifa\u00a0l\u00e0 ph\u00e2n b\u00f3n nh\u1eadp kh\u1ea9u t\u1eeb Israel, d\u1ea1ng ph\u00e2n \u0111\u01a1n tinh khi\u1ebft tan ho\u00e0n to\u00e0n trong n\u01b0\u1edbc v\u1edbi th\u00e0nh ph\u1ea7n ch\u00ednh l\u00e0 kali v\u00e0 l\u00e2n. \u0110\u00e2y l\u00e0 m\u1ed9t ngu\u1ed3n kali v\u00e0 l\u00e2n hi\u1ec7u qu\u1ea3 cao cho c\u00e2y tr\u1ed3ng,\u00a0ph\u00e2n b\u00f3n\u00a0kh\u00f4ng ch\u1ee9a th\u00e0nh ph\u1ea7n \u0111\u1ea1m. MKP haifa [&#8230;]\n","protected":false},"featured_media":1562,"comment_status":"open","ping_status":"closed","template":"","meta":{"_acf_changed":false},"pwb-brand":[],"product_cat":[216,218,208,212,197,210],"product_tag":[],"yst_prominent_words":[],"class_list":["post-1146","product","type-product","status-publish","has-post-thumbnail","hentry","product_cat-phan-bon-la","product_cat-san-pham","product_cat-tao-mam-hoa-ra-hoa-dau-qua","product_cat-theo-cong-dung","product_cat-theo-giai-doan-sinh-truong","product_cat-uc-che-sinh-truong-chan-dot","add-to-wishlist-after_add_to_cart"],"acf":[],"brands":[],"_links":{"self":[{"href":"https:\/\/nonghoaxanh.vn\/en\/wp-json\/wp\/v2\/product\/1146","targetHints":{"allow":["GET"]}}],"collection":[{"href":"https:\/\/nonghoaxanh.vn\/en\/wp-json\/wp\/v2\/product"}],"about":[{"href":"https:\/\/nonghoaxanh.vn\/en\/wp-json\/wp\/v2\/types\/product"}],"replies":[{"embeddable":true,"href":"https:\/\/nonghoaxanh.vn\/en\/wp-json\/wp\/v2\/comments?post=1146"}],"wp:featuredmedia":[{"embeddable":true,"href":"https:\/\/nonghoaxanh.vn\/en\/wp-json\/wp\/v2\/media\/1562"}],"wp:attachment":[{"href":"https:\/\/nonghoaxanh.vn\/en\/wp-json\/wp\/v2\/media?parent=1146"}],"wp:term":[{"taxonomy":"pwb-brand","embeddable":true,"href":"https:\/\/nonghoaxanh.vn\/en\/wp-json\/wp\/v2\/pwb-brand?post=1146"},{"taxonomy":"product_cat","embeddable":true,"href":"https:\/\/nonghoaxanh.vn\/en\/wp-json\/wp\/v2\/product_cat?post=1146"},{"taxonomy":"product_tag","embeddable":true,"href":"https:\/\/nonghoaxanh.vn\/en\/wp-json\/wp\/v2\/product_tag?post=1146"},{"taxonomy":"yst_prominent_words","embeddable":true,"href":"https:\/\/nonghoaxanh.vn\/en\/wp-json\/wp\/v2\/yst_prominent_words?post=1146"}],"curies":[{"name":"wp","href":"https:\/\/api.w.org\/{rel}","templated":true}]}}