



{"id":1141,"date":"2024-04-11T20:50:58","date_gmt":"2024-04-11T13:50:58","guid":{"rendered":"https:\/\/nonghoaxanh.com\/?post_type=product&#038;p=1141"},"modified":"2024-07-10T09:29:19","modified_gmt":"2024-07-10T02:29:19","slug":"kt-30-tron-trai","status":"publish","type":"product","link":"https:\/\/nonghoaxanh.vn\/en\/san-pham\/kt-30-tron-trai\/","title":{"rendered":"KT &#8211; 30 Tr\u00f2n tr\u00e1i"},"content":{"rendered":"<p><strong>TH\u00c0NH PH\u1ea6N<\/strong><\/p>\n<p>Amino axit : 6%;<\/p>\n<p>T\u1ea3o bi\u1ec3n xanh: 8,5%;<\/p>\n<p>K\u1ebdm(Zn): 0,2 %,<\/p>\n<p>Atonik: 800ppm;<\/p>\n<p>Cytokinin CPPU KT 30: 120ppm<\/p>\n<p><strong>C\u00d4NG D\u1ee4NG<\/strong><\/p>\n<ul>\n<li>K\u00edch th\u00edch s\u1ef1 ph\u00e2n chia v\u00e0 m\u1edf r\u1ed9ng c\u1ee7a t\u1ebf b\u00e0o gi\u00fap tr\u00e1i tr\u00f2n \u0111\u1ec1u kh\u1eafc ph\u1ee5c t\u00ecnh tr\u1ea1ng b\u1ecb m\u00e9o, d\u00e0i.<\/li>\n<li>B\u1ed5 sung d\u01b0\u1ee1ng ch\u1ea5t gi\u00fap tr\u00e1i l\u1edbn nhanh, m\u00e0u s\u1eafc \u0111\u1eb9p, c\u01a1m v\u00e0ng, gai nh\u1ecdn.<\/li>\n<li>B\u1ed5 sung ph\u1ee5 gia ch\u1ed1ng s\u1ed1c gi\u00fap gi\u1ea3m r\u1ee5ng tr\u00e1i khi g\u1eb7p \u0111i\u1ec1u ki\u1ec7n th\u1eddi ti\u1ebft b\u1ea5t l\u1ee3i.<\/li>\n<\/ul>\n<p><strong>\u0110\u1eb6C \u0110I\u1ec2M<\/strong><\/p>\n<p>Forchlorfenuron CPPU KT-30<strong>\u00a0<\/strong>l\u00e0 ch\u1ea5t \u0111i\u1ec1u h\u00f2a sinh tr\u01b0\u1edfng\u00a0 thu\u1ed9c nh\u00f3m cytokinin th\u1ebf h\u1ec7 IV, hi\u1ec7u qu\u1ea3 c\u1ee7a KT30 g\u1ea5p 10 &#8211; 100 l\u1ea7n so v\u1edbi 6-BA.\u00a0KT30 \u0111\u01b0\u1ee3c s\u1eed d\u1ee5ng trong n\u00f4ng nghi\u1ec7p \u0111\u1ec3 t\u0103ng k\u00edch th\u01b0\u1edbc tr\u00e1i c\u00e2y: s\u1ea7u ri\u00eang, m\u00edt, kiwi, nho, d\u00e2u t\u00e2y, t\u00e1o&#8230;.\u00a0KT30\u00a0 th\u00fac \u0111\u1ea9y s\u1ef1 ph\u00e2n chia v\u00e0 m\u1edf r\u1ed9ng t\u1ebf b\u00e0o, t\u0103ng k\u00edch th\u01b0\u1edbc\u00a0qu\u1ea3 (l\u00e0m tr\u00f2n v\u00e0 to qu\u1ea3), t\u0103ng n\u0103ng su\u1ea5t c\u00e2y tr\u1ed3ng.<\/p>\n<p><strong>H\u01af\u1edaNG D\u1eaaN S\u1eec D\u1ee4NG<\/strong><\/p>\n<ul>\n<li>Tr\u00e1i <span style=\"color: #333333; font-size: 14.4px;\">sau khi x\u1ea3 nh\u1ecb \u0111\u01b0\u1ee3c 5 \u0111\u1ebfn 10 ng\u00e0y: pha 250 ml v\u1edbi 200 l\u00edt n\u01b0\u1edbc phun tr\u1ef1c ti\u1ebfp l\u00ean tr\u00e1i. phun nh\u1eafc l\u1ea1i 3 \u0111\u1ebfn 5 ng\u00e0y.<\/span><\/li>\n<li><span style=\"color: #333333; font-size: 14.4px;\">Phun tr\u1ef1c ti\u1ebfp l\u00ean v\u1ecb tr\u00ed ch\u1ed7 tr\u00e1i m\u00e9o \u0111\u1ec3 s\u1eeda t\u01b0\u1edbng tr\u00e1i k\u1ebft h\u1ee3p KT- 30 v\u1edbi amino combi \u0111\u1ec3 t\u0103ng hi\u1ec7u qu\u1ea3 s\u1eed d\u1ee5ng gi\u00fap tr\u00e1i l\u1edbn nhanh.<\/span><\/li>\n<\/ul>\n<div id=\"messageView\" class=\"message-view \" tabindex=\"21\">\n<div id=\"messageViewContainer\" class=\" message-view__scroll \">\n<div id=\"messageViewScroll\" class=\"message-view__scroll__inner --less-space preview-ts fadeInAndOut \">\n<div class=\"block-date\">\n<div class=\"chat-item flx me\">\n<div class=\"chat-content flx flx-col flx-cell\">\n<div id=\"bb_msg_id_1712842771379\" class=\"chat-message wrap-message rotate-container me -send-time -reaction bubble-jump-target\" data-node-type=\"bubble-message\">\n<div class=\"\">\n<div class=\"card card-with-reaction-v2 me last-msg has-status card--text\" data-id=\"div_LastSentMsg_Text\">\n<div>\n<div class=\"card-send-time flx flx-al-c flx-1 me \"><strong>L\u01b0u \u00fd<\/strong><\/div>\n<ul>\n<li class=\"card-send-time flx flx-al-c flx-1 me \">S\u1ea3n ph\u1ea9m c\u00f3 th\u1ec3 s\u1eed d\u1ee5ng \u0111\u1ec3 t\u01b0\u1edbi g\u1ed1c b\u00e1o nh\u1ecf cho cho c\u00e1c lo\u1ea1i c\u00e2y tr\u1ed3ng.<\/li>\n<li class=\"card-send-time flx flx-al-c flx-1 me \">N\u00ean s\u1eed d\u1ee5ng KT- 30 v\u00e0o bu\u1ed5i s\u00e1ng ho\u1eb7c chi\u1ec1u t\u1ed1i \u0111\u1ec3 tr\u00e1nh th\u1ea5t tho\u00e1t dinh d\u01b0\u1ee1ng.<\/li>\n<li class=\"card-send-time flx flx-al-c flx-1 me \">L\u1eafc \u0111\u1ec1u s\u1ea3n ph\u1ea9m th\u1ee9c khi d\u00f9ng<\/li>\n<\/ul>\n<\/div>\n<div class=\"message-reaction-container message-reaction-container-v2 has-send-time me show-react-btn\"><\/div>\n<\/div>\n<\/div>\n<\/div>\n<\/div>\n<\/div>\n<\/div>\n<\/div>\n<\/div>\n<\/div>\n","protected":false},"excerpt":{"rendered":"<p><strong>TR\u00d2N TR\u00c1I &#8211; L\u1edaN TR\u00c1I &#8211; XANH TR\u00c1I &#8211; V\u00c0NG C\u01a0M &#8211; CH\u1ed0NG S\u1ed0C<\/strong><\/p>\n<p>&nbsp;<\/p>\n","protected":false},"featured_media":1345,"comment_status":"open","ping_status":"closed","template":"","meta":{"_acf_changed":false},"pwb-brand":[],"product_cat":[209,216,218,208,212,197],"product_tag":[],"yst_prominent_words":[],"class_list":["post-1141","product","type-product","status-publish","has-post-thumbnail","hentry","product_cat-nuoi-trai-duong-trai","product_cat-phan-bon-la","product_cat-san-pham","product_cat-tao-mam-hoa-ra-hoa-dau-qua","product_cat-theo-cong-dung","product_cat-theo-giai-doan-sinh-truong","add-to-wishlist-after_add_to_cart"],"acf":[],"brands":[],"_links":{"self":[{"href":"https:\/\/nonghoaxanh.vn\/en\/wp-json\/wp\/v2\/product\/1141","targetHints":{"allow":["GET"]}}],"collection":[{"href":"https:\/\/nonghoaxanh.vn\/en\/wp-json\/wp\/v2\/product"}],"about":[{"href":"https:\/\/nonghoaxanh.vn\/en\/wp-json\/wp\/v2\/types\/product"}],"replies":[{"embeddable":true,"href":"https:\/\/nonghoaxanh.vn\/en\/wp-json\/wp\/v2\/comments?post=1141"}],"wp:featuredmedia":[{"embeddable":true,"href":"https:\/\/nonghoaxanh.vn\/en\/wp-json\/wp\/v2\/media\/1345"}],"wp:attachment":[{"href":"https:\/\/nonghoaxanh.vn\/en\/wp-json\/wp\/v2\/media?parent=1141"}],"wp:term":[{"taxonomy":"pwb-brand","embeddable":true,"href":"https:\/\/nonghoaxanh.vn\/en\/wp-json\/wp\/v2\/pwb-brand?post=1141"},{"taxonomy":"product_cat","embeddable":true,"href":"https:\/\/nonghoaxanh.vn\/en\/wp-json\/wp\/v2\/product_cat?post=1141"},{"taxonomy":"product_tag","embeddable":true,"href":"https:\/\/nonghoaxanh.vn\/en\/wp-json\/wp\/v2\/product_tag?post=1141"},{"taxonomy":"yst_prominent_words","embeddable":true,"href":"https:\/\/nonghoaxanh.vn\/en\/wp-json\/wp\/v2\/yst_prominent_words?post=1141"}],"curies":[{"name":"wp","href":"https:\/\/api.w.org\/{rel}","templated":true}]}}