



{"id":1138,"date":"2024-04-11T20:24:05","date_gmt":"2024-04-11T13:24:05","guid":{"rendered":"https:\/\/nonghoaxanh.com\/?post_type=product&#038;p=1138"},"modified":"2024-07-10T09:30:20","modified_gmt":"2024-07-10T02:30:20","slug":"magie-kem","status":"publish","type":"product","link":"https:\/\/nonghoaxanh.vn\/en\/san-pham\/magie-kem\/","title":{"rendered":"MAGIE \u2013 K\u1ebcM"},"content":{"rendered":"<p><strong>TH\u00c0NH PH\u1ea6N:<\/strong><\/p>\n<p>Mangie (Mg): 5%; K\u1ebdm (Zn): 1,5%; S\u1eaft (Fe) : 0,2%; Mangan (Mn): 0,4%; Boron (B): 2100 ppm,GA3: 400ppm; NAA: 500pm;<\/p>\n<p><strong>C\u00d4NG D\u1ee4NG<\/strong><\/p>\n<ul>\n<li>T\u0103ng c\u01b0\u1eddng quang h\u1ee3p, gi\u00fap xanh gai, xanh tr\u00e1i, \u0111\u1eb9p tr\u00e1i.<\/li>\n<li>Gi\u00fap tr\u00e1i l\u1edbn nhanh, m\u00e0u s\u1eafc \u0111\u1eb9p, v\u00e0ng c\u01a1m.<\/li>\n<li>Ch\u1ed1ng r\u1ee5ng tr\u00e1i, th\u1ed1i tr\u00e1i, n\u1ee9t tr\u00e1i.<\/li>\n<li>S\u1eeda t\u01b0\u1edbng tr\u00e1i, tr\u00f2n tr\u00e1i, \u0111\u1ea7y h\u1ed9c.<\/li>\n<\/ul>\n<p><strong>VAI TR\u00d2 C\u1ee6A MAGIE V\u00c0 K\u1ebcM \u0110\u1ed0I V\u1edaI C\u00c2Y TR\u1ed2NG<\/strong><\/p>\n<ul>\n<li>Magi\u00ea (Mg): Magi\u00ea l\u00e0 th\u00e0nh ph\u1ea7n c\u1ea5u t\u1ea1o di\u1ec7p l\u1ee5c, \u0111\u00f3ng vai tr\u00f2 quan tr\u1ecdng cho qu\u00e1 tr\u00ecnh quang h\u1ee3p, ho\u1ea1t ch\u1ea5t c\u1ee7a h\u1ec7 enzim, chuy\u1ec3n h\u00f3a hydrat cacbon (\u0111\u01b0\u1eddng v\u00e0 tinh b\u1ed9t) v\u00e0 t\u1ed5ng h\u1ee3p ax\u00edt nucl\u00eaic. Magi\u00ea gi\u00fap t\u0103ng \u0111\u1ed9 ng\u1ecdt,qu\u1ea3 xanh \u0111\u1eb9p, m\u00e0u s\u1eafc t\u1ef1 nhi\u00ean<\/li>\n<li>Thi\u1ebfu Magi\u00ea c\u00e2y quang h\u1ee3p k\u00e9m, l\u00e1 \u00faa v\u00e0ng, m\u00e9p l\u00e1 cu\u1ed1n l\u1ea1i, qu\u1ea3.<\/li>\n<li>K\u1ebdm (Zn<sup>2+<\/sup>) l\u00e0 th\u00e0nh ph\u1ea7n c\u1ee7a men carboxylase k\u00edch th\u00edch s\u1ef1 gi\u1ea3i ph\u00f3ng CO<sub>2 <\/sub>trong di\u1ec7p l\u1ee5c, k\u00edch th\u00edch quang h\u1ee3p.<\/li>\n<li>K\u1ebdm tham gia v\u00e0o qu\u00e1 tr\u00ecnh t\u1ed5ng h\u1ee3p protein ax\u00edt nucleic v\u00e0 h\u1ee3p ch\u1ea5t quan tr\u1ecdng trong c\u00e2y nh\u01b0 \u0111\u01b0\u1eddng, tinh b\u1ed9t, protitvitamin C, auxin, tamin v\u00e0 enzym c\u1ee7a th\u1ef1c v\u1eadt<\/li>\n<\/ul>\n<p>&nbsp;<\/p>\n<p><strong>H\u01af\u1edaNG D\u1eaaN S\u1eec D\u1ee4NG:<\/strong><\/p>\n<ul>\n<li>Phun qua l\u00e1: Pha 500ml\/400 l\u00edt n\u01b0\u1edbc<\/li>\n<li>Phun tr\u1ef1c ti\u1ebfp l\u00ean tr\u00e1i: Pha 500ml\/200 l\u00edt n\u01b0\u1edbc<\/li>\n<li>Phun ho\u1eb7c t\u01b0\u1edbi v\u00e0o s\u00e1ng s\u1edbm ho\u1eb7c tr\u1eddi m\u00e1t. \u0110\u1ecbnh k\u1ef3 7-10 ng\u00e0y\/l\u1ea7n.<\/li>\n<\/ul>\n","protected":false},"excerpt":{"rendered":"<p>TH\u00c0NH PH\u1ea6N: Mangie (Mg): 5%; K\u1ebdm (Zn): 1,5%; S\u1eaft (Fe) : 0,2%; Mangan (Mn): 0,4%; Boron (B): 2100 ppm,GA3: 400ppm; NAA: 500pm; C\u00d4NG D\u1ee4NG T\u0103ng c\u01b0\u1eddng quang h\u1ee3p, gi\u00fap xanh gai, xanh tr\u00e1i, \u0111\u1eb9p tr\u00e1i. Gi\u00fap tr\u00e1i l\u1edbn nhanh, m\u00e0u s\u1eafc \u0111\u1eb9p, v\u00e0ng c\u01a1m. Ch\u1ed1ng r\u1ee5ng tr\u00e1i, th\u1ed1i tr\u00e1i, n\u1ee9t tr\u00e1i. S\u1eeda t\u01b0\u1edbng tr\u00e1i, tr\u00f2n [&#8230;]\n","protected":false},"featured_media":1626,"comment_status":"open","ping_status":"closed","template":"","meta":{"_acf_changed":false},"pwb-brand":[],"product_cat":[218,207,197],"product_tag":[],"yst_prominent_words":[],"class_list":["post-1138","product","type-product","status-publish","has-post-thumbnail","hentry","product_cat-san-pham","product_cat-tang-truong-phuc-hoi-sau-thu-hoach","product_cat-theo-giai-doan-sinh-truong","add-to-wishlist-after_add_to_cart"],"acf":[],"brands":[],"_links":{"self":[{"href":"https:\/\/nonghoaxanh.vn\/en\/wp-json\/wp\/v2\/product\/1138","targetHints":{"allow":["GET"]}}],"collection":[{"href":"https:\/\/nonghoaxanh.vn\/en\/wp-json\/wp\/v2\/product"}],"about":[{"href":"https:\/\/nonghoaxanh.vn\/en\/wp-json\/wp\/v2\/types\/product"}],"replies":[{"embeddable":true,"href":"https:\/\/nonghoaxanh.vn\/en\/wp-json\/wp\/v2\/comments?post=1138"}],"wp:featuredmedia":[{"embeddable":true,"href":"https:\/\/nonghoaxanh.vn\/en\/wp-json\/wp\/v2\/media\/1626"}],"wp:attachment":[{"href":"https:\/\/nonghoaxanh.vn\/en\/wp-json\/wp\/v2\/media?parent=1138"}],"wp:term":[{"taxonomy":"pwb-brand","embeddable":true,"href":"https:\/\/nonghoaxanh.vn\/en\/wp-json\/wp\/v2\/pwb-brand?post=1138"},{"taxonomy":"product_cat","embeddable":true,"href":"https:\/\/nonghoaxanh.vn\/en\/wp-json\/wp\/v2\/product_cat?post=1138"},{"taxonomy":"product_tag","embeddable":true,"href":"https:\/\/nonghoaxanh.vn\/en\/wp-json\/wp\/v2\/product_tag?post=1138"},{"taxonomy":"yst_prominent_words","embeddable":true,"href":"https:\/\/nonghoaxanh.vn\/en\/wp-json\/wp\/v2\/yst_prominent_words?post=1138"}],"curies":[{"name":"wp","href":"https:\/\/api.w.org\/{rel}","templated":true}]}}