



{"id":1136,"date":"2024-04-11T20:11:31","date_gmt":"2024-04-11T13:11:31","guid":{"rendered":"https:\/\/nonghoaxanh.com\/?post_type=product&#038;p=1136"},"modified":"2025-05-14T00:44:29","modified_gmt":"2025-05-13T17:44:29","slug":"super-shock","status":"publish","type":"product","link":"https:\/\/nonghoaxanh.vn\/en\/san-pham\/super-shock\/","title":{"rendered":"SUPER SHOCK"},"content":{"rendered":"<p><strong>TH\u00c0NH PH\u1ea6N:<\/strong><\/p>\n<p>Amino axit : 6%; Mangie (Mg): 0,5; S\u1eaft (Fe): 0,5%; K\u1ebdm(Zn): 1,2 %; Mangan (Mn): 0,6%; Boron (B): 2100 ppm, Atonik: 800ppm; Hormone sinh tr\u01b0\u1edfng th\u1ef1c v\u1eadt\u00a0th\u1ebf h\u1ec7 4<\/p>\n<p><strong>C\u00d4NG D\u1ee4NG<\/strong><\/p>\n<ul>\n<li>Gi\u00fap gi\u1ea3m r\u1ee5ng hoa v\u00e0 tr\u00e1i t\u1ee9c th\u1eddi khi b\u1ecb s\u1ed1c n\u01b0\u1edbc, s\u1ed1c nhi\u1ec7t.<\/li>\n<li>Ch\u1ed1ng r\u1ee5ng hoa, r\u1ee5ng tr\u00e1i.<\/li>\n<li>Th\u00fac \u0111\u1ea9y s\u1ef1 th\u1ee5 ph\u1ea5n, n\u00e2ng cao cao t\u1ef7 l\u1ec7 \u0111\u1eadu tr\u00e1i.<\/li>\n<li>Th\u00fac \u0111\u1ea9y s\u1ef1 t\u0103ng tr\u01b0\u1edfng c\u1ee7a c\u00e2y tr\u1ed3ng t\u0103ng n\u0103ng su\u1ea5t, t\u0103ng tr\u1ecdng l\u01b0\u1ee3ng qu\u1ea3.<\/li>\n<li>T\u0103ng h\u00e0m l\u01b0\u1ee3ng ch\u1ea5t di\u1ec7p l\u1ee5c, t\u0103ng kh\u1ea3 n\u0103ng\u00a0quang h\u1ee3p, th\u00fac \u0111\u1ea9y r\u1ec5 v\u00e0 c\u00e2y con kh\u1ecfe m\u1ea1nh, t\u0103ng kh\u1ea3 n\u0103ng ch\u1ecbu\u00a0l\u1ea1nh, ch\u1ecbu h\u1ea1n, nhi\u1ec5m m\u1eb7n \u0111\u1ed1i v\u1edbi c\u00e2y tr\u1ed3ng.<\/li>\n<li>Gi\u1ea3m ng\u1ed9 \u0111\u1ed9c \u0111\u1ed1i v\u1edbi ph\u00e2n b\u00f3n, thu\u1ed1c BVTV, kim lo\u1ea1i n\u1eb7ng, mu\u1ed1i..<\/li>\n<li>T\u0103ng th\u1eddi gian b\u1ea3o qu\u1ea3n\u00a0tr\u00e1i c\u00e2y, hoa\u2026<\/li>\n<li>H\u1ea1n ch\u1ebf s\u1ef1 xu\u1ea5t hi\u1ec7n c\u1ee7a b\u1ec7nh.<\/li>\n<\/ul>\n<p><strong>H\u01af\u1edaNG D\u1eaaN S\u1eec D\u1ee4NG:<\/strong><\/p>\n<ul>\n<li>Phun tr\u1ef1c ti\u1ebfp l\u00ean hoa ho\u1eb7c tr\u00e1i: Pha 100ml\/200 l\u00edt n\u01b0\u1edbc.<\/li>\n<li>S\u1eed d\u1ee5ng khi c\u00e2y b\u1ecb s\u1ed1c nhi\u1ec7t, s\u1ed1c n\u01b0\u1edbc ho\u1eb7c \u0111i\u1ec1u ki\u1ec7n th\u1eddi ti\u1ebft b\u1ea5t l\u1ee3i<\/li>\n<li>Phun ho\u1eb7c t\u01b0\u1edbi v\u00e0o s\u00e1ng s\u1edbm ho\u1eb7c tr\u1eddi m\u00e1t. N\u00ean k\u1ebft h\u1ee3p v\u1edbi 1 chai amino combi \u0111\u1ec3 t\u0103ng hi\u1ec7u qu\u1ea3 s\u1eed d\u1ee5ng.<\/li>\n<\/ul>\n","protected":false},"excerpt":{"rendered":"<p>TH\u00c0NH PH\u1ea6N: Amino axit : 6%; Mangie (Mg): 0,5; S\u1eaft (Fe): 0,5%; K\u1ebdm(Zn): 1,2 %; Mangan (Mn): 0,6%; Boron (B): 2100 ppm, Atonik: 800ppm; Hormone sinh tr\u01b0\u1edfng th\u1ef1c v\u1eadt\u00a0th\u1ebf h\u1ec7 4 C\u00d4NG D\u1ee4NG Gi\u00fap gi\u1ea3m r\u1ee5ng hoa v\u00e0 tr\u00e1i t\u1ee9c th\u1eddi khi b\u1ecb s\u1ed1c n\u01b0\u1edbc, s\u1ed1c nhi\u1ec7t. Ch\u1ed1ng r\u1ee5ng hoa, r\u1ee5ng tr\u00e1i. Th\u00fac \u0111\u1ea9y s\u1ef1 [&#8230;]\n","protected":false},"featured_media":1625,"comment_status":"open","ping_status":"closed","template":"","meta":{"_acf_changed":false},"pwb-brand":[],"product_cat":[209,216,218,208,212,197],"product_tag":[],"yst_prominent_words":[],"class_list":["post-1136","product","type-product","status-publish","has-post-thumbnail","hentry","product_cat-nuoi-trai-duong-trai","product_cat-phan-bon-la","product_cat-san-pham","product_cat-tao-mam-hoa-ra-hoa-dau-qua","product_cat-theo-cong-dung","product_cat-theo-giai-doan-sinh-truong","add-to-wishlist-after_add_to_cart"],"acf":[],"brands":[],"_links":{"self":[{"href":"https:\/\/nonghoaxanh.vn\/en\/wp-json\/wp\/v2\/product\/1136","targetHints":{"allow":["GET"]}}],"collection":[{"href":"https:\/\/nonghoaxanh.vn\/en\/wp-json\/wp\/v2\/product"}],"about":[{"href":"https:\/\/nonghoaxanh.vn\/en\/wp-json\/wp\/v2\/types\/product"}],"replies":[{"embeddable":true,"href":"https:\/\/nonghoaxanh.vn\/en\/wp-json\/wp\/v2\/comments?post=1136"}],"wp:featuredmedia":[{"embeddable":true,"href":"https:\/\/nonghoaxanh.vn\/en\/wp-json\/wp\/v2\/media\/1625"}],"wp:attachment":[{"href":"https:\/\/nonghoaxanh.vn\/en\/wp-json\/wp\/v2\/media?parent=1136"}],"wp:term":[{"taxonomy":"pwb-brand","embeddable":true,"href":"https:\/\/nonghoaxanh.vn\/en\/wp-json\/wp\/v2\/pwb-brand?post=1136"},{"taxonomy":"product_cat","embeddable":true,"href":"https:\/\/nonghoaxanh.vn\/en\/wp-json\/wp\/v2\/product_cat?post=1136"},{"taxonomy":"product_tag","embeddable":true,"href":"https:\/\/nonghoaxanh.vn\/en\/wp-json\/wp\/v2\/product_tag?post=1136"},{"taxonomy":"yst_prominent_words","embeddable":true,"href":"https:\/\/nonghoaxanh.vn\/en\/wp-json\/wp\/v2\/yst_prominent_words?post=1136"}],"curies":[{"name":"wp","href":"https:\/\/api.w.org\/{rel}","templated":true}]}}