



{"id":1134,"date":"2024-04-11T19:20:49","date_gmt":"2024-04-11T12:20:49","guid":{"rendered":"https:\/\/nonghoaxanh.com\/?post_type=product&#038;p=1134"},"modified":"2024-07-10T09:33:31","modified_gmt":"2024-07-10T02:33:31","slug":"sieu-vot-dot","status":"publish","type":"product","link":"https:\/\/nonghoaxanh.vn\/en\/san-pham\/sieu-vot-dot\/","title":{"rendered":"SI\u00caU V\u1eccT \u0110\u1eccT"},"content":{"rendered":"<p><strong>\u00a0<\/strong><strong>TH\u00c0NH PH\u1ea6N:<\/strong><\/p>\n<p>\u0110\u1ea1m (N<sub>ts<\/sub>): 12%; L\u00e2n (P<sub>\u00ad2<\/sub>O<sub>5hh<\/sub>): 3%; Kali (K<sub>2<\/sub>O\u00ad<sub>hh<\/sub>):3%; Humic acid : 5%; Mangie (Mg): 0,75; S\u1eaft (Fe) : 0,8%; K\u1ebdm (Zn): 0,5%; Mangan (Mn): 0,6%; Boron (B): 200 ppm, GA3: 320ppm; NAA: 500ppm;<\/p>\n<p><strong>C\u00d4NG D\u1ee4NG<\/strong><\/p>\n<ul>\n<li>K\u00edch th\u00edch sinh tr\u01b0\u1edfng, gi\u00fap c\u00e2y \u0111i \u0111\u1ecdt m\u1ea1nh, k\u00e9o \u0111\u1ecdt d\u00e0i,l\u00e1 xanh d\u00e0y, th\u00e2n to m\u1eadp.<\/li>\n<li>Gi\u1ea3m th\u1eddi gian sinh tr\u01b0\u1edfng c\u1ee7a c\u00e2y, n\u00e2ng cao n\u0103ng su\u1ea5t.<\/li>\n<\/ul>\n<p><strong>H\u01af\u1edaNG D\u1eaaN S\u1eec D\u1ee4NG:<\/strong><\/p>\n<ul>\n<li>Phun qua l\u00e1: Pha 500ml\/400 l\u00edt n\u01b0\u1edbc.<\/li>\n<li>Phun ho\u1eb7c t\u01b0\u1edbi v\u00e0o s\u00e1ng s\u1edbm ho\u1eb7c tr\u1eddi m\u00e1t. \u0110\u1ecbnh k\u1ef3 7-10 ng\u00e0y\/l\u1ea7n.<\/li>\n<\/ul>\n","protected":false},"excerpt":{"rendered":"<p><strong>\u0110\u00c2M CH\u1ed4I M\u1ea0NH &#8211; BUNG \u0110\u1eccT NHANH &#8211; L\u00c1 XANH D\u00c0Y &#8211; TH\u00c2N TO KH\u1eceE<\/strong><\/p>\n","protected":false},"featured_media":1313,"comment_status":"open","ping_status":"closed","template":"","meta":{"_acf_changed":false},"pwb-brand":[],"product_cat":[218,207,197],"product_tag":[],"yst_prominent_words":[],"class_list":["post-1134","product","type-product","status-publish","has-post-thumbnail","hentry","product_cat-san-pham","product_cat-tang-truong-phuc-hoi-sau-thu-hoach","product_cat-theo-giai-doan-sinh-truong","add-to-wishlist-after_add_to_cart"],"acf":[],"brands":[],"_links":{"self":[{"href":"https:\/\/nonghoaxanh.vn\/en\/wp-json\/wp\/v2\/product\/1134","targetHints":{"allow":["GET"]}}],"collection":[{"href":"https:\/\/nonghoaxanh.vn\/en\/wp-json\/wp\/v2\/product"}],"about":[{"href":"https:\/\/nonghoaxanh.vn\/en\/wp-json\/wp\/v2\/types\/product"}],"replies":[{"embeddable":true,"href":"https:\/\/nonghoaxanh.vn\/en\/wp-json\/wp\/v2\/comments?post=1134"}],"wp:featuredmedia":[{"embeddable":true,"href":"https:\/\/nonghoaxanh.vn\/en\/wp-json\/wp\/v2\/media\/1313"}],"wp:attachment":[{"href":"https:\/\/nonghoaxanh.vn\/en\/wp-json\/wp\/v2\/media?parent=1134"}],"wp:term":[{"taxonomy":"pwb-brand","embeddable":true,"href":"https:\/\/nonghoaxanh.vn\/en\/wp-json\/wp\/v2\/pwb-brand?post=1134"},{"taxonomy":"product_cat","embeddable":true,"href":"https:\/\/nonghoaxanh.vn\/en\/wp-json\/wp\/v2\/product_cat?post=1134"},{"taxonomy":"product_tag","embeddable":true,"href":"https:\/\/nonghoaxanh.vn\/en\/wp-json\/wp\/v2\/product_tag?post=1134"},{"taxonomy":"yst_prominent_words","embeddable":true,"href":"https:\/\/nonghoaxanh.vn\/en\/wp-json\/wp\/v2\/yst_prominent_words?post=1134"}],"curies":[{"name":"wp","href":"https:\/\/api.w.org\/{rel}","templated":true}]}}