



{"id":1132,"date":"2024-04-11T18:57:13","date_gmt":"2024-04-11T11:57:13","guid":{"rendered":"https:\/\/nonghoaxanh.com\/?post_type=product&#038;p=1132"},"modified":"2024-07-10T09:34:22","modified_gmt":"2024-07-10T02:34:22","slug":"sieu-lon-trai","status":"publish","type":"product","link":"https:\/\/nonghoaxanh.vn\/en\/san-pham\/sieu-lon-trai\/","title":{"rendered":"SI\u00caU L\u1edaN TR\u00c1I"},"content":{"rendered":"<p><strong>TH\u00c0NH PH\u1ea6N:<\/strong><\/p>\n<p>\u0110\u1ea1m (N<sub>ts<\/sub>): 8%; L\u00e2n (P<sub>\u00ad2<\/sub>O<sub>5hh<\/sub>): 6%; Kali (K<sub>2<\/sub>O\u00ad<sub>hh<\/sub>):6%; Amino axit : 5%; Mangie (Mg): 0,5; S\u1eaft (Fe) : 0,5%; K\u1ebdm (Zn): 0,45%; Mangan (Mn): 0,4%; Boron (B): 2100 ppm,GA3: 300ppm; NAA: 450ppm;<\/p>\n<p><strong>C\u00d4NG D\u1ee4NG<\/strong><\/p>\n<ul>\n<li>Gi\u00fap tr\u00e1i l\u1edbn nhanh, \u0111\u1eb9p tr\u00e1i, xanh tr\u00e1i, b\u00f3ng tr\u00e1i, n\u1eb7ng k\u00fd.<\/li>\n<li>Ch\u1ed1ng r\u1ee5ng tr\u00e1i, th\u1ed1i tr\u00e1i, n\u1ee9t tr\u00e1i.<\/li>\n<\/ul>\n<p><strong>H\u01af\u1edaNG D\u1eaaN S\u1eec D\u1ee4NG:<\/strong><\/p>\n<ul>\n<li>Phun qua l\u00e1 v\u00e0 tr\u1ef1c ti\u1ebfp l\u00ean tr\u00e1i: Pha 500ml\/400 l\u00edt n\u01b0\u1edbc<\/li>\n<li>Phun ho\u1eb7c t\u01b0\u1edbi v\u00e0o s\u00e1ng s\u1edbm ho\u1eb7c tr\u1eddi m\u00e1t. \u0110\u1ecbnh k\u1ef3 7-10 ng\u00e0y\/l\u1ea7n.<\/li>\n<\/ul>\n","protected":false},"excerpt":{"rendered":"<p><strong>XANH TR\u00c1I-\u0110\u1eb8P TR\u00c1I-PH\u00cc TR\u00c1I<\/strong><\/p>\n","protected":false},"featured_media":1576,"comment_status":"open","ping_status":"closed","template":"","meta":{"_acf_changed":false},"pwb-brand":[],"product_cat":[209,216,218,212,197],"product_tag":[],"yst_prominent_words":[],"class_list":["post-1132","product","type-product","status-publish","has-post-thumbnail","hentry","product_cat-nuoi-trai-duong-trai","product_cat-phan-bon-la","product_cat-san-pham","product_cat-theo-cong-dung","product_cat-theo-giai-doan-sinh-truong","add-to-wishlist-after_add_to_cart"],"acf":[],"brands":[],"_links":{"self":[{"href":"https:\/\/nonghoaxanh.vn\/en\/wp-json\/wp\/v2\/product\/1132","targetHints":{"allow":["GET"]}}],"collection":[{"href":"https:\/\/nonghoaxanh.vn\/en\/wp-json\/wp\/v2\/product"}],"about":[{"href":"https:\/\/nonghoaxanh.vn\/en\/wp-json\/wp\/v2\/types\/product"}],"replies":[{"embeddable":true,"href":"https:\/\/nonghoaxanh.vn\/en\/wp-json\/wp\/v2\/comments?post=1132"}],"wp:featuredmedia":[{"embeddable":true,"href":"https:\/\/nonghoaxanh.vn\/en\/wp-json\/wp\/v2\/media\/1576"}],"wp:attachment":[{"href":"https:\/\/nonghoaxanh.vn\/en\/wp-json\/wp\/v2\/media?parent=1132"}],"wp:term":[{"taxonomy":"pwb-brand","embeddable":true,"href":"https:\/\/nonghoaxanh.vn\/en\/wp-json\/wp\/v2\/pwb-brand?post=1132"},{"taxonomy":"product_cat","embeddable":true,"href":"https:\/\/nonghoaxanh.vn\/en\/wp-json\/wp\/v2\/product_cat?post=1132"},{"taxonomy":"product_tag","embeddable":true,"href":"https:\/\/nonghoaxanh.vn\/en\/wp-json\/wp\/v2\/product_tag?post=1132"},{"taxonomy":"yst_prominent_words","embeddable":true,"href":"https:\/\/nonghoaxanh.vn\/en\/wp-json\/wp\/v2\/yst_prominent_words?post=1132"}],"curies":[{"name":"wp","href":"https:\/\/api.w.org\/{rel}","templated":true}]}}