



{"id":1130,"date":"2024-04-11T17:45:13","date_gmt":"2024-04-11T10:45:13","guid":{"rendered":"https:\/\/nonghoaxanh.com\/?post_type=product&#038;p=1130"},"modified":"2024-07-10T09:34:50","modified_gmt":"2024-07-10T02:34:50","slug":"canxi-bo","status":"publish","type":"product","link":"https:\/\/nonghoaxanh.vn\/en\/san-pham\/canxi-bo\/","title":{"rendered":"CANXI BO"},"content":{"rendered":"<p><strong>TH\u00c0NH PH\u1ea6N:<\/strong><\/p>\n<p>Canxi (Ca): 12%<\/p>\n<p>Boron (B): 2%<\/p>\n<p>Mangie (Mg): 0,3%<\/p>\n<p>K\u1ebdm (Zn): 450ppm<\/p>\n<p>Mangan (Mn): 400ppm %<\/p>\n<p>GA3: 300ppm<\/p>\n<p>NAA: 450ppm<\/p>\n<p>Ch\u1ea5t h\u1eefu c\u01a1 (OM): 20%<\/p>\n<p><strong>H\u01af\u1edaNG D\u1eaaN S\u1eec D\u1ee4NG:<\/strong><\/p>\n<ul>\n<li><strong><em>Giai \u0111o\u1ea1n tr\u01b0\u1edbc khi hoa n\u1edf 5-7 ng\u00e0y: <\/em><\/strong>D\u00f9ng 1 chai (500ml) pha 400 l\u00edt n\u01b0\u1edbc, phun \u01b0\u1edbt \u0111\u1ec1u c\u1ea3 c\u00e2y.<\/li>\n<li><strong><em>Giai \u0111o\u1ea1n tr\u00e1i sau khi s\u1ed5 nh\u1ecb 3-5 ng\u00e0y: <\/em><\/strong>D\u00f9ng 1 chai (500ml) pha 300 l\u00edt n\u01b0\u1edbc, phun \u01b0\u1edbt \u0111\u1ec1u c\u1ea3 c\u00e2y, phun nh\u1eafc l\u1ea1i s\u1ea1u 7 ng\u00e0y<\/li>\n<\/ul>\n<p><strong>C\u00d4NG D\u1ee4NG<\/strong><\/p>\n<ul>\n<li>Gi\u00fap ra hoa \u0111\u1ec1u v\u00e0 \u0111\u1ed3ng lo\u1ea1t, h\u1ea1t ph\u1ea5n kh\u1ecfe m\u1ea1nh, t\u0103ng t\u1ec9 l\u1ec7 th\u1ee5 ph\u1ea5n, \u0111\u1eadu tr\u00e1i.<\/li>\n<li>Ch\u1ed1ng r\u1ee5ng tr\u00e1i, th\u1ed1i tr\u00e1i, n\u1ee9t tr\u00e1i, kh\u00f4 \u0111\u1ea7u hoa, th\u1ed1i hoa do thi\u1ebfu Canxi v\u00e0 Bo.<\/li>\n<li>Gi\u00fap tr\u00e1i l\u1edbn nhanh, b\u00f3ng \u0111\u1eb9p, n\u1eb7ng k\u00fd.<\/li>\n<\/ul>\n<p><strong>VAI TR\u00d2 (Bo) \u0110\u1ed0I V\u1edaI C\u00c2Y TR\u1ed2NG<\/strong><\/p>\n<ul>\n<li>Canxi v\u00e0 Bo l\u00e0 2 th\u00e0nh ph\u1ea7n dinh d\u01b0\u1ee1ng quan tr\u1ecdng \u0111\u1ed1i v\u1edbi c\u00e2y tr\u1ed3ng \u0111\u1eb7c bi\u1ec7t trong giai \u0111o\u1ea1n ra hoa \u0111\u1eadu tr\u00e1i, \u0111\u00e2y l\u00e0 giai \u0111o\u1ea1n quy\u1ebft \u0111\u1ecbnh \u0111\u1ebfn n\u0103ng su\u1ea5t m\u00f9a v\u1ee5.<\/li>\n<li>Bo r\u1ea5t c\u1ea7n thi\u1ebft cho qu\u00e1 tr\u00ecnh ph\u00e2n chia t\u1ebf b\u00e0o v\u00e0 qu\u00e1 tr\u00ecnh th\u1ee5 ph\u1ea5n c\u1ee7a c\u00e2y. Gi\u00fap s\u1ef1 h\u00ecnh th\u00e0nh v\u00e0 ph\u00e2n ho\u00e1 m\u1ea7m hoa, t\u0103ng c\u01b0\u1eddng s\u1ee9c s\u1ed1ng h\u1ea1t ph\u1ea5n, t\u0103ng t\u1ef7 l\u1ec7 \u0111\u1eadu tr\u00e1i, gi\u00fap gi\u1ea3m r\u1ee5ng hoa v\u00e0 tr\u00e1i non.<\/li>\n<li>Bo c\u00f3 li\u00ean quan \u0111\u1ebfn qu\u00e1 tr\u00ecnh t\u1ed5ng h\u1ee3p Protein, Lipid, l\u00e0m t\u0103ng h\u00e0m l\u01b0\u1ee3ng \u0111\u01b0\u1eddng v\u00e0 c\u00e1c Vitamin trong c\u1ee7, qu\u1ea3, ng\u0103n ng\u1eeba s\u1ef1 th\u1ed1i r\u1eefa, gi\u00fap b\u1ea3o qu\u1ea3n n\u00f4ng s\u1ea3n \u0111\u01b0\u1ee3c l\u00e2u sau thu ho\u1ea1ch.<\/li>\n<li>Bo \u1ea3nh h\u01b0\u1edfng \u0111\u1ebfn s\u1ef1 h\u1ea5p thu v\u00e0 s\u1eed d\u1ee5ng canxi, \u0111\u1ed3ng th\u1eddi gi\u00fap \u0111i\u1ec1u ch\u1ec9nh t\u1ef7 l\u1ec7 K\/Ca trong c\u00e2y.<\/li>\n<\/ul>\n<p><strong>L\u01b0u \u00fd:<\/strong><\/p>\n<ul>\n<li>Phun t\u01b0\u1edbi v\u00e0 l\u00fac sang s\u1edbm ho\u1eb7c tr\u1eddi m\u00e1t.<\/li>\n<li>L\u1eafc \u0111\u1ec1u s\u1ea3n ph\u1ea9m tr\u01b0\u1edbc khi dung.<\/li>\n<li>B\u1ea3o qu\u1ea3n s\u1ea3n ph\u1ea9m trong m\u00e1t.<\/li>\n<li>S\u1eed d\u1ee5ng \u0111\u01b0\u1ee3c cho t\u1ea5t c\u1ea3 c\u00e2y tr\u1ed3ng<\/li>\n<\/ul>\n","protected":false},"excerpt":{"rendered":"<p>TH\u00c0NH PH\u1ea6N: Canxi (Ca): 12% Boron (B): 2% Mangie (Mg): 0,3% K\u1ebdm (Zn): 450ppm Mangan (Mn): 400ppm % GA3: 300ppm NAA: 450ppm Ch\u1ea5t h\u1eefu c\u01a1 (OM): 20% H\u01af\u1edaNG D\u1eaaN S\u1eec D\u1ee4NG: Giai \u0111o\u1ea1n tr\u01b0\u1edbc khi hoa n\u1edf 5-7 ng\u00e0y: D\u00f9ng 1 chai (500ml) pha 400 l\u00edt n\u01b0\u1edbc, phun \u01b0\u1edbt \u0111\u1ec1u c\u1ea3 c\u00e2y. Giai \u0111o\u1ea1n tr\u00e1i [&#8230;]\n","protected":false},"featured_media":1550,"comment_status":"open","ping_status":"closed","template":"","meta":{"_acf_changed":false},"pwb-brand":[],"product_cat":[209,216,218,208,212,197],"product_tag":[],"yst_prominent_words":[],"class_list":["post-1130","product","type-product","status-publish","has-post-thumbnail","hentry","product_cat-nuoi-trai-duong-trai","product_cat-phan-bon-la","product_cat-san-pham","product_cat-tao-mam-hoa-ra-hoa-dau-qua","product_cat-theo-cong-dung","product_cat-theo-giai-doan-sinh-truong","add-to-wishlist-after_add_to_cart"],"acf":[],"brands":[],"_links":{"self":[{"href":"https:\/\/nonghoaxanh.vn\/en\/wp-json\/wp\/v2\/product\/1130","targetHints":{"allow":["GET"]}}],"collection":[{"href":"https:\/\/nonghoaxanh.vn\/en\/wp-json\/wp\/v2\/product"}],"about":[{"href":"https:\/\/nonghoaxanh.vn\/en\/wp-json\/wp\/v2\/types\/product"}],"replies":[{"embeddable":true,"href":"https:\/\/nonghoaxanh.vn\/en\/wp-json\/wp\/v2\/comments?post=1130"}],"wp:featuredmedia":[{"embeddable":true,"href":"https:\/\/nonghoaxanh.vn\/en\/wp-json\/wp\/v2\/media\/1550"}],"wp:attachment":[{"href":"https:\/\/nonghoaxanh.vn\/en\/wp-json\/wp\/v2\/media?parent=1130"}],"wp:term":[{"taxonomy":"pwb-brand","embeddable":true,"href":"https:\/\/nonghoaxanh.vn\/en\/wp-json\/wp\/v2\/pwb-brand?post=1130"},{"taxonomy":"product_cat","embeddable":true,"href":"https:\/\/nonghoaxanh.vn\/en\/wp-json\/wp\/v2\/product_cat?post=1130"},{"taxonomy":"product_tag","embeddable":true,"href":"https:\/\/nonghoaxanh.vn\/en\/wp-json\/wp\/v2\/product_tag?post=1130"},{"taxonomy":"yst_prominent_words","embeddable":true,"href":"https:\/\/nonghoaxanh.vn\/en\/wp-json\/wp\/v2\/yst_prominent_words?post=1130"}],"curies":[{"name":"wp","href":"https:\/\/api.w.org\/{rel}","templated":true}]}}