



{"id":1126,"date":"2024-04-11T15:53:45","date_gmt":"2024-04-11T08:53:45","guid":{"rendered":"https:\/\/nonghoaxanh.com\/?post_type=product&#038;p=1126"},"modified":"2024-07-10T09:35:43","modified_gmt":"2024-07-10T02:35:43","slug":"kelp-green","status":"publish","type":"product","link":"https:\/\/nonghoaxanh.vn\/en\/san-pham\/kelp-green\/","title":{"rendered":"Kelp Green"},"content":{"rendered":"<p><strong>TH\u00c0NH PH\u1ea6N<\/strong><\/p>\n<p>Nitrogen (N\u00ad<sub>ts<\/sub>):2,5%; Potassium Oxide (K<sub>2<\/sub>O<sub>hh<\/sub>): 6%;H\u1eefu c\u01a1 (OM): 36%; Auxin 480mg\/L; Cytokinin 60mg\/L; B\u1ed5 sung vi l\u01b0\u1ee3ng Zn, Fe, Cu, Mo, Mn, Bo.<\/p>\n<p><strong>C\u00d4NG D\u1ee4NG<\/strong><\/p>\n<ul>\n<li>L\u00e0 ch\u1ea5t k\u00edch th\u00edch sinh tr\u01b0\u1edfng t\u1ef1 nhi\u00ean t\u1eeb T\u1ea2O BI\u1ec2N (\u00daC) n\u00ean c\u00e2y d\u1ec5 h\u1ea5p thu.<\/li>\n<li>Seaweed gi\u00fap gia t\u0103ng t\u1ef7 l\u1ec7 n\u1ea9y m\u1ea7m, k\u00edch th\u00edch m\u1ea7m m\u1ecdc m\u1ea1nh, k\u00edch th\u00edch b\u1ed9 r\u1ec5 ph\u00e1t tri\u1ec3n gi\u00fap c\u00e2y sinh tr\u01b0\u1edfng c\u00e2n \u0111\u1ed1i, t\u0103ng t\u1ef7 l\u1ec7 h\u1ea5p thu v\u00e0 hi\u1ec7u l\u1ef1c c\u1ee7a ph\u00e2n b\u00f3n.<\/li>\n<li>H\u00e0m l\u01b0\u1ee3ng Auxin v\u00e0 Cytokinin cao v\u00e0 c\u00f3 t\u1ef7 l\u1ec7 l\u00e0 8:1 r\u1ea5t ph\u00f9 h\u1ee3p \u0111\u1ec3 ph\u00e1t tri\u1ec3n c\u00e2y con, \u1ee9ng d\u1ee5ng nh\u00e2n gi\u1ed1ng, ph\u00e1t tri\u1ec3n c\u00e2y tr\u01b0\u1edfng th\u00e0nh v\u00e0 c\u00e2y l\u00e2u n\u0103m.<\/li>\n<li>C\u1ea3i thi\u1ec7n hoa, t\u0103ng \u0111\u1eadu tr\u00e1i v\u00e0 gi\u00fap tr\u00e1i nhanh l\u1edbn.<\/li>\n<li>Gi\u00fap c\u00e2y ch\u1ed1ng ch\u1ecbu \u0111i\u1ec1u ki\u1ec7n b\u1ea5t l\u1ee3i c\u1ee7a m\u00f4i tr\u01b0\u1eddng, ch\u1ed1ng h\u1ea1n, ch\u1ed1ng b\u1ec7nh, gi\u1ea3m t\u00e1c h\u1ea1i c\u1ee7a \u0111\u1ed9c t\u1ed1 cho c\u00e2y tr\u1ed3ng c\u00f3 trong \u0111\u1ea5t, xua \u0111u\u1ed5i con tr\u00f9ng g\u00e2y h\u1ea1i.<\/li>\n<\/ul>\n<p><strong>\u0110\u1eb6C \u0110I\u1ec2M<\/strong><\/p>\n<ul>\n<li>T\u1ea3o bi\u1ec3n xanh m\u1ed9t trong nh\u1eefng ngu\u1ed3n vi ch\u1ea5t dinh d\u01b0\u1ee1ng d\u1ed3i d\u00e0o nh\u1ea5t th\u1ebf gi\u1edbi, axit alginic, axit amin thi\u1ebft y\u1ebfu, kho\u00e1ng ch\u1ea5t v\u00e0 c\u00e1c h\u1ee3p ch\u1ea5t h\u1eefu c\u01a1 ph\u1ee9c t\u1ea1p kh\u00e1c. C\u00e1c ch\u1ea5t th\u00fac \u0111\u1ea9y t\u0103ng tr\u01b0\u1edfng c\u1ee7a n\u00f3 (Auxins, Cytokinins, Gibberellins) gi\u00fap t\u0103ng c\u01b0\u1eddng s\u1ef1 ph\u00e1t tri\u1ec3n, m\u00e0u s\u1eafc (Hoa c\u00f3 m\u00e0u s\u1eafc v\u00e0 \u0111\u1ed9 n\u1edf nhi\u1ec1u h\u01a1n, s\u1eb7c s\u1ee1 h\u01a1n v\u00e0 l\u00e2u t\u00e0n h\u01a1n) v\u00e0 s\u1ee9c s\u1ed1ng c\u1ee7a c\u00e2y.<\/li>\n<li>Th\u00fac \u0111\u1ea9y b\u1ed9 r\u1ec5 ph\u00e1t tri\u1ec3n nhanh v\u00e0 to, l\u00e1 xanh, b\u1eadt ch\u1ed3i..<\/li>\n<li>T\u0103ng c\u01b0\u1eddng kh\u1ea3 n\u0103ng \u0111\u1ec1 kh\u00e1ng cho c\u00e2y tr\u1ed3ng, gi\u00fap cho c\u00e2y tr\u1ed3ng kh\u1ecfe m\u1ea1nh; ch\u1ed1ng stress, ch\u1ed1ng b\u1ec7nh th\u1ef1c v\u1eadt v\u00e0 c\u00f4n tr\u00f9ng g\u00e2y h\u1ea1i.<\/li>\n<li>Cung c\u1ea5p nhi\u1ec1u ch\u1ea5t dinh d\u01b0\u1ee1ng cho c\u00e2y tr\u1ed3ng, c\u1ea3i thi\u1ec7n ch\u1ea5t l\u01b0\u1ee3ng c\u00e2y tr\u1ed3ng, gi\u00fap t\u0103ng n\u00e2ng su\u1ea5t t\u1eeb 15-30%.<\/li>\n<li>Gi\u00fap c\u00e2y t\u01a1i x\u1ed1p, kh\u1eed ph\u00e8n, gi\u1ea3i \u0111\u1ed9c h\u1eefu c\u01a1, n\u00e2ng PH \u0111\u1ea5t, gi\u1eef \u1ea9m cho \u0111\u1ea5t<\/li>\n<\/ul>\n<p><strong>H\u01af\u1edaNG D\u1eaaN S\u1eec D\u1ee4NG<\/strong><\/p>\n<ul>\n<li>Phun:\u00a0Pha 500ml\/ 400 l\u00edt n\u01b0\u1edbc cho m\u1ed7i l\u1ea7n, t\u01b0\u01a1ng \u0111\u01b0\u1edbng 20-25ml\/ b\u00ecnh phun 16-25 l\u00edt (t\u00f9y v\u00e0o \u0111\u1ed1i t\u01b0\u1ee3ng c\u00e2y tr\u1ed3ng v\u00e0 d\u1ee5ng c\u1ee5 phun).<\/li>\n<li>T\u01b0\u1edbi:\u00a01-2ml\/ l\u00edt n\u01b0\u1edbc t\u01b0\u1edbi theo chu vi t\u00e1n c\u00e2y, t\u00f9y theo c\u00e2y l\u1edbn nh\u1ecf m\u00e0 \u0111i\u1ec1u ch\u1ec9nh l\u01b0\u1ee3ng n\u01b0\u1edbc cho ph\u00f9 h\u1ee3p.<\/li>\n<li>D\u00f9ng cho th\u1ee7y canh:\u00a01-2ml\/ l\u00edt dung d\u1ecbch th\u1ee7y canh.<\/li>\n<li>\u01af\u01a1m c\u00e2y gi\u1ed1ng:\u00a0pha 1-2ml\/ l\u00edt n\u01b0\u1edbc cho c\u00e2y con khi m\u1edbi v\u00e0o b\u1ea7u ho\u1eb7c tr\u1ed9n v\u00e0o h\u1ed7n h\u1ee3p b\u1ea7u \u0111\u1ea5t. Tr\u01b0\u1eddng h\u1ee3p c\u1ea5y c\u00e2y con, nh\u00fang r\u1ec5 c\u00e2y con v\u00e0o dung d\u1ecbch kelpit 1% th\u1eddi gian 2-3 ph\u00fat.<\/li>\n<li>Phun qua l\u00e1 \u0111\u1ecbnh k\u1ef3 7-10 ng\u00e0y\/l\u1ea7n, t\u01b0\u1edbi g\u1ed1c 15 -20 ng\u00e0y\/ l\u1ea7n.<\/li>\n<li>Ng\u1eebng t\u01b0\u1edbi ph\u00e2n 15 ng\u00e0y tr\u01b0\u1edbc khi thu ho\u1ea1ch.<\/li>\n<\/ul>\n<p><strong>L\u01afU \u00dd:<\/strong><\/p>\n<ul>\n<li>Phun t\u01b0\u1edbi v\u00e0 l\u00fac s\u00e1ng s\u1edbm ho\u1eb7c tr\u1eddi m\u00e1t.<\/li>\n<li>L\u1eafc \u0111\u1ec1u s\u1ea3n ph\u1ea9m tr\u01b0\u1edbc khi dung.<\/li>\n<li>B\u1ea3o qu\u1ea3n s\u1ea3n ph\u1ea9m trong m\u00e1t.<\/li>\n<li>S\u1eed d\u1ee5ng \u0111\u01b0\u1ee3c cho t\u1ea5t c\u1ea3 c\u00e2y tr\u1ed3ng<\/li>\n<\/ul>\n","protected":false},"excerpt":{"rendered":"<p>TH\u00c0NH PH\u1ea6N Nitrogen (N\u00adts):2,5%; Potassium Oxide (K2Ohh): 6%;H\u1eefu c\u01a1 (OM): 36%; Auxin 480mg\/L; Cytokinin 60mg\/L; B\u1ed5 sung vi l\u01b0\u1ee3ng Zn, Fe, Cu, Mo, Mn, Bo. C\u00d4NG D\u1ee4NG L\u00e0 ch\u1ea5t k\u00edch th\u00edch sinh tr\u01b0\u1edfng t\u1ef1 nhi\u00ean t\u1eeb T\u1ea2O BI\u1ec2N (\u00daC) n\u00ean c\u00e2y d\u1ec5 h\u1ea5p thu. Seaweed gi\u00fap gia t\u0103ng t\u1ef7 l\u1ec7 n\u1ea9y m\u1ea7m, k\u00edch th\u00edch m\u1ea7m [&#8230;]\n","protected":false},"featured_media":1557,"comment_status":"open","ping_status":"closed","template":"","meta":{"_acf_changed":false},"pwb-brand":[],"product_cat":[218,207,197],"product_tag":[],"yst_prominent_words":[],"class_list":["post-1126","product","type-product","status-publish","has-post-thumbnail","hentry","product_cat-san-pham","product_cat-tang-truong-phuc-hoi-sau-thu-hoach","product_cat-theo-giai-doan-sinh-truong","add-to-wishlist-after_add_to_cart"],"acf":[],"brands":[],"_links":{"self":[{"href":"https:\/\/nonghoaxanh.vn\/en\/wp-json\/wp\/v2\/product\/1126","targetHints":{"allow":["GET"]}}],"collection":[{"href":"https:\/\/nonghoaxanh.vn\/en\/wp-json\/wp\/v2\/product"}],"about":[{"href":"https:\/\/nonghoaxanh.vn\/en\/wp-json\/wp\/v2\/types\/product"}],"replies":[{"embeddable":true,"href":"https:\/\/nonghoaxanh.vn\/en\/wp-json\/wp\/v2\/comments?post=1126"}],"wp:featuredmedia":[{"embeddable":true,"href":"https:\/\/nonghoaxanh.vn\/en\/wp-json\/wp\/v2\/media\/1557"}],"wp:attachment":[{"href":"https:\/\/nonghoaxanh.vn\/en\/wp-json\/wp\/v2\/media?parent=1126"}],"wp:term":[{"taxonomy":"pwb-brand","embeddable":true,"href":"https:\/\/nonghoaxanh.vn\/en\/wp-json\/wp\/v2\/pwb-brand?post=1126"},{"taxonomy":"product_cat","embeddable":true,"href":"https:\/\/nonghoaxanh.vn\/en\/wp-json\/wp\/v2\/product_cat?post=1126"},{"taxonomy":"product_tag","embeddable":true,"href":"https:\/\/nonghoaxanh.vn\/en\/wp-json\/wp\/v2\/product_tag?post=1126"},{"taxonomy":"yst_prominent_words","embeddable":true,"href":"https:\/\/nonghoaxanh.vn\/en\/wp-json\/wp\/v2\/yst_prominent_words?post=1126"}],"curies":[{"name":"wp","href":"https:\/\/api.w.org\/{rel}","templated":true}]}}