



{"id":1121,"date":"2024-04-11T12:29:48","date_gmt":"2024-04-11T05:29:48","guid":{"rendered":"https:\/\/nonghoaxanh.com\/?post_type=product&#038;p=1121"},"modified":"2026-02-14T23:23:36","modified_gmt":"2026-02-14T16:23:36","slug":"bio-growth","status":"publish","type":"product","link":"https:\/\/nonghoaxanh.vn\/en\/san-pham\/bio-growth\/","title":{"rendered":"BiO Good"},"content":{"rendered":"<p><strong>TH\u00c0NH PH\u1ea6N<\/strong><\/p>\n<p>Ch\u1ea5t h\u1eefu c\u01a1 (OM) 40%<\/p>\n<p>Acid Humic\/Fulvic:\u00a0 25%;<\/p>\n<p>Nitrogen(NO<sub>3<\/sub><sup>&#8211;<\/sup>+NH<sub>4<\/sub><sup>+<\/sup><sub>,<\/sub>N\u00ad<sub>ts<\/sub>):3%<\/p>\n<p>Potassium Oxide (K<sub>2<\/sub>O<sub>hh<\/sub>): 5%<\/p>\n<p>T\u1ea3o bi\u1ec3n: 6%, Amino t\u1ef1 do: 8%<\/p>\n<p><strong>C\u00d4NG D\u1ee4NG<\/strong><\/p>\n<ul>\n<li>K\u00edch th\u00edch ra r\u1ec5 m\u1ea1nh, k\u00e9o \u0111\u1ecdt nhanh, l\u00e1 to d\u00e0y, r\u1ec5 kh\u1ecfe.<\/li>\n<li>Giai \u0111o\u1ea1n nu\u00f4i tr\u00e1i (tr\u00e1i t\u1eeb 70-75 ng\u00e0y tu\u1ed5i): Gi\u00fap tr\u00e1i l\u1edbn nhanh, kh\u00f4ng b\u1ecb s\u01b0\u1ee3ng c\u01a1m, gai nh\u00edm, c\u01a1m v\u00e0ng.<\/li>\n<li>Cung c\u1ea5p ngu\u1ed3n h\u1eefu c\u01a1 v\u00e0 h\u1ec7 Vi sinh c\u00f3 l\u1ee3i cho \u0111\u1ea5t.<\/li>\n<li>Ph\u1ee5c h\u1ed3i c\u00e2y sau thu ho\u1ea1ch, c\u00e2y b\u1ecb b\u1ec7nh, nhi\u1ec5m m\u1eb7n<\/li>\n<\/ul>\n<p><strong>\u0110\u1eb6C \u0110I\u1ec2M<\/strong><\/p>\n<ul>\n<li><strong>Bio Growth<\/strong> l\u00e0 s\u1ea3n ph\u1ea9m h\u1eefu c\u01a1 sinh h\u1ecdc \u0111\u01b0\u1ee3c nh\u1eadp kh\u1ea9u tr\u1ef1c ti\u1ebfp t\u1eeb nh\u00e0 s\u1ea3n xu\u1ea5t ph\u00e2n b\u00f3n h\u1eefu c\u01a1 n\u1ed5i ti\u1ebfng Omnia (Australia)<\/li>\n<li><strong>Bio Growth<\/strong> ch\u1ee9a h\u00e0m l\u01b0\u1ee3ng Acid humic v\u00e0 Fulvic \u0111\u00e3 ho\u1ea1t h\u00f3a, gi\u00e0u h\u1eefu c\u01a1 t\u1ef1 nhi\u00ean, axit amin v\u00e0 kho\u00e1ng ch\u1ea5t gi\u00fap c\u00e2y tr\u1ed3ng ph\u00e1t tri\u1ec3n v\u01b0\u1ee3t b\u1eadc, cho n\u0103ng su\u1ea5t cao.<\/li>\n<li>\u0110\u1eb7c bi\u1ec7t <strong>Bio Growth<\/strong> cung c\u1ea5p h\u1ec7 vi sinh v\u1eadt gi\u00fap t\u0103ng kh\u1ea3 n\u0103ng h\u1ea5p th\u1ee5 ph\u00e2n b\u00f3n cho c\u00e2y, gi\u00fap ph\u00e2n gi\u1ea3i nhanh c\u00e1c h\u1ee3p ch\u1ea5t h\u1eefu c\u01a1 trong \u0111\u1ea5t, g\u00f3p ph\u1ea7n c\u1ea3i t\u1ea1o \u0111\u1ea5t, t\u0103ng \u0111\u1ed9 pH, h\u1ea1 ph\u00e8n \u1ed5n \u0111\u1ecbnh m\u00f4i tr\u01b0\u1eddng sinh th\u00e1i \u0111\u1ea5t.<\/li>\n<\/ul>\n<p><strong>H\u01af\u1edaNG D\u1eaaN S\u1eec D\u1ee4NG<\/strong><\/p>\n<p>Pha 1 l\u00edt <strong>Bio Growth<\/strong> cho 600-800 l\u00edt n\u01b0\u1edbc t\u00f9y thu\u1ed9c v\u00e0o giai \u0111o\u1ea1n sinh tr\u01b0\u1edfng c\u1ee7a c\u00e2y.<\/p>\n<ul>\n<li>Giai \u0111o\u1ea1n c\u00e2y con: S\u1eed d\u1ee5ng 10 -15 l\u00edt phun v\u00e0 t\u01b0\u1edbi cho 1 ha.<\/li>\n<li>Giai \u0111o\u1ea1n sinh tr\u01b0\u1edfng, tr\u01b0\u1edbc khi ra hoa, nu\u00f4i tr\u00e1i v\u00e0 ph\u1ee5c h\u1ed3i c\u00e2y sau khi thu ho\u1ea1ch: S\u1eed d\u1ee5ng 20 -25 l\u00edt phun v\u00e0 t\u01b0\u1edbi cho 1 ha.<\/li>\n<li>Phun\/t\u01b0\u1edbi \u0111\u1ecbnh k\u1ef3 15 -20 ng\u00e0y\/ l\u1ea7n.<\/li>\n<li>T\u01b0\u1edbi nh\u1eafc l\u1ea1i sau 10 ng\u00e0y. Ng\u1eebng t\u01b0\u1edbi ph\u00e2n 15 ng\u00e0y tr\u01b0\u1edbc khi thu ho\u1ea1ch.<\/li>\n<\/ul>\n<p><strong>L\u01b0u \u00fd:<\/strong><\/p>\n<ul>\n<li>Phun t\u01b0\u1edbi v\u00e0o l\u00fac s\u00e1ng s\u1edbm ho\u1eb7c tr\u1eddi m\u00e1t.<\/li>\n<li>B\u1ea3o qu\u1ea3n s\u1ea3n ph\u1ea9m trong m\u00e1t.<\/li>\n<li>S\u1eed d\u1ee5ng \u0111\u01b0\u1ee3c cho t\u1ea5t c\u1ea3 c\u00e2y tr\u1ed3ng<\/li>\n<\/ul>\n","protected":false},"excerpt":{"rendered":"<p>TH\u00c0NH PH\u1ea6N Ch\u1ea5t h\u1eefu c\u01a1 (OM) 40% Acid Humic\/Fulvic:\u00a0 25%; Nitrogen(NO3&#8211;+NH4+,N\u00adts):3% Potassium Oxide (K2Ohh): 5% T\u1ea3o bi\u1ec3n: 6%, Amino t\u1ef1 do: 8% C\u00d4NG D\u1ee4NG K\u00edch th\u00edch ra r\u1ec5 m\u1ea1nh, k\u00e9o \u0111\u1ecdt nhanh, l\u00e1 to d\u00e0y, r\u1ec5 kh\u1ecfe. Giai \u0111o\u1ea1n nu\u00f4i tr\u00e1i (tr\u00e1i t\u1eeb 70-75 ng\u00e0y tu\u1ed5i): Gi\u00fap tr\u00e1i l\u1edbn nhanh, kh\u00f4ng b\u1ecb s\u01b0\u1ee3ng c\u01a1m, gai [&#8230;]\n","protected":false},"featured_media":1284,"comment_status":"open","ping_status":"closed","template":"","meta":{"_acf_changed":false},"pwb-brand":[],"product_cat":[213,214,218,207,212,197],"product_tag":[],"yst_prominent_words":[],"class_list":["post-1121","product","type-product","status-publish","has-post-thumbnail","hentry","product_cat-phan-bon-huu-co-sinh-hoc-nhap-khau","product_cat-phan-bon-re","product_cat-san-pham","product_cat-tang-truong-phuc-hoi-sau-thu-hoach","product_cat-theo-cong-dung","product_cat-theo-giai-doan-sinh-truong","add-to-wishlist-after_add_to_cart"],"acf":[],"brands":[],"_links":{"self":[{"href":"https:\/\/nonghoaxanh.vn\/en\/wp-json\/wp\/v2\/product\/1121","targetHints":{"allow":["GET"]}}],"collection":[{"href":"https:\/\/nonghoaxanh.vn\/en\/wp-json\/wp\/v2\/product"}],"about":[{"href":"https:\/\/nonghoaxanh.vn\/en\/wp-json\/wp\/v2\/types\/product"}],"replies":[{"embeddable":true,"href":"https:\/\/nonghoaxanh.vn\/en\/wp-json\/wp\/v2\/comments?post=1121"}],"wp:featuredmedia":[{"embeddable":true,"href":"https:\/\/nonghoaxanh.vn\/en\/wp-json\/wp\/v2\/media\/1284"}],"wp:attachment":[{"href":"https:\/\/nonghoaxanh.vn\/en\/wp-json\/wp\/v2\/media?parent=1121"}],"wp:term":[{"taxonomy":"pwb-brand","embeddable":true,"href":"https:\/\/nonghoaxanh.vn\/en\/wp-json\/wp\/v2\/pwb-brand?post=1121"},{"taxonomy":"product_cat","embeddable":true,"href":"https:\/\/nonghoaxanh.vn\/en\/wp-json\/wp\/v2\/product_cat?post=1121"},{"taxonomy":"product_tag","embeddable":true,"href":"https:\/\/nonghoaxanh.vn\/en\/wp-json\/wp\/v2\/product_tag?post=1121"},{"taxonomy":"yst_prominent_words","embeddable":true,"href":"https:\/\/nonghoaxanh.vn\/en\/wp-json\/wp\/v2\/yst_prominent_words?post=1121"}],"curies":[{"name":"wp","href":"https:\/\/api.w.org\/{rel}","templated":true}]}}